{"id":8,"date":"2025-04-23T11:49:27","date_gmt":"2025-04-23T11:49:27","guid":{"rendered":"https:\/\/www.ce.ufpb.br\/nedesp\/?page_id=8"},"modified":"2025-04-23T09:41:38","modified_gmt":"2025-04-23T12:41:38","slug":"apresentacao","status":"publish","type":"page","link":"https:\/\/www.ce.ufpb.br\/nedesp\/apresentacao\/","title":{"rendered":"Apresenta\u00e7\u00e3o"},"content":{"rendered":"\n<p>Situado no Centro de Educa\u00e7\u00e3o e vinculado ao Comit\u00ea de Inclus\u00e3o e Acessibilidade&nbsp;da UFPB, o N\u00facleo de Educa\u00e7\u00e3o Especial (Nedesp), sediado em Jo\u00e3o Pessoa, atende&nbsp;alunos com defici\u00eancias sensoriais e neurodiverg\u00eancias matriculados nos cursos de&nbsp;gradua\u00e7\u00e3o e p\u00f3s. Tamb\u00e9m promove cursos de extens\u00e3o (em Libras) e capacita\u00e7\u00f5es (em&nbsp;Introdu\u00e7\u00e3o ao Sistema Braille e \u00e0s Tecnologias Assistivas, Acessibilidade&nbsp;Atitudinal e Audiodescri\u00e7\u00e3o) voltados para professores, servidores&nbsp;t\u00e9cnico-administrativos e estudantes de dentro e fora da academia. O Nedesp \u00e9&nbsp;campo de est\u00e1gio supervisionado para os estudantes da Licenciatura de Pedagogia&nbsp;realizarem avalia\u00e7\u00e3o pedag\u00f3gica com pacientes com dist\u00farbios de aprendizagem,&nbsp;transtornos mentais e\/ou demais necessidades educacionais espec\u00edficas<\/p>\n\n\n\n<p><\/p>\n","protected":false},"excerpt":{"rendered":"<p>O Nedesp atende\u00a0alunos com defici\u00eancias sensoriais e neurodiverg\u00eancias matriculados nos cursos de\u00a0gradua\u00e7\u00e3o e p\u00f3s. Tamb\u00e9m promove cursos de extens\u00e3o (em Libras) e capacita\u00e7\u00f5es (em\u00a0Introdu\u00e7\u00e3o ao Sistema Braille e \u00e0s Tecnologias Assistivas, Acessibilidade\u00a0Atitudinal e Audiodescri\u00e7\u00e3o) voltados para professores, servidores\u00a0t\u00e9cnico-administrativos e estudantes de dentro e fora da academia. <\/p>\n","protected":false},"author":47,"featured_media":10,"parent":0,"menu_order":0,"comment_status":"closed","ping_status":"closed","template":"","meta":{"footnotes":""},"class_list":["post-8","page","type-page","status-publish","has-post-thumbnail","hentry"],"_links":{"self":[{"href":"https:\/\/www.ce.ufpb.br\/nedesp\/wp-json\/wp\/v2\/pages\/8","targetHints":{"allow":["GET"]}}],"collection":[{"href":"https:\/\/www.ce.ufpb.br\/nedesp\/wp-json\/wp\/v2\/pages"}],"about":[{"href":"https:\/\/www.ce.ufpb.br\/nedesp\/wp-json\/wp\/v2\/types\/page"}],"author":[{"embeddable":true,"href":"https:\/\/www.ce.ufpb.br\/nedesp\/wp-json\/wp\/v2\/users\/47"}],"replies":[{"embeddable":true,"href":"https:\/\/www.ce.ufpb.br\/nedesp\/wp-json\/wp\/v2\/comments?post=8"}],"version-history":[{"count":2,"href":"https:\/\/www.ce.ufpb.br\/nedesp\/wp-json\/wp\/v2\/pages\/8\/revisions"}],"predecessor-version":[{"id":11,"href":"https:\/\/www.ce.ufpb.br\/nedesp\/wp-json\/wp\/v2\/pages\/8\/revisions\/11"}],"wp:featuredmedia":[{"embeddable":true,"href":"https:\/\/www.ce.ufpb.br\/nedesp\/wp-json\/wp\/v2\/media\/10"}],"wp:attachment":[{"href":"https:\/\/www.ce.ufpb.br\/nedesp\/wp-json\/wp\/v2\/media?parent=8"}],"curies":[{"name":"wp","href":"https:\/\/api.w.org\/{rel}","templated":true}]}}