{"id":30,"date":"2025-04-23T12:22:41","date_gmt":"2025-04-23T12:22:41","guid":{"rendered":"https:\/\/www.ce.ufpb.br\/nedesp\/?page_id=30"},"modified":"2025-04-23T09:41:38","modified_gmt":"2025-04-23T12:41:38","slug":"como-chegar","status":"publish","type":"page","link":"https:\/\/www.ce.ufpb.br\/nedesp\/como-chegar\/","title":{"rendered":"Como chegar"},"content":{"rendered":"\n<p>Voc\u00ea conhece o Nedesp? O n\u00facleo funciona de segunda a sexta-feira, das 7h \u00e0s 19h, com duas salas: uma voltada para os trabalhos de adapta\u00e7\u00e3o, transcri\u00e7\u00e3o e revis\u00e3o de materiais e a outra, destinada aos estudantes cegos e de baixa vis\u00e3o, dotada de PCs e demais equipamentos de tecnologia assistiva, para que estudem.<\/p>\n\n\n\n<p><strong>Para quem enxerga:<\/strong><\/p>\n\n\n\n<p>O&nbsp;Nedesp fica localizado no Centro de Educa\u00e7\u00e3o, entre os blocos das Dire\u00e7\u00f5es de Centro do CE e do Centro de Ci\u00eancias Sociais Aplicadas (CCSA).<\/p>\n\n\n\n<p><strong>Para quem N\u00c3O enxerga e vem a p\u00e9:<\/strong><\/p>\n\n\n\n<p>Existe uma grande passarela que liga o Centro de Ci\u00eancias Humanas, Letras e Artes (CCHLA), a partir desta entrada da universidade, at\u00e9 o Nedesp. Este corredor praticamente principia na Pra\u00e7a da Alegria, local de grande concentra\u00e7\u00e3o de estudantes, caf\u00e9 e burburinho art\u00edstico. De l\u00e1, o caminhante segue reto, passando por blocos pertencentes ao CCHLA, at\u00e9 chegar \u00e0 Pra\u00e7a do Centro de Educa\u00e7\u00e3o. O segundo bloco depois da pracinha do CE, \u00e0 esquerda, \u00e9 onde fica o Nedesp. O ambiente de trabalho situa-se na quarta porta \u00e0 direita, com sinaliza\u00e7\u00e3o em Braille.<\/p>\n","protected":false},"excerpt":{"rendered":"<p>Voc\u00ea conhece o Nedesp? O n\u00facleo funciona de segunda a sexta-feira, das 7h \u00e0s 19h, com duas salas: uma voltada para os trabalhos de adapta\u00e7\u00e3o, transcri\u00e7\u00e3o e revis\u00e3o de materiais e a outra, destinada aos estudantes cegos e de baixa vis\u00e3o, dotada de PCs e demais equipamentos de tecnologia assistiva, para que estudem. Para quem [&hellip;]<\/p>\n","protected":false},"author":47,"featured_media":0,"parent":0,"menu_order":0,"comment_status":"closed","ping_status":"closed","template":"","meta":{"footnotes":""},"class_list":["post-30","page","type-page","status-publish","hentry"],"_links":{"self":[{"href":"https:\/\/www.ce.ufpb.br\/nedesp\/wp-json\/wp\/v2\/pages\/30","targetHints":{"allow":["GET"]}}],"collection":[{"href":"https:\/\/www.ce.ufpb.br\/nedesp\/wp-json\/wp\/v2\/pages"}],"about":[{"href":"https:\/\/www.ce.ufpb.br\/nedesp\/wp-json\/wp\/v2\/types\/page"}],"author":[{"embeddable":true,"href":"https:\/\/www.ce.ufpb.br\/nedesp\/wp-json\/wp\/v2\/users\/47"}],"replies":[{"embeddable":true,"href":"https:\/\/www.ce.ufpb.br\/nedesp\/wp-json\/wp\/v2\/comments?post=30"}],"version-history":[{"count":1,"href":"https:\/\/www.ce.ufpb.br\/nedesp\/wp-json\/wp\/v2\/pages\/30\/revisions"}],"predecessor-version":[{"id":31,"href":"https:\/\/www.ce.ufpb.br\/nedesp\/wp-json\/wp\/v2\/pages\/30\/revisions\/31"}],"wp:attachment":[{"href":"https:\/\/www.ce.ufpb.br\/nedesp\/wp-json\/wp\/v2\/media?parent=30"}],"curies":[{"name":"wp","href":"https:\/\/api.w.org\/{rel}","templated":true}]}}