{"id":26,"date":"2025-04-23T12:21:21","date_gmt":"2025-04-23T12:21:21","guid":{"rendered":"https:\/\/www.ce.ufpb.br\/nedesp\/?page_id=26"},"modified":"2025-04-23T09:41:38","modified_gmt":"2025-04-23T12:41:38","slug":"termo-de-consentimento-livre-e-esclarecido","status":"publish","type":"page","link":"https:\/\/www.ce.ufpb.br\/nedesp\/termo-de-consentimento-livre-e-esclarecido\/","title":{"rendered":"Termo de Consentimento Livre e Esclarecido"},"content":{"rendered":"\n<p class=\"has-text-align-center\">UNIVERSIDADE FEDERAL DA PARA\u00cdBA<br>CENTRO DE EDUCA\u00c7\u00c3O\/ DEPARTAMENTO DE HABILITA\u00c7\u00d5ES PEDAG\u00d3GICAS<br>TERMO DE CONSENTIMENTO LIVRE E ESCLARECIDO<\/p>\n\n\n\n<p>VOC\u00ca est\u00e1 sendo CONVIDADO a participar de uma pesquisa sobre a perman\u00eancia e a aprendizagem de estudantes com defici\u00eancia visual nos cursos da UFPB. A pesquisadora respons\u00e1vel \u00e9 a prof.\u00aa. Izaura Maria de Andrade da Silva do Departamento de Habilita\u00e7\u00f5es Pedag\u00f3gicas .do Centro de Educa\u00e7\u00e3o da UFPB O OBJETIVO \u00e9 verificar os aspectos ambientais e pessoais que possibilitam a perman\u00eancia e a aprendizagem de estudantes com defici\u00eancia visual nos cursos do campus I da UFPB. A SUA PARTICIPA\u00c7\u00c3O CONSISTIR\u00c1 Em fornecer informa\u00e7\u00f5es, por meio de question\u00e1rios e entrevistas sobre as quest\u00f5es estudadas. A sua participa\u00e7\u00e3o neste estudo \u00e9 fundamental, mas volunt\u00e1ria e voc\u00ea poder\u00e1 desistir de participar da pesquisa em qualquer momento; Todas as informa\u00e7\u00f5es de identifica\u00e7\u00e3o pessoal coletadas ser\u00e3o mantidas de forma confidencial. O seu nome n\u00e3o ser\u00e1 vinculado aos resultados desse estudo quando os mesmos forem publicados, os dados ser\u00e3o avaliados e divulgados de forma coletiva. Sinta-se \u00e0 vontade para esclarecer quaisquer d\u00favidas antes de decidir sobre a sua participa\u00e7\u00e3o no estudo. PARA DEMAIS INFORMA\u00c7\u00d5ES voc\u00ea poder\u00e1 entrar em contato com Izaura Maria de Andrade da Silva pelo telefone 996166485 e-mail: izamarasi@gmail.com ou endere\u00e7o Av. Hilton Souto Maior, N\u00b0 6701, Quadra 768, Lote 543, Portal do Sol, Jo\u00e3o Pessoa &#8211; PB OU Comit\u00ea de \u00c9tica em Pesquisa do Centro de Ci\u00eancias da Sa\u00fade da Universidade Federal da Para\u00edba Campus I &#8211; Cidade Universit\u00e1ria &#8211; 1\u00ba Andar \u2013 CEP 58051-900 \u2013 Jo\u00e3o Pessoa\/PB \uf028 (83) 3216-7791 \u2013 E-mail: comitedeetica@ccs.ufpb.br<\/p>\n","protected":false},"excerpt":{"rendered":"<p>UNIVERSIDADE FEDERAL DA PARA\u00cdBACENTRO DE EDUCA\u00c7\u00c3O\/ DEPARTAMENTO DE HABILITA\u00c7\u00d5ES PEDAG\u00d3GICASTERMO DE CONSENTIMENTO LIVRE E ESCLARECIDO VOC\u00ca est\u00e1 sendo CONVIDADO a participar de uma pesquisa sobre a perman\u00eancia e a aprendizagem de estudantes com defici\u00eancia visual nos cursos da UFPB. A pesquisadora respons\u00e1vel \u00e9 a prof.\u00aa. Izaura Maria de Andrade da Silva do Departamento de Habilita\u00e7\u00f5es [&hellip;]<\/p>\n","protected":false},"author":47,"featured_media":0,"parent":0,"menu_order":0,"comment_status":"closed","ping_status":"closed","template":"","meta":{"footnotes":""},"class_list":["post-26","page","type-page","status-publish","hentry"],"_links":{"self":[{"href":"https:\/\/www.ce.ufpb.br\/nedesp\/wp-json\/wp\/v2\/pages\/26","targetHints":{"allow":["GET"]}}],"collection":[{"href":"https:\/\/www.ce.ufpb.br\/nedesp\/wp-json\/wp\/v2\/pages"}],"about":[{"href":"https:\/\/www.ce.ufpb.br\/nedesp\/wp-json\/wp\/v2\/types\/page"}],"author":[{"embeddable":true,"href":"https:\/\/www.ce.ufpb.br\/nedesp\/wp-json\/wp\/v2\/users\/47"}],"replies":[{"embeddable":true,"href":"https:\/\/www.ce.ufpb.br\/nedesp\/wp-json\/wp\/v2\/comments?post=26"}],"version-history":[{"count":1,"href":"https:\/\/www.ce.ufpb.br\/nedesp\/wp-json\/wp\/v2\/pages\/26\/revisions"}],"predecessor-version":[{"id":27,"href":"https:\/\/www.ce.ufpb.br\/nedesp\/wp-json\/wp\/v2\/pages\/26\/revisions\/27"}],"wp:attachment":[{"href":"https:\/\/www.ce.ufpb.br\/nedesp\/wp-json\/wp\/v2\/media?parent=26"}],"curies":[{"name":"wp","href":"https:\/\/api.w.org\/{rel}","templated":true}]}}