{"id":12,"date":"2025-04-23T11:51:46","date_gmt":"2025-04-23T11:51:46","guid":{"rendered":"https:\/\/www.ce.ufpb.br\/nedesp\/?page_id=12"},"modified":"2025-04-23T09:41:38","modified_gmt":"2025-04-23T12:41:38","slug":"quem-somos","status":"publish","type":"page","link":"https:\/\/www.ce.ufpb.br\/nedesp\/quem-somos\/","title":{"rendered":"Quem somos?"},"content":{"rendered":"\n<p>Transcritores Braille que trabalham no N\u00facleo:<\/p>\n\n\n\n<p>Dina Melo (dina.melo@academico.ufpb.br)<br>Jo\u00e3o Marcos Ferreira (joao@reitoria.ufpb.br)<br>Samuel Veras (samuel.amaral@academico.ufpb.br)<\/p>\n\n\n\n<p>Coordenadora:&nbsp;Dina Melo&nbsp;<br>Vice-coordenadora: Lisi\u00ea Martins<br><\/p>\n\n\n\n<p><strong>N\u00facleo de Educa\u00e7\u00e3o Especial (Nedesp)<\/strong><br><strong>Setor Braille<\/strong><br>Bloco de Pedagogia &#8211; Centro de Educa\u00e7\u00e3o<br>Universidade Federal da Para\u00edba<br>Campus I<br>nedesp@ce.ufpb.br&nbsp;<\/p>\n\n\n\n<p><\/p>\n","protected":false},"excerpt":{"rendered":"<p>Transcritores Braille que trabalham no N\u00facleo: Dina Melo (dina.melo@academico.ufpb.br)Jo\u00e3o Marcos Ferreira (joao@reitoria.ufpb.br)Samuel Veras (samuel.amaral@academico.ufpb.br) Coordenadora:&nbsp;Dina Melo&nbsp;Vice-coordenadora: Lisi\u00ea Martins N\u00facleo de Educa\u00e7\u00e3o Especial (Nedesp)Setor BrailleBloco de Pedagogia &#8211; Centro de Educa\u00e7\u00e3oUniversidade Federal da Para\u00edbaCampus Inedesp@ce.ufpb.br&nbsp;<\/p>\n","protected":false},"author":47,"featured_media":0,"parent":0,"menu_order":0,"comment_status":"closed","ping_status":"closed","template":"","meta":{"footnotes":""},"class_list":["post-12","page","type-page","status-publish","hentry"],"_links":{"self":[{"href":"https:\/\/www.ce.ufpb.br\/nedesp\/wp-json\/wp\/v2\/pages\/12","targetHints":{"allow":["GET"]}}],"collection":[{"href":"https:\/\/www.ce.ufpb.br\/nedesp\/wp-json\/wp\/v2\/pages"}],"about":[{"href":"https:\/\/www.ce.ufpb.br\/nedesp\/wp-json\/wp\/v2\/types\/page"}],"author":[{"embeddable":true,"href":"https:\/\/www.ce.ufpb.br\/nedesp\/wp-json\/wp\/v2\/users\/47"}],"replies":[{"embeddable":true,"href":"https:\/\/www.ce.ufpb.br\/nedesp\/wp-json\/wp\/v2\/comments?post=12"}],"version-history":[{"count":1,"href":"https:\/\/www.ce.ufpb.br\/nedesp\/wp-json\/wp\/v2\/pages\/12\/revisions"}],"predecessor-version":[{"id":13,"href":"https:\/\/www.ce.ufpb.br\/nedesp\/wp-json\/wp\/v2\/pages\/12\/revisions\/13"}],"wp:attachment":[{"href":"https:\/\/www.ce.ufpb.br\/nedesp\/wp-json\/wp\/v2\/media?parent=12"}],"curies":[{"name":"wp","href":"https:\/\/api.w.org\/{rel}","templated":true}]}}