{"id":6,"date":"2025-08-03T14:26:48","date_gmt":"2025-08-03T17:26:48","guid":{"rendered":"https:\/\/www.ce.ufpb.br\/mostrace\/?page_id=6"},"modified":"2025-10-21T16:41:22","modified_gmt":"2025-10-21T19:41:22","slug":"sobre-o-evento","status":"publish","type":"page","link":"https:\/\/www.ce.ufpb.br\/mostrace\/sobre-o-evento\/","title":{"rendered":"Sobre o Evento"},"content":{"rendered":"\n<p><strong>Sauda\u00e7\u00f5es<\/strong> a toda comunidade do Centro de Educa\u00e7\u00e3o!<\/p>\n\n\n\n<p><strong>Apresentamos \u00e0 5\u00aa Edi\u00e7\u00e3o da Mostra CE<\/strong> que tem como principal novidade o in\u00edcio dos preparativos para a celebra\u00e7\u00e3o dos <strong>50 anos do Centro, em 2028<\/strong>. Com o tema <strong>\u201cCE \u2013 Rumo aos 50<\/strong><strong><sup>+<\/sup><\/strong><strong>: Que Inova\u00e7\u00e3o nos interessa?\u201d<\/strong>, a 5\u00aa Mostra CE \u00e9 um convite a fazermos mem\u00f3ria do protagonismo do Centro de Educa\u00e7\u00e3o e revelar sua vitalidade frente aos desafios \u00e9ticos, pedag\u00f3gicos e pol\u00edticos ontem e hoje, diante do atual cen\u00e1rio nacional e global.<\/p>\n\n\n\n<p>Com o objetivo de <strong>divulgar, promover e ampliar nossas a\u00e7\u00f5es nos campos do Ensino, Pesquisa, Extens\u00e3o e Internacionaliza\u00e7\u00e3o<\/strong>, a Mostra \u00e9 um <strong>evento acad\u00eamico, coletivo, democr\u00e1tico, plural, art\u00edstico e cultural<\/strong>, feito \u00e0 muitas m\u00e3os, com a participa\u00e7\u00e3o estudantil e organiza\u00e7\u00e3o de todas as Assessorias do CE (acad\u00eamicas e administrativas), reunindo todos os\/as servidores\/as t\u00e9cnicos\/as e docentes.&nbsp;<\/p>\n\n\n\n<p><strong>A Mostra CE faz parte do calend\u00e1rio acad\u00eamico do Centro<\/strong> e acontecer\u00e1 entre os <strong>dias <strong>10, 11 e 12 de novembro de 2025<\/strong><\/strong>. Pedimos a todos\/as os\/as docentes que incluam a Mostra CE em seu planejamento semestral, garantindo <strong>que os\/as estudantes possam participar das atividades programas<\/strong>.<\/p>\n\n\n\n<p>Esse ano, nossa programa\u00e7\u00e3o contar\u00e1 com <strong>tr\u00eas confer\u00eancias principais, mostras, Oficinas, Paineis Tem\u00e1ticos, Apresenta\u00e7\u00f5es Art\u00edsticas e Culturais<\/strong>, com 36 horas de programa\u00e7\u00e3o, organizada para os tr\u00eas turnos (manh\u00e3, tarde e noite).<\/p>\n\n\n\n<p>Nesta edi\u00e7\u00e3o teremos <strong>Mostra de Produtos Educacionais<\/strong> reunindo iniciativas que apresentam resultados pr\u00e1ticos de projetos, pesquisas e experi\u00eancias pedag\u00f3gicas desenvolvidas no \u00e2mbito do Ensino, da Pesquisa e da Extens\u00e3o.<\/p>\n\n\n\n<p>O espa\u00e7o \u00e9 dedicado \u00e0 socializa\u00e7\u00e3o de materiais, metodologias, recursos e tecnologias educacionais que contribuem para o fortalecimento da forma\u00e7\u00e3o docente, para a inova\u00e7\u00e3o pedag\u00f3gica e para a amplia\u00e7\u00e3o dos horizontes da educa\u00e7\u00e3o p\u00fablica.<\/p>\n\n\n\n<p>Mais do que uma exposi\u00e7\u00e3o, a Mostra de Produtos Educacionais constitui um momento de troca, reflex\u00e3o e di\u00e1logo entre estudantes, professores e a comunidade, evidenciando a criatividade, a diversidade e o compromisso com a transforma\u00e7\u00e3o social por meio da educa\u00e7\u00e3o.<\/p>\n\n\n\n<p>Tamb\u00e9m teremos a <strong>Mostra do CAP \u2013 Col\u00e9gio de Aplica\u00e7\u00e3o da UFPB<\/strong> que vai destacar o trabalho desenvolvido pelo <strong>Col\u00e9gio de Aplica\u00e7\u00e3o da UFPB<\/strong> como espa\u00e7o de forma\u00e7\u00e3o, pesquisa e experimenta\u00e7\u00e3o pedag\u00f3gica.<\/p>\n\n\n\n<p>O evento possibilita que professores, estudantes e a comunidade conhe\u00e7am de perto projetos, pr\u00e1ticas e experi\u00eancias educativas constru\u00eddas no cotidiano escolar, revelando a riqueza de iniciativas que articulam ensino, extens\u00e3o, pesquisa e inova\u00e7\u00e3o pedag\u00f3gica.<\/p>\n\n\n\n<p>Mais do que um espa\u00e7o de exposi\u00e7\u00e3o, a Mostra do CAP se constitui como um ambiente de <strong>intera\u00e7\u00e3o, di\u00e1logo e troca de saberes<\/strong>, fortalecendo a rela\u00e7\u00e3o entre a escola, a universidade e a sociedade. Trata-se de um momento de valoriza\u00e7\u00e3o das pr\u00e1ticas educativas que reafirmam o compromisso do Col\u00e9gio de Aplica\u00e7\u00e3o com a educa\u00e7\u00e3o p\u00fablica de qualidade, inclusiva e transformadora.<\/p>\n\n\n\n<p>Ainda em nosso evento teremos <strong>Mostra CAPPE \u2013 Cl\u00ednica Escola de Psicopedagogia da UFPB<\/strong> que ir\u00e1 apresentar o trabalho realizado pela <strong>Cl\u00ednica Escola de Psicopedagogia da UFPB<\/strong>, espa\u00e7o dedicado ao atendimento, \u00e0 pesquisa e \u00e0 forma\u00e7\u00e3o em psicopedagogia.<\/p>\n\n\n\n<p>A atividade busca socializar experi\u00eancias, pr\u00e1ticas e produtos constru\u00eddos na interface entre teoria e pr\u00e1tica, envolvendo est\u00e1gios, projetos de extens\u00e3o, a\u00e7\u00f5es de ensino e investiga\u00e7\u00f5es acad\u00eamicas que contribuem para a promo\u00e7\u00e3o da aprendizagem e do desenvolvimento humano.<\/p>\n\n\n\n<p>A Mostra CAPPE \u00e9 tamb\u00e9m um momento de <strong>interc\u00e2mbio entre estudantes, docentes e comunidade externa<\/strong>, fortalecendo a compreens\u00e3o dos desafios educacionais e a constru\u00e7\u00e3o de estrat\u00e9gias inovadoras para a inclus\u00e3o e o acompanhamento pedag\u00f3gico. Assim, reafirma o papel da cl\u00ednica escola como espa\u00e7o de produ\u00e7\u00e3o de conhecimento, forma\u00e7\u00e3o profissional e compromisso social.<\/p>\n\n\n\n<p>A <strong>Brinquedoteca do Centro de Educa\u00e7\u00e3o da UFPB<\/strong> tamb\u00e9m far\u00e1 parte da programa\u00e7\u00e3o da <strong>5\u00aa Mostra CE<\/strong>, trazendo um espa\u00e7o de encantamento, experimenta\u00e7\u00e3o e reflex\u00e3o sobre o brincar como pr\u00e1tica educativa, cultural e formativa. No dia <strong>12 de novembro de 2025<\/strong>, a <strong>Mostra Brinquedoteca<\/strong> ocupar\u00e1 um lugar especial na programa\u00e7\u00e3o, promovendo viv\u00eancias l\u00fadicas e apresenta\u00e7\u00f5es desenvolvidas por estudantes e professores do CE.<\/p>\n\n\n\n<p>Mais do que um espa\u00e7o de divers\u00e3o, a <strong>Brinquedoteca<\/strong> \u00e9 um <strong>laborat\u00f3rio pedag\u00f3gico<\/strong> que integra ensino, pesquisa e extens\u00e3o, contribuindo para a forma\u00e7\u00e3o de professores sens\u00edveis \u00e0 import\u00e2ncia do brincar na inf\u00e2ncia e na aprendizagem ao longo da vida. A Mostra pretende compartilhar experi\u00eancias e metodologias que valorizam o jogo, a ludicidade e a imagina\u00e7\u00e3o como dimens\u00f5es essenciais do processo educativo.<\/p>\n\n\n\n<p>Ainda nesta edi\u00e7\u00e3o a Pra\u00e7a Marielle Franco se tornar\u00e1 o palco da <strong>Mostra PIBID \u2013 Programa Institucional de Bolsa de Inicia\u00e7\u00e3o \u00e0 Doc\u00eancia<\/strong>, um espa\u00e7o de celebra\u00e7\u00e3o das experi\u00eancias formativas e das pr\u00e1ticas pedag\u00f3gicas vivenciadas por licenciandos e licenciandas da UFPB em di\u00e1logo com as escolas do campo. A mostra reunir\u00e1 os subprojetos de <strong>Linguagens<\/strong> e <strong>Matem\u00e1tica<\/strong>, que socializam viv\u00eancias educativas desenvolvidas no munic\u00edpio do Conde-PB, evidenciando o uso de jogos, materiais concretos, metodologias ativas e pr\u00e1ticas l\u00fadicas voltadas \u00e0 alfabetiza\u00e7\u00e3o nos anos iniciais. Ao ocupar a Pra\u00e7a Marielle Franco, o PIBID afirma o compromisso com uma educa\u00e7\u00e3o p\u00fablica, cr\u00edtica e transformadora, que nasce do ch\u00e3o da escola e retorna \u00e0 comunidade, tecendo pontes entre universidade e sociedade, entre saberes e afetos, entre ensino e vida.<\/p>\n\n\n\n<p>Ainda no dia 12\/11 acontecer\u00e1 o <strong>EJACAST<\/strong>, um podcast ao vivo dedicado \u00e0 <strong>Educa\u00e7\u00e3o de Jovens e Adultos (EJA)<\/strong>, criado e produzido por estudantes e professores comprometidos com o direito \u00e0 educa\u00e7\u00e3o ao longo da vida. O espa\u00e7o se transforma em uma arena de escuta e fala, onde experi\u00eancias, hist\u00f3rias, desafios e conquistas da EJA ganham voz e reverberam como ato pol\u00edtico e pedag\u00f3gico.  Uma roda de conversa expandida que reconhece a pot\u00eancia educativa de quem aprende e ensina fora dos moldes, nas margens, nos retornos, nas continuidades do viver.<\/p>\n\n\n\n<p>Outra novidade da 5\u00aa Mostra Ce \u00e9 o <strong>Festival de Arte e Cultura do Centro de Educa\u00e7\u00e3o (CE\/UFPB)<\/strong> O festival nasce do reconhecimento da arte como \u00e1rea de conhecimento e linguagem essencial \u00e0 forma\u00e7\u00e3o acad\u00eamica e cidad\u00e3. Sua proposta \u00e9 integrar e dar visibilidade \u00e0s produ\u00e7\u00f5es art\u00edsticas, culturais e acad\u00eamicas, fortalecendo a presen\u00e7a da arte nos projetos pedag\u00f3gicos e ampliando sua circula\u00e7\u00e3o no ambiente universit\u00e1rio e comunit\u00e1rio. Desta forma se consolida como espa\u00e7o de valoriza\u00e7\u00e3o da diversidade cultural e do protagonismo estudantil, reunindo trabalhos que emergem do ensino, da pesquisa, da extens\u00e3o e da internacionaliza\u00e7\u00e3o. O festival \u00e9 um convite \u00e0 partilha de experi\u00eancias e \u00e0 constru\u00e7\u00e3o coletiva de uma <strong>cidadania cultural cr\u00edtica, reflexiva e criativa<\/strong>.<\/p>\n\n\n\n<p>A programa\u00e7\u00e3o acontece na <strong>Pra\u00e7a da Diversidade<\/strong> e contempla diferentes linguagens \u2013 artes visuais, teatro, dan\u00e7a, m\u00fasica, literatura, cinema, performances e manifesta\u00e7\u00f5es culturais populares \u2013, formando um grande tecido cultural que expressa a vitalidade e a pluralidade do CE. Cada apresenta\u00e7\u00e3o se torna uma oportunidade de encontro, di\u00e1logo e compartilhamento de saberes entre artistas, educadores, pesquisadores, produtores culturais e a comunidade em geral.<\/p>\n\n\n\n<p>O Festival reafirma o papel da <strong>extens\u00e3o universit\u00e1ria<\/strong> na promo\u00e7\u00e3o da cultura e no fortalecimento dos la\u00e7os entre universidade e sociedade. Que esta edi\u00e7\u00e3o inaugural seja um marco na hist\u00f3ria do Centro de Educa\u00e7\u00e3o e um convite permanente a integralidade entre a arte, a cultura e a educa\u00e7\u00e3o.<\/p>\n\n\n\n<p>Convidamos cada um\/a que integra a comunidade acad\u00eamica deste centro a participar de mais essa edi\u00e7\u00e3o da Mostra CE para juntos come\u00e7armos uma caminhada rumo ao anivers\u00e1rio de 50 anos do Centro de Educa\u00e7\u00e3o. Vai ser lindo! Participem!<\/p>\n","protected":false},"excerpt":{"rendered":"<p>Sauda\u00e7\u00f5es a toda comunidade do Centro de Educa\u00e7\u00e3o! Apresentamos \u00e0 5\u00aa Edi\u00e7\u00e3o da Mostra CE [&hellip;]<\/p>\n","protected":false},"author":47,"featured_media":0,"parent":0,"menu_order":0,"comment_status":"closed","ping_status":"closed","template":"","meta":{"footnotes":""},"class_list":["post-6","page","type-page","status-publish","hentry"],"_links":{"self":[{"href":"https:\/\/www.ce.ufpb.br\/mostrace\/wp-json\/wp\/v2\/pages\/6","targetHints":{"allow":["GET"]}}],"collection":[{"href":"https:\/\/www.ce.ufpb.br\/mostrace\/wp-json\/wp\/v2\/pages"}],"about":[{"href":"https:\/\/www.ce.ufpb.br\/mostrace\/wp-json\/wp\/v2\/types\/page"}],"author":[{"embeddable":true,"href":"https:\/\/www.ce.ufpb.br\/mostrace\/wp-json\/wp\/v2\/users\/47"}],"replies":[{"embeddable":true,"href":"https:\/\/www.ce.ufpb.br\/mostrace\/wp-json\/wp\/v2\/comments?post=6"}],"version-history":[{"count":10,"href":"https:\/\/www.ce.ufpb.br\/mostrace\/wp-json\/wp\/v2\/pages\/6\/revisions"}],"predecessor-version":[{"id":170,"href":"https:\/\/www.ce.ufpb.br\/mostrace\/wp-json\/wp\/v2\/pages\/6\/revisions\/170"}],"wp:attachment":[{"href":"https:\/\/www.ce.ufpb.br\/mostrace\/wp-json\/wp\/v2\/media?parent=6"}],"curies":[{"name":"wp","href":"https:\/\/api.w.org\/{rel}","templated":true}]}}