{"id":16,"date":"2025-08-03T14:27:40","date_gmt":"2025-08-03T17:27:40","guid":{"rendered":"https:\/\/www.ce.ufpb.br\/mostrace\/?page_id=16"},"modified":"2025-08-04T07:03:36","modified_gmt":"2025-08-04T10:03:36","slug":"contatos","status":"publish","type":"page","link":"https:\/\/www.ce.ufpb.br\/mostrace\/contatos\/","title":{"rendered":"Contatos"},"content":{"rendered":"\n<figure class=\"wp-block-table\"><table class=\"has-fixed-layout\"><tbody><tr><td><strong>Assessoria de Comunica\u00e7\u00e3o<\/strong><\/td><td>acom@ce.ufpb.br<\/td><\/tr><\/tbody><\/table><\/figure>\n\n\n\n<figure class=\"wp-block-table\"><table class=\"has-fixed-layout\"><tbody><tr><td><strong>Assessoria de Extens\u00e3o<\/strong><\/td><td>(83) 3048-8328<\/td><td>aext@ce.ufpb.br<\/td><\/tr><tr><td><strong>Assessoria de Gradua\u00e7\u00e3o<\/strong><\/td><td>(83) 3048-8328<\/td><td>agrad@ce.ufpb.br<\/td><\/tr><tr><td><strong>Assessoria de Apoio Estudantil<\/strong><\/td><td>(83) 3216-7479<\/td><td>aape@ce.ufpb.br<\/td><\/tr><\/tbody><\/table><\/figure>\n\n\n\n<p><\/p>\n","protected":false},"excerpt":{"rendered":"<p>Assessoria de Comunica\u00e7\u00e3o acom@ce.ufpb.br Assessoria de Extens\u00e3o (83) 3048-8328 aext@ce.ufpb.br Assessoria de Gradua\u00e7\u00e3o (83) 3048-8328 [&hellip;]<\/p>\n","protected":false},"author":47,"featured_media":0,"parent":0,"menu_order":0,"comment_status":"closed","ping_status":"closed","template":"","meta":{"footnotes":""},"class_list":["post-16","page","type-page","status-publish","hentry"],"_links":{"self":[{"href":"https:\/\/www.ce.ufpb.br\/mostrace\/wp-json\/wp\/v2\/pages\/16","targetHints":{"allow":["GET"]}}],"collection":[{"href":"https:\/\/www.ce.ufpb.br\/mostrace\/wp-json\/wp\/v2\/pages"}],"about":[{"href":"https:\/\/www.ce.ufpb.br\/mostrace\/wp-json\/wp\/v2\/types\/page"}],"author":[{"embeddable":true,"href":"https:\/\/www.ce.ufpb.br\/mostrace\/wp-json\/wp\/v2\/users\/47"}],"replies":[{"embeddable":true,"href":"https:\/\/www.ce.ufpb.br\/mostrace\/wp-json\/wp\/v2\/comments?post=16"}],"version-history":[{"count":4,"href":"https:\/\/www.ce.ufpb.br\/mostrace\/wp-json\/wp\/v2\/pages\/16\/revisions"}],"predecessor-version":[{"id":43,"href":"https:\/\/www.ce.ufpb.br\/mostrace\/wp-json\/wp\/v2\/pages\/16\/revisions\/43"}],"wp:attachment":[{"href":"https:\/\/www.ce.ufpb.br\/mostrace\/wp-json\/wp\/v2\/media?parent=16"}],"curies":[{"name":"wp","href":"https:\/\/api.w.org\/{rel}","templated":true}]}}