{"id":14,"date":"2025-08-03T14:27:28","date_gmt":"2025-08-03T17:27:28","guid":{"rendered":"https:\/\/www.ce.ufpb.br\/mostrace\/?page_id=14"},"modified":"2025-10-21T16:22:03","modified_gmt":"2025-10-21T19:22:03","slug":"inscricoes","status":"publish","type":"page","link":"https:\/\/www.ce.ufpb.br\/mostrace\/inscricoes\/","title":{"rendered":"Inscri\u00e7\u00f5es\u00a0"},"content":{"rendered":"\n<p class=\"has-medium-font-size\"><strong>Inscri\u00e7\u00f5es de 06 a 20 de Outubro de 2025.<\/strong> <strong>(PRORROGADO AT\u00c9 DIA 31\/10)<\/strong><\/p>\n\n\n\n<p>A &#8211; OUVINTE<\/p>\n\n\n\n<p>Todas(os) as(os) participantes devem realizar inscri\u00e7\u00e3o no evento no SIGAA. Podem tamb\u00e9m se inscrever em oficinas de interesse e disponibilidade.<\/p>\n\n\n\n<p><strong>Benef\u00edcios<\/strong>:<\/p>\n\n\n\n<ul class=\"wp-block-list\">\n<li>Acesso aos Pain\u00e9is tem\u00e1ticos durante as apresenta\u00e7\u00f5es e di\u00e1logos;<\/li>\n\n\n\n<li>Participa\u00e7\u00e3o livre nas atividades art\u00edstico-culturais;<\/li>\n\n\n\n<li>Acesso e participa\u00e7\u00e3o nas oficinas com inscri\u00e7\u00e3o realizada;<\/li>\n\n\n\n<li>Certificado de participa\u00e7\u00e3o na V Mostra CE.<\/li>\n\n\n\n<li>Certificado de participa\u00e7\u00e3o nas oficinas que estiver presente.<\/li>\n<\/ul>\n\n\n\n<p>Link para inscri\u00e7\u00e3o: <\/p>\n\n\n\n<p>B &#8211; PAIN\u00c9IS TEM\u00c1TICOS<\/p>\n\n\n\n<p>O painel consiste em uma modalidade de comunica\u00e7\u00e3o coordenada e organizada pelos(as)<br>expositores(as), em torno de uma tem\u00e1tica espec\u00edfica, contendo no m\u00ednimo dois (2) e no<br>m\u00e1ximo quatro (4) trabalhos decorrentes de pesquisas em andamento ou conclu\u00eddas. <\/p>\n\n\n\n<p>A articula\u00e7\u00e3o e coordena\u00e7\u00e3o do painel ser\u00e3o de responsabilidade de um(a) dos(as)<br>expositores(as), designado(a) como coordenador(a).<br>Os(as) autores(as) do painel podem ser da mesma institui\u00e7\u00e3o ou de institui\u00e7\u00f5es diferentes,<br>desde que:<\/p>\n\n\n\n<ul class=\"wp-block-list\">\n<li>O  painel deve ter no m\u00ednimo dois (2) professores(as) do Centro de Educa\u00e7\u00e3o em sua composi\u00e7\u00e3o<\/li>\n<\/ul>\n\n\n\n<ul class=\"wp-block-list\">\n<li>Os(as) demais integrantes podem ser professores(as) de outras institui\u00e7\u00f5es, estudantes de<br>gradua\u00e7\u00e3o e\/ou p\u00f3s-gradua\u00e7\u00e3o do Centro de Educa\u00e7\u00e3o ou de outras institui\u00e7\u00f5es.<\/li>\n<\/ul>\n\n\n\n<p><\/p>\n\n\n\n<p><strong>Benef\u00edcios<\/strong>:<\/p>\n\n\n\n<ul class=\"wp-block-list\">\n<li>Acesso aos pain\u00e9is tem\u00e1ticos durante as apresenta\u00e7\u00f5es e di\u00e1logos;<\/li>\n\n\n\n<li>Apresenta\u00e7\u00e3o do trabalho no painel tem\u00e1tico proposto;<\/li>\n\n\n\n<li>Participa\u00e7\u00e3o livre nas atividades art\u00edstico-culturais;<\/li>\n\n\n\n<li>Acesso e participa\u00e7\u00e3o nas oficinas com inscri\u00e7\u00e3o realizada;<\/li>\n\n\n\n<li>Certificado de participa\u00e7\u00e3o na V Mostra CE;<\/li>\n\n\n\n<li>Certifica\u00e7\u00e3o de apresenta\u00e7\u00e3o no painel tem\u00e1tico;<\/li>\n\n\n\n<li>Certificado de participa\u00e7\u00e3o nas oficinas em que estiver presente.<\/li>\n<\/ul>\n\n\n\n<p>Link para inscri\u00e7\u00e3o:<a href=\"https:\/\/forms.gle\/kyUSwbjERT1RLQd99\">https:\/\/forms.gle\/kyUSwbjERT1RLQd99<\/a><\/p>\n\n\n\n<p>C &#8211; OFICINAS<\/p>\n\n\n\n<p>As oficinas t\u00eam como objetivo promover experi\u00eancias formativas e pr\u00e1ticas, integrando<br>ensino, pesquisa e extens\u00e3o, a partir de atividades que estimulem a participa\u00e7\u00e3o ativa<br>dos(as) participantes e dialoguem com os eixos tem\u00e1ticos da Mostra CE 2025.<\/p>\n\n\n\n<p>As propostas devem ser apresentadas exclusivamente por professores(as) do Centro de<br>Educa\u00e7\u00e3o. As oficinas podem ser ministradas individualmente ou em conjunto com<br>orientandos(as) de gradua\u00e7\u00e3o e\/ou p\u00f3s-gradua\u00e7\u00e3o, vinculados ao CE ou a outras<br>institui\u00e7\u00f5es.<\/p>\n\n\n\n<p><strong>Benef\u00edcios<\/strong>:<\/p>\n\n\n\n<ul class=\"wp-block-list\">\n<li>Acesso aos pain\u00e9is tem\u00e1ticos durante as apresenta\u00e7\u00f5es e di\u00e1logos;<\/li>\n\n\n\n<li>Realiza\u00e7\u00e3o da oficina proposta;<\/li>\n\n\n\n<li>Participa\u00e7\u00e3o livre nas atividades art\u00edstico-culturais;<\/li>\n\n\n\n<li>Acesso e participa\u00e7\u00e3o nas oficinas com inscri\u00e7\u00e3o realizada;<\/li>\n\n\n\n<li>Certificado de participa\u00e7\u00e3o na V Mostra CE;<\/li>\n\n\n\n<li>Certificado de ministrante de oficinas.<\/li>\n<\/ul>\n\n\n\n<p>Link para inscri\u00e7\u00e3o: <a href=\"https:\/\/forms.gle\/7DPS9nxARgpHC8hg8\">https:\/\/forms.gle\/7DPS9nxARgpHC8hg8<\/a><\/p>\n\n\n\n<p>D &#8211; MOSTRA DE PRODUTOS EDUCACIONAIS<\/p>\n\n\n\n<p>A Mostra de Produtos Educacionais consiste em um espa\u00e7o de socializa\u00e7\u00e3o e compartilhamento de experi\u00eancias, metodologias e recursos produzidos a partir de a\u00e7\u00f5es de Ensino, Pesquisa, Extens\u00e3o e Internacionaliza\u00e7\u00e3o, bem como de pr\u00e1ticas pedag\u00f3gicas inovadoras.<\/p>\n\n\n\n<p>S\u00e3o bem-vindos produtos resultantes de trabalhos acad\u00eamicos, projetos de pesquisa e extens\u00e3o, est\u00e1gios supervisionados, disserta\u00e7\u00f5es, teses, programas institucionais e iniciativas individuais ou coletivas que apresentem aplicabilidade no campo educacional. Podem ser apresentados:<\/p>\n\n\n\n<ul class=\"wp-block-list\">\n<li>Materiais did\u00e1ticos e paradid\u00e1ticos (impressos ou digitais);<\/li>\n\n\n\n<li>Jogos e recursos l\u00fadicos para a aprendizagem;<\/li>\n\n\n\n<li>Tecnologias e objetos educacionais digitais;<\/li>\n\n\n\n<li>Metodologias de ensino e estrat\u00e9gias pedag\u00f3gicas;<\/li>\n\n\n\n<li>Produtos multim\u00eddia e audiovisuais;<\/li>\n\n\n\n<li>Experi\u00eancias pr\u00e1ticas de inova\u00e7\u00e3o em sala de aula ou em contextos educativos n\u00e3o formais;<\/li>\n\n\n\n<li>Recursos e materiais voltados \u00e0 inclus\u00e3o e acessibilidade.<\/li>\n<\/ul>\n\n\n\n<p>A Mostra busca evidenciar a diversidade e a criatividade das produ\u00e7\u00f5es desenvolvidas pela comunidade acad\u00eamica, fortalecendo a forma\u00e7\u00e3o docente, a inova\u00e7\u00e3o pedag\u00f3gica e o compromisso social da universidade.<\/p>\n\n\n\n<p><strong>Benef\u00edcios:<\/strong><\/p>\n\n\n\n<ul class=\"wp-block-list\">\n<li>Acesso \u00e0 Mostra de Produtos Educacionais durante as apresenta\u00e7\u00f5es e trocas de experi\u00eancias;<\/li>\n\n\n\n<li>Socializa\u00e7\u00e3o de pr\u00e1ticas e materiais junto \u00e0 comunidade acad\u00eamica e externa;<\/li>\n\n\n\n<li>Participa\u00e7\u00e3o livre nas atividades art\u00edstico-culturais;<\/li>\n\n\n\n<li>Acesso e participa\u00e7\u00e3o nas oficinas com inscri\u00e7\u00e3o realizada;<\/li>\n\n\n\n<li>Certificado de participa\u00e7\u00e3o na V Mostra CE;<\/li>\n\n\n\n<li>Certifica\u00e7\u00e3o de apresenta\u00e7\u00e3o na Mostra de Produtos Educacionais;<\/li>\n\n\n\n<li>Certificado de participa\u00e7\u00e3o nas oficinas em que estiver presente.<\/li>\n<\/ul>\n\n\n\n<p><strong>Link para inscri\u00e7\u00e3o:<\/strong> <a href=\"https:\/\/forms.gle\/SWR1aEz6YYWEiuL67\">https:\/\/forms.gle\/SWR1aEz6YYWEiuL67<\/a><\/p>\n\n\n\n<p>E &#8211; COM APRESENTA\u00c7\u00c3O ART\u00cdSTICO-CULTURAL<\/p>\n\n\n\n<p>Todas(os) as(os) participantes devem realizar inscri\u00e7\u00e3o no evento no SIGAA.  Em seguida, submeter a proposta art\u00edstico-cultural. Acompanhar a programa\u00e7\u00e3o no site do evento. Comparecer para a apresenta\u00e7\u00e3o na data\/hora\/local especificado.<\/p>\n\n\n\n<p><strong>Benef\u00edcios<\/strong>:<\/p>\n\n\n\n<ul class=\"wp-block-list\">\n<li>Acesso aos pain\u00e9is tem\u00e1ticos durante as apresenta\u00e7\u00f5es e di\u00e1logos;<\/li>\n\n\n\n<li>Apresenta\u00e7\u00e3o da proposta art\u00edstico-cultural;<\/li>\n\n\n\n<li>Participa\u00e7\u00e3o livre nas atividades art\u00edstico-culturais;<\/li>\n\n\n\n<li>Acesso e participa\u00e7\u00e3o nas oficinas com inscri\u00e7\u00e3o realizada;<\/li>\n\n\n\n<li>Certificado de participa\u00e7\u00e3o na V Mostra CE;<\/li>\n\n\n\n<li>Certifica\u00e7\u00e3o de apresenta\u00e7\u00e3o art\u00edstico-cultural;<\/li>\n\n\n\n<li>Certificado de participa\u00e7\u00e3o nas oficinas em que estiver presente.<\/li>\n<\/ul>\n\n\n\n<p>Link para inscri\u00e7\u00e3o: <a href=\"https:\/\/forms.gle\/uVpRFyhB5XfGZAvZ6\">https:\/\/forms.gle\/uVpRFyhB5XfGZAvZ6<\/a><\/p>\n\n\n\n<p>F &#8211; ESCOLHA SEU EIXO TEM\u00c1TICO<\/p>\n\n\n\n<ul class=\"wp-block-list\">\n<li>1. ESTUDOS SOBRE A CRIAN\u00c7A E EDUCA\u00c7\u00c3O INFANTIL<\/li>\n\n\n\n<li>2. LINGUAGENS, ALFABETIZA\u00c7\u00c3O E LETRAMENTOS<\/li>\n\n\n\n<li>3. EDUCA\u00c7\u00c3O DE JOVENS E ADULTOS E EDUCA\u00c7\u00c3O POPULAR<\/li>\n\n\n\n<li>4. EDUCA\u00c7\u00c3O DO CAMPO E MOVIMENTOS SOCIAIS<\/li>\n\n\n\n<li>5. EDUCA\u00c7\u00c3O ESPECIAL, INCLUS\u00c3O E SA\u00daDE<\/li>\n\n\n\n<li>6. EDUCA\u00c7\u00c3O INTEGRAL, EDUCA\u00c7\u00c3O EMOCIONAL<\/li>\n\n\n\n<li>7. ESPA\u00c7OS EDUCATIVOS N\u00c3O-ESCOLARES<\/li>\n\n\n\n<li>8. ENSINO E APRENDIZAGEM, METODOLOGIAS E PROCESSOS EDUCATIVOS<\/li>\n\n\n\n<li>9. CURR\u00cdCULO E POL\u00cdTICAS P\u00daBLICAS<\/li>\n\n\n\n<li>10. EDUCA\u00c7\u00c3O E RELA\u00c7\u00d5ES \u00c9TNICO-RACIAIS<\/li>\n\n\n\n<li>11. G\u00caNERO, SEXUALIDADE E EDUCA\u00c7\u00c3O<\/li>\n\n\n\n<li>12. FORMA\u00c7\u00c3O DE PROFISSIONAIS DA EDUCA\u00c7\u00c3O<\/li>\n\n\n\n<li>13. GEST\u00c3O, AVALIA\u00c7\u00c3O E FINANCIAMENTO EDUCACIONAL<\/li>\n\n\n\n<li>14. TECNOLOGIAS E EDUCA\u00c7\u00c3O<\/li>\n\n\n\n<li>15. EDUCA\u00c7\u00c3O SUPERIOR<\/li>\n\n\n\n<li>16. CULTURA E DIVERSIDADE RELIGIOSA<\/li>\n\n\n\n<li>17. EDUCA\u00c7\u00c3O E DIVERSIDADE RELIGIOSA<\/li>\n\n\n\n<li>18. EST\u00c1GIOS CURRICULARES<\/li>\n\n\n\n<li>19. DESENVOLVIMENTO HUMANO<\/li>\n\n\n\n<li>20. HIST\u00d3RIA DA EDUCA\u00c7\u00c3O<\/li>\n\n\n\n<li>21. EDUCA\u00c7\u00c3O AMBIENTAL<\/li>\n<\/ul>\n\n\n\n<p><\/p>\n","protected":false},"excerpt":{"rendered":"<p>Inscri\u00e7\u00f5es de 06 a 20 de Outubro de 2025. (PRORROGADO AT\u00c9 DIA 31\/10) A &#8211; [&hellip;]<\/p>\n","protected":false},"author":47,"featured_media":0,"parent":0,"menu_order":0,"comment_status":"closed","ping_status":"closed","template":"","meta":{"footnotes":""},"class_list":["post-14","page","type-page","status-publish","hentry"],"_links":{"self":[{"href":"https:\/\/www.ce.ufpb.br\/mostrace\/wp-json\/wp\/v2\/pages\/14","targetHints":{"allow":["GET"]}}],"collection":[{"href":"https:\/\/www.ce.ufpb.br\/mostrace\/wp-json\/wp\/v2\/pages"}],"about":[{"href":"https:\/\/www.ce.ufpb.br\/mostrace\/wp-json\/wp\/v2\/types\/page"}],"author":[{"embeddable":true,"href":"https:\/\/www.ce.ufpb.br\/mostrace\/wp-json\/wp\/v2\/users\/47"}],"replies":[{"embeddable":true,"href":"https:\/\/www.ce.ufpb.br\/mostrace\/wp-json\/wp\/v2\/comments?post=14"}],"version-history":[{"count":10,"href":"https:\/\/www.ce.ufpb.br\/mostrace\/wp-json\/wp\/v2\/pages\/14\/revisions"}],"predecessor-version":[{"id":160,"href":"https:\/\/www.ce.ufpb.br\/mostrace\/wp-json\/wp\/v2\/pages\/14\/revisions\/160"}],"wp:attachment":[{"href":"https:\/\/www.ce.ufpb.br\/mostrace\/wp-json\/wp\/v2\/media?parent=14"}],"curies":[{"name":"wp","href":"https:\/\/api.w.org\/{rel}","templated":true}]}}