{"id":8,"date":"2025-04-01T19:55:35","date_gmt":"2025-04-01T22:55:35","guid":{"rendered":"https:\/\/www.ce.ufpb.br\/gepebio\/?page_id=8"},"modified":"2026-01-06T13:41:25","modified_gmt":"2026-01-06T16:41:25","slug":"contato","status":"publish","type":"page","link":"https:\/\/www.ce.ufpb.br\/gepebio\/contato\/","title":{"rendered":"Contato"},"content":{"rendered":"\n<p><strong>Centro de Educa\u00e7\u00e3o, Departamento de Metodologia da Educa\u00e7\u00e3o &#8211; Campus I, Cidade Universit\u00e1ria, Jo\u00e3o Pessoa\/PB, CEP 58051-900<\/strong><\/p>\n","protected":false},"excerpt":{"rendered":"<p>Centro de Educa\u00e7\u00e3o, Departamento de Metodologia da Educa\u00e7\u00e3o &#8211; Campus I, Cidade Universit\u00e1ria, Jo\u00e3o Pessoa\/PB, CEP 58051-900<\/p>\n","protected":false},"author":47,"featured_media":0,"parent":0,"menu_order":0,"comment_status":"closed","ping_status":"closed","template":"","meta":{"footnotes":""},"class_list":["post-8","page","type-page","status-publish","hentry"],"_links":{"self":[{"href":"https:\/\/www.ce.ufpb.br\/gepebio\/wp-json\/wp\/v2\/pages\/8","targetHints":{"allow":["GET"]}}],"collection":[{"href":"https:\/\/www.ce.ufpb.br\/gepebio\/wp-json\/wp\/v2\/pages"}],"about":[{"href":"https:\/\/www.ce.ufpb.br\/gepebio\/wp-json\/wp\/v2\/types\/page"}],"author":[{"embeddable":true,"href":"https:\/\/www.ce.ufpb.br\/gepebio\/wp-json\/wp\/v2\/users\/47"}],"replies":[{"embeddable":true,"href":"https:\/\/www.ce.ufpb.br\/gepebio\/wp-json\/wp\/v2\/comments?post=8"}],"version-history":[{"count":3,"href":"https:\/\/www.ce.ufpb.br\/gepebio\/wp-json\/wp\/v2\/pages\/8\/revisions"}],"predecessor-version":[{"id":80,"href":"https:\/\/www.ce.ufpb.br\/gepebio\/wp-json\/wp\/v2\/pages\/8\/revisions\/80"}],"wp:attachment":[{"href":"https:\/\/www.ce.ufpb.br\/gepebio\/wp-json\/wp\/v2\/media?parent=8"}],"curies":[{"name":"wp","href":"https:\/\/api.w.org\/{rel}","templated":true}]}}