{"id":35,"date":"2025-04-01T20:02:48","date_gmt":"2025-04-01T23:02:48","guid":{"rendered":"https:\/\/www.ce.ufpb.br\/gepebio\/?page_id=35"},"modified":"2026-01-06T14:57:52","modified_gmt":"2026-01-06T17:57:52","slug":"producao-cientifica","status":"publish","type":"page","link":"https:\/\/www.ce.ufpb.br\/gepebio\/producao-cientifica\/","title":{"rendered":"Produ\u00e7\u00e3o cient\u00edfica"},"content":{"rendered":"\n<ul class=\"wp-block-list\">\n<li><strong>Artigos em revistas e peri\u00f3dicos<\/strong><\/li>\n<\/ul>\n\n\n\n<p>1 &#8211; ARA\u00daJO, M. das N. de L.; SILVEIRA, D. P. da; PEREIRA, M. G. O \u201cNovo Ensino M\u00e9dio\u201d nas atas do ENPEC (2023).\u00a0<strong>Cadernos do GPOSSHRE On-line<\/strong>, Itaperi, v. 9, n. 1, p. 1-20, 2025. Dispon\u00edvel em:\u00a0<a href=\"https:\/\/revistas.uece.br\/index.php\/CadernosdoGPOSSHE\/article\/view\/16764\/13907\">https:\/\/revistas.uece.br\/index.php\/CadernosdoGPOSSHE\/article\/view\/16764\/13907<\/a>\u00a0Acesso em: 09 de dezembro de 2025.<\/p>\n\n\n\n<p><\/p>\n\n\n\n<p><\/p>\n\n\n\n<p><\/p>\n\n\n\n<ul class=\"wp-block-list\">\n<li><strong>Trabalhos publicados em anais de eventos<\/strong><\/li>\n<\/ul>\n\n\n\n<p>GOUVEIA, A. S. de A.; MATIAS, A. da S.; SILVEIRA, D. P. da; PEREIRA, M. G. A presen\u00e7a (ou n\u00e3o) da Ambientaliza\u00e7\u00e3o Curricular no Curso de Ci\u00eancias Biol\u00f3gicas da UFPB, Jo\u00e3o Pessoa\/PB: uma an\u00e1lise documental. In: ENCONTRO REGIONAL DE ENSINO DE BIOLOGIA \u2013 NORDESTE, 9., 2025. Parna\u00edba.\u00a0<strong>Anais\u2026<\/strong>\u00a0Parna\u00edba: SBENBio, 2025, p. 1-12. Dispon\u00edvel em:\u00a0<a href=\"https:\/\/publicacoes.sbenbio.org.br\/trabalhos\/ixerebio_ne\/1071235.pdf\">https:\/\/publicacoes.sbenbio.org.br\/trabalhos\/ixerebio_ne\/1071235.pdf<\/a>\u00a0Acesso em 14 de outubro de 2025.<\/p>\n\n\n\n<p>GOMES, S. V. A.; PEREIRA, M. G.; SILVEIRA, D. P. da. An\u00e1lise de Par\u00e2metros e Indicadores de Alfabetiza\u00e7\u00e3o Cient\u00edfica voltados a Educa\u00e7\u00e3o em Sa\u00fade na educa\u00e7\u00e3o. In: SEMIN\u00c1RIO DE PR\u00c1TICAS EDUCATIVAS, MEM\u00d3RIAS E ORALIDADES. 12., 2025. Itaperi.<strong>Anais\u2026<\/strong>\u00a0Itaperi: UECE, 2025, p. 234-236. Dispon\u00edvel em:\u00a0<a href=\"https:\/\/0b390cde-5f4b-41e2-bd41-14ec3fff5f0d.filesusr.com\/ugd\/87a2c1_f9db471bb8df4afea5174f1035254afb.pdf\">https:\/\/0b390cde-5f4b-41e2-bd41-14ec3fff5f0d.filesusr.com\/ugd\/87a2c1_f9db471bb8df4afea5174f1035254afb.pdf<\/a>\u00a0Acesso em 27 de novembro de 2025.<\/p>\n\n\n\n<p>SILVA, V. G. B. da; PEREIRA, M. G.; SILVEIRA, D. P. da. (In)tens\u00f5es do Novo Ensino M\u00e9dio no Ensino de Ci\u00eancias e Biologia: debates necess\u00e1iros. In: CONGRESSO NACIONAL DE EDUCA\u00c7\u00c3O. 11., 2025. Recife.\u00a0<strong>Anais\u2026<\/strong>\u00a0Recife: Realize Eventos Cient\u00edficos e Editora LTDA, 2025, p. 1-12. Dispon\u00edvel em:\u00a0<a href=\"https:\/\/editorarealize.com.br\/artigo\/visualizar\/133856\">https:\/\/editorarealize.com.br\/artigo\/visualizar\/133856<\/a>\u00a0Acesso em: 10\/12\/2025.<\/p>\n","protected":false},"excerpt":{"rendered":"<p>1 &#8211; ARA\u00daJO, M. das N. de L.; SILVEIRA, D. P. da; PEREIRA, M. G. O \u201cNovo Ensino M\u00e9dio\u201d nas atas do ENPEC (2023).\u00a0Cadernos do GPOSSHRE On-line, Itaperi, v. 9, n. 1, p. 1-20, 2025. Dispon\u00edvel em:\u00a0https:\/\/revistas.uece.br\/index.php\/CadernosdoGPOSSHE\/article\/view\/16764\/13907\u00a0Acesso em: 09 de dezembro de 2025. GOUVEIA, A. S. de A.; MATIAS, A. da S.; SILVEIRA, D. P. [&hellip;]<\/p>\n","protected":false},"author":47,"featured_media":0,"parent":0,"menu_order":0,"comment_status":"closed","ping_status":"closed","template":"","meta":{"footnotes":""},"class_list":["post-35","page","type-page","status-publish","hentry"],"_links":{"self":[{"href":"https:\/\/www.ce.ufpb.br\/gepebio\/wp-json\/wp\/v2\/pages\/35","targetHints":{"allow":["GET"]}}],"collection":[{"href":"https:\/\/www.ce.ufpb.br\/gepebio\/wp-json\/wp\/v2\/pages"}],"about":[{"href":"https:\/\/www.ce.ufpb.br\/gepebio\/wp-json\/wp\/v2\/types\/page"}],"author":[{"embeddable":true,"href":"https:\/\/www.ce.ufpb.br\/gepebio\/wp-json\/wp\/v2\/users\/47"}],"replies":[{"embeddable":true,"href":"https:\/\/www.ce.ufpb.br\/gepebio\/wp-json\/wp\/v2\/comments?post=35"}],"version-history":[{"count":4,"href":"https:\/\/www.ce.ufpb.br\/gepebio\/wp-json\/wp\/v2\/pages\/35\/revisions"}],"predecessor-version":[{"id":86,"href":"https:\/\/www.ce.ufpb.br\/gepebio\/wp-json\/wp\/v2\/pages\/35\/revisions\/86"}],"wp:attachment":[{"href":"https:\/\/www.ce.ufpb.br\/gepebio\/wp-json\/wp\/v2\/media?parent=35"}],"curies":[{"name":"wp","href":"https:\/\/api.w.org\/{rel}","templated":true}]}}