{"id":29,"date":"2025-04-01T20:02:11","date_gmt":"2025-04-01T23:02:11","guid":{"rendered":"https:\/\/www.ce.ufpb.br\/gepebio\/?page_id=29"},"modified":"2026-01-06T15:04:24","modified_gmt":"2026-01-06T18:04:24","slug":"pesquisa","status":"publish","type":"page","link":"https:\/\/www.ce.ufpb.br\/gepebio\/projetos\/pesquisa\/","title":{"rendered":"Pesquisa"},"content":{"rendered":"\n<p><strong>PVD18481-2024 \u2013 PIBIC\/CNPq<\/strong>&nbsp;\u2013 As metodologias ativas de ensino como ferramentas de educa\u00e7\u00e3o em sa\u00fade \u2013 um continuum formativo. Link de acesso:&nbsp;<a href=\"https:\/\/sigaa.ufpb.br\/sigaa\/public\/departamento\/pesquisa.jsf\">https:\/\/sigaa.ufpb.br\/sigaa\/public\/departamento\/pesquisa.jsf<\/a><\/p>\n\n\n\n<p><strong>Coordenador:<\/strong>&nbsp;Prof. Dr. Mars\u00edlvio Gon\u00e7alves Pereira;&nbsp;<strong>Colaboradores:<\/strong>&nbsp;Prof. Dr. Dieison Prestes da Silveira; Prof. Dr. Andr\u00e9 Luis Corr\u00eaa; Profa. Dra. Aluska da Silva Matias; Prof. Dr. Daniel Manzoni de Almeida.&nbsp;<strong>Bolsistas:<\/strong>&nbsp;Isabelle Silva Cavalcante; Estefany Luize da Silva; Silvana Vit\u00f3ria Alencar Gomes; Ingrid de Lima Pereira.<\/p>\n\n\n\n<p><strong>PVD20281-2025 \u2013 PIBIC\/CNPq \u2013<\/strong>&nbsp;A Educa\u00e7\u00e3o Ambiental Cr\u00edtica nas pesquisas brasileiras: pressupostos, perspectivas e tend\u00eancias em teses e disserta\u00e7\u00f5es. Link de acesso:&nbsp;<a href=\"https:\/\/sigaa.ufpb.br\/sigaa\/public\/docente\/pesquisa.jsf?siape=3447035\">https:\/\/sigaa.ufpb.br\/sigaa\/public\/docente\/pesquisa.jsf?siape=3447035<\/a><\/p>\n\n\n\n<p><strong>Coordenador:<\/strong>&nbsp;Prof. Dr. Dieison Prestes da Silveira;&nbsp;<strong>Coordenador Adjunto:<\/strong>&nbsp;Prof. Dr. Marsilvio Gon\u00e7alves Pereira.&nbsp;<strong>Bolsistas:<\/strong>&nbsp;Jos\u00e9 Victor Jacinto Figueiredo (PIBIC \u2013 UFPB \u2013 IC) e \u00c1lvaro Italo Firmino da N\u00f3brega (PIBIC \u2013 UFPB \u2013 IC).<\/p>\n\n\n\n<p><strong>PVD19985-2025 \u2013 PIBIC\/CNPq \u2013<\/strong>&nbsp;Ensino de Biologia no Novo Ensino M\u00e9dio (NEM): curr\u00edculos e doc\u00eancias em tempos de reformas na Para\u00edba \u2013 uma conex\u00e3o com os est\u00e1gios supervisionados na forma\u00e7\u00e3o de professores. Link de acesso:&nbsp;<a href=\"https:\/\/sigaa.ufpb.br\/sigaa\/public\/docente\/pesquisa.jsf?siape=3447035\">https:\/\/sigaa.ufpb.br\/sigaa\/public\/docente\/pesquisa.jsf?siape=3447035<\/a><\/p>\n\n\n\n<p><strong>Coordenador:<\/strong>&nbsp;Prof. Dr. Mars\u00edlvio Gon\u00e7alves Pereira;&nbsp;<strong>Coordenador Adjunto:<\/strong>&nbsp;Prof. Dr. Dieison Prestes da Silveira.&nbsp;<strong>Bolsistas:<\/strong>&nbsp;Maria das Neves de Lima Ara\u00fajo (PIBIC \u2013 AF \u2013 IC).<\/p>\n\n\n\n<p><strong>PVD20215-2025 \u2013 PIBIC\/CNPq \u2013<\/strong>&nbsp;As metodologias ativas de ensino como ferramentas de educa\u00e7\u00e3o em sa\u00fade \u2013 um continuum formativo e interseccionalidade com o Ensino de Ci\u00eancias e Biologia. Link de acesso:&nbsp;<a href=\"https:\/\/sigaa.ufpb.br\/sigaa\/public\/docente\/pesquisa.jsf?siape=3447035\">https:\/\/sigaa.ufpb.br\/sigaa\/public\/docente\/pesquisa.jsf?siape=3447035<\/a><\/p>\n\n\n\n<p><strong>Coordenador:<\/strong>&nbsp;Prof. Dr. Mars\u00edlvio Gon\u00e7alves Pereira;&nbsp;<strong>Coordenador Adjunto:<\/strong>&nbsp;Prof. Dr. Dieison Prestes da Silveira.&nbsp;<strong>Bolsistas:<\/strong>&nbsp;Marcela Ferreira da Silva (PIVITI \u2013 IT); Kevelin Barbosa Gomes de Andrade (PIVIC IC); Jo\u00e3o Lucas Raiol de Andrade (PIVIC \u2013 IC) e Silvana Vit\u00f3ria Alencar Gomes (PIBIC \u2013 AF \u2013 IC).<\/p>\n","protected":false},"excerpt":{"rendered":"<p>PVD18481-2024 \u2013 PIBIC\/CNPq&nbsp;\u2013 As metodologias ativas de ensino como ferramentas de educa\u00e7\u00e3o em sa\u00fade \u2013 um continuum formativo. Link de acesso:&nbsp;https:\/\/sigaa.ufpb.br\/sigaa\/public\/departamento\/pesquisa.jsf Coordenador:&nbsp;Prof. Dr. Mars\u00edlvio Gon\u00e7alves Pereira;&nbsp;Colaboradores:&nbsp;Prof. Dr. Dieison Prestes da Silveira; Prof. Dr. Andr\u00e9 Luis Corr\u00eaa; Profa. Dra. Aluska da Silva Matias; Prof. Dr. Daniel Manzoni de Almeida.&nbsp;Bolsistas:&nbsp;Isabelle Silva Cavalcante; Estefany Luize da Silva; Silvana [&hellip;]<\/p>\n","protected":false},"author":47,"featured_media":0,"parent":54,"menu_order":0,"comment_status":"closed","ping_status":"closed","template":"","meta":{"footnotes":""},"class_list":["post-29","page","type-page","status-publish","hentry"],"_links":{"self":[{"href":"https:\/\/www.ce.ufpb.br\/gepebio\/wp-json\/wp\/v2\/pages\/29","targetHints":{"allow":["GET"]}}],"collection":[{"href":"https:\/\/www.ce.ufpb.br\/gepebio\/wp-json\/wp\/v2\/pages"}],"about":[{"href":"https:\/\/www.ce.ufpb.br\/gepebio\/wp-json\/wp\/v2\/types\/page"}],"author":[{"embeddable":true,"href":"https:\/\/www.ce.ufpb.br\/gepebio\/wp-json\/wp\/v2\/users\/47"}],"replies":[{"embeddable":true,"href":"https:\/\/www.ce.ufpb.br\/gepebio\/wp-json\/wp\/v2\/comments?post=29"}],"version-history":[{"count":2,"href":"https:\/\/www.ce.ufpb.br\/gepebio\/wp-json\/wp\/v2\/pages\/29\/revisions"}],"predecessor-version":[{"id":90,"href":"https:\/\/www.ce.ufpb.br\/gepebio\/wp-json\/wp\/v2\/pages\/29\/revisions\/90"}],"up":[{"embeddable":true,"href":"https:\/\/www.ce.ufpb.br\/gepebio\/wp-json\/wp\/v2\/pages\/54"}],"wp:attachment":[{"href":"https:\/\/www.ce.ufpb.br\/gepebio\/wp-json\/wp\/v2\/media?parent=29"}],"curies":[{"name":"wp","href":"https:\/\/api.w.org\/{rel}","templated":true}]}}