{"id":23,"date":"2025-04-01T20:01:36","date_gmt":"2025-04-01T23:01:36","guid":{"rendered":"https:\/\/www.ce.ufpb.br\/gepebio\/?page_id=23"},"modified":"2026-01-06T13:38:43","modified_gmt":"2026-01-06T16:38:43","slug":"lideres","status":"publish","type":"page","link":"https:\/\/www.ce.ufpb.br\/gepebio\/lideres\/","title":{"rendered":"L\u00edder"},"content":{"rendered":"\n<blockquote class=\"wp-block-quote is-layout-flow wp-block-quote-is-layout-flow\">\n<figure class=\"wp-block-image size-full is-resized\"><img loading=\"lazy\" decoding=\"async\" width=\"432\" height=\"432\" src=\"https:\/\/www.ce.ufpb.br\/gepebio\/wp-content\/uploads\/sites\/138\/sites\/278\/2026\/01\/WhatsApp-Image-2026-01-06-at-13.34.56.jpeg\" alt=\"\" class=\"wp-image-77\" style=\"width:284px;height:auto\" srcset=\"https:\/\/www.ce.ufpb.br\/gepebio\/wp-content\/uploads\/sites\/138\/sites\/278\/2026\/01\/WhatsApp-Image-2026-01-06-at-13.34.56.jpeg 432w, https:\/\/www.ce.ufpb.br\/gepebio\/wp-content\/uploads\/sites\/138\/sites\/278\/2026\/01\/WhatsApp-Image-2026-01-06-at-13.34.56-300x300.jpeg 300w, https:\/\/www.ce.ufpb.br\/gepebio\/wp-content\/uploads\/sites\/138\/sites\/278\/2026\/01\/WhatsApp-Image-2026-01-06-at-13.34.56-150x150.jpeg 150w\" sizes=\"auto, (max-width: 432px) 100vw, 432px\" \/><\/figure>\n\n\n\n<p><strong>Prof. Dr. Marsilvio Gon\u00e7alves Pereira<\/strong><\/p>\n\n\n\n<p><\/p>\n\n\n\n<p><em>Doutor em Educa\u00e7\u00e3o (USP). Professor do Departamento de Metodologia da Educa\u00e7\u00e3o (DME), da Universidade Federal da Para\u00edba (UFPB). L\u00edder do Grupo de Estudos e Pesquisas em Ensino de Biologia, Educa\u00e7\u00e3o Cient\u00edfica e Ambiental (GEPEBio). <\/em><\/p>\n\n\n\n<p><\/p>\n<\/blockquote>\n","protected":false},"excerpt":{"rendered":"","protected":false},"author":47,"featured_media":0,"parent":0,"menu_order":0,"comment_status":"closed","ping_status":"closed","template":"","meta":{"footnotes":""},"class_list":["post-23","page","type-page","status-publish","hentry"],"_links":{"self":[{"href":"https:\/\/www.ce.ufpb.br\/gepebio\/wp-json\/wp\/v2\/pages\/23","targetHints":{"allow":["GET"]}}],"collection":[{"href":"https:\/\/www.ce.ufpb.br\/gepebio\/wp-json\/wp\/v2\/pages"}],"about":[{"href":"https:\/\/www.ce.ufpb.br\/gepebio\/wp-json\/wp\/v2\/types\/page"}],"author":[{"embeddable":true,"href":"https:\/\/www.ce.ufpb.br\/gepebio\/wp-json\/wp\/v2\/users\/47"}],"replies":[{"embeddable":true,"href":"https:\/\/www.ce.ufpb.br\/gepebio\/wp-json\/wp\/v2\/comments?post=23"}],"version-history":[{"count":6,"href":"https:\/\/www.ce.ufpb.br\/gepebio\/wp-json\/wp\/v2\/pages\/23\/revisions"}],"predecessor-version":[{"id":79,"href":"https:\/\/www.ce.ufpb.br\/gepebio\/wp-json\/wp\/v2\/pages\/23\/revisions\/79"}],"wp:attachment":[{"href":"https:\/\/www.ce.ufpb.br\/gepebio\/wp-json\/wp\/v2\/media?parent=23"}],"curies":[{"name":"wp","href":"https:\/\/api.w.org\/{rel}","templated":true}]}}