{"id":21,"date":"2025-04-01T20:01:27","date_gmt":"2025-04-01T23:01:27","guid":{"rendered":"https:\/\/www.ce.ufpb.br\/gepebio\/?page_id=21"},"modified":"2026-01-06T14:52:24","modified_gmt":"2026-01-06T17:52:24","slug":"equipe","status":"publish","type":"page","link":"https:\/\/www.ce.ufpb.br\/gepebio\/equipe\/","title":{"rendered":"Equipe GEPEBio"},"content":{"rendered":"\n<p><\/p>\n\n\n\n<p class=\"has-text-align-center\"><strong>PESQUISADORES<\/strong><\/p>\n\n\n\n<p><strong>Alessandro Tomaz Barbosa<\/strong> &#8211; Doutor em Educa\u00e7\u00e3o Cient\u00edfica e Tecnol\u00f3gica (UFSC). Professor da Universidade Federal do Norte do Tocantins. <em>Link do Curr\u00edculo Lattes<\/em>: <a href=\"http:\/\/lattes.cnpq.br\/1933580717603283\">http:\/\/lattes.cnpq.br\/1933580717603283<\/a><\/p>\n\n\n\n<p><strong>Aluska da Silva Matias<\/strong> &#8211; Doutora em Ensino, Folosofia e Hist\u00f3ria das Ci\u00eancias (UFBA). Professora da Universidade Federal da Para\u00edba. <em>Link do Curr\u00edculo Lattes<\/em>: <a href=\"http:\/\/lattes.cnpq.br\/5946417799803732\">http:\/\/lattes.cnpq.br\/5946417799803732<\/a><\/p>\n\n\n\n<p><strong>Andr\u00e9 Luis Corr\u00eaa<\/strong> &#8211; Doutor em Educa\u00e7\u00e3o para a Ci\u00eancia (UNESP). Professor da Universidade Federal da Para\u00edba. <em>Link do Curr\u00edculo Lattes<\/em>: <a href=\"http:\/\/lattes.cnpq.br\/1817853337685773\">http:\/\/lattes.cnpq.br\/1817853337685773<\/a><\/p>\n\n\n\n<p><strong>Daniel Manzoni de Almeida<\/strong> &#8211; Doutor em Teoria e Hist\u00f3ria Liter\u00e1ria (Unicamp), com P\u00f3s-Doutorado. Professor da Unisersit\u00e9 de Bretagne Occidentale. <em>Link do Curr\u00edculo Lattes<\/em>: <a href=\"http:\/\/lattes.cnpq.br\/1643350252335747\">http:\/\/lattes.cnpq.br\/1643350252335747<\/a><\/p>\n\n\n\n<p><strong>Diego Adaylano Monteiro Rodrigues<\/strong> &#8211; Doutor em Educa\u00e7\u00e3o (U|FC) e P\u00f3s-Doutor em Educa\u00e7\u00e3o em Ci\u00eancias (UFPR). Professor da Universidade Estadual do Cear\u00e1. <em>Link do Curr\u00edculo Lattes<\/em>: <a href=\"http:\/\/lattes.cnpq.br\/4211835607569276\">http:\/\/lattes.cnpq.br\/4211835607569276<\/a><\/p>\n\n\n\n<p><strong>Dieison Prestes da Silveira<\/strong> &#8211; Doutor e P\u00f3s-Doutor em Educa\u00e7\u00e3o em Ci\u00eancias e em Matem\u00e1tica (UFPR). Professor da Universidade Federal da Para\u00edba. <em>Link do Curr\u00edculo Lattes<\/em>: <a href=\"http:\/\/lattes.cnpq.br\/8302478613443988\">http:\/\/lattes.cnpq.br\/8302478613443988<\/a><\/p>\n\n\n\n<p><strong>Mars\u00edlvio Gon\u00e7alves Pereira<\/strong> &#8211; Doutor em Educa\u00e7\u00e3o (USP). Professor da Universidade Federal da Para\u00edba. <em>Link do Curr\u00edculo Lattes:<\/em> <a href=\"http:\/\/lattes.cnpq.br\/3134919810484542\">http:\/\/lattes.cnpq.br\/3134919810484542<\/a><\/p>\n\n\n\n<p><strong>Swamy de Paula Lima Soares<\/strong> &#8211; Doutor em Educa\u00e7\u00e3o (USP). Professor da Universidade Federal da Para\u00edba. Link do <em>Curr\u00edculo Lattes:<\/em> <a href=\"http:\/\/lattes.cnpq.br\/4965245681713092\">http:\/\/lattes.cnpq.br\/4965245681713092<\/a><\/p>\n\n\n\n<p><strong>Vera Lucia Araujo de Lucena<\/strong> &#8211; Mestra em Cript\u00f3gamos (UFPE). Professora da Universidade Federal da Para\u00edba. <em>Link do Curr\u00edculo Lattes<\/em>: <a href=\"http:\/\/lattes.cnpq.br\/6051773782467014\">http:\/\/lattes.cnpq.br\/6051773782467014<\/a><\/p>\n\n\n\n<p><strong>Virg\u00ednia Maria Magliano de Morais<\/strong> &#8211; Doutora em Desenvolvimento e Meio Ambiente (UFPB). Professora da Universidade Federal da Para\u00edba. <em>Link do Curr\u00edculo Lattes<\/em>: <a href=\"http:\/\/lattes.cnpq.br\/8598825504684121\">http:\/\/lattes.cnpq.br\/8598825504684121<\/a><\/p>\n\n\n\n<p class=\"has-text-align-left\"><strong>Zoraida Maria de Medeiros Gouveia<\/strong> &#8211; Mestra em Biologia (UFBA). Professora da Universidade Federal da Para\u00edba. <em>Link do Curr\u00edculo Lattes<\/em>: <a href=\"http:\/\/lattes.cnpq.br\/2720041514783646\">http:\/\/lattes.cnpq.br\/2720041514783646<\/a><\/p>\n\n\n\n<p><\/p>\n\n\n\n<p class=\"has-text-align-center\"><strong>ESTUDANTES<\/strong><\/p>\n\n\n\n<p><strong>Alex Figueiredo Silva<\/strong> &#8211; Mestrando em Educa\u00e7\u00e3o (UFPB). <em>Link do Curr\u00edculo Lattes<\/em>: <a href=\"http:\/\/lattes.cnpq.br\/9522509918525914\">http:\/\/lattes.cnpq.br\/9522509918525914<\/a><\/p>\n\n\n\n<p><strong>Alexsandro dos Santos Chaves<\/strong> &#8211; Graduando em Ci\u00eancias Biol\u00f3gicas (UFPB). <em>Link do Curr\u00edculo Lattes<\/em>: <a href=\"http:\/\/lattes.cnpq.br\/1049272458481243\">http:\/\/lattes.cnpq.br\/1049272458481243<\/a><\/p>\n\n\n\n<p><strong>Andr\u00e9a Karla da Costa Brand\u00e3o<\/strong> &#8211; Graduada em Ci\u00eancias Biol\u00f3gicas (UFPB). <em>Link do Curr\u00edculo Lattes:<\/em> <a href=\"http:\/\/lattes.cnpq.br\/9075661803841367\">http:\/\/lattes.cnpq.br\/9075661803841367<\/a><\/p>\n\n\n\n<p><strong>Antonio Pedro de Araujo Neto<\/strong> &#8211; Graduando em Ci\u00eancias Biol\u00f3gicas (UFPB). <em>Link do Curr\u00edculo Lattes:<\/em> <a href=\"http:\/\/lattes.cnpq.br\/1624037845364371\">http:\/\/lattes.cnpq.br\/1624037845364371<\/a><\/p>\n\n\n\n<p><strong>Bruna do Carmo Ferreira<\/strong> &#8211; Graduanda em Ci\u00eancias Biol\u00f3gicas (UFPB). <em>Link do Curr\u00edculo Lattes<\/em>: <a href=\"http:\/\/lattes.cnpq.br\/9438469442559965\">http:\/\/lattes.cnpq.br\/9438469442559965<\/a><\/p>\n\n\n\n<p><strong>Caio Cezar Oliveira de Lucena<\/strong> &#8211; Doutor em Ci\u00eancias Farmac\u00eauticas (UFPE). <em>Link do Curr\u00edculo Lattes<\/em>: <a href=\"http:\/\/lattes.cnpq.br\/9259629504908055\">http:\/\/lattes.cnpq.br\/9259629504908055<\/a><\/p>\n\n\n\n<p><strong>Camila Yasmin Dias de Lima Fernandes<\/strong> &#8211; Especializa\u00e7\u00e3o em Tecnologias Digitais Aplicadas \u00e0 Educa\u00e7\u00e3o. <em>Link do Curr\u00edculo Lattes<\/em>: <a href=\"http:\/\/lattes.cnpq.br\/9819317493494340\">http:\/\/lattes.cnpq.br\/9819317493494340<\/a><\/p>\n\n\n\n<p><strong>Caroline Leal Rodrigues Soares<\/strong> &#8211; Doutoranda em Ci\u00eancias Farmac\u00eauticas (UFPE). <em>Link do Curr\u00edculo Lattes<\/em>: <a href=\"http:\/\/lattes.cnpq.br\/5855975955410884\">http:\/\/lattes.cnpq.br\/5855975955410884<\/a><\/p>\n\n\n\n<p><strong>Cristhyane Claudino Pimentel<\/strong> &#8211; Graduanda em Ci\u00eancias Biol\u00f3gicas. <em>Link do Curr\u00edculo Lattes<\/em>: <a href=\"http:\/\/lattes.cnpq.br\/8095862970233703\">http:\/\/lattes.cnpq.br\/8095862970233703<\/a><\/p>\n\n\n\n<p><strong>Enya Fernandes das Chagas<\/strong> &#8211; Mestra em Educa\u00e7\u00e3o (UFPB). <em>Link do Curr\u00edculo Lattes<\/em>: <a href=\"http:\/\/lattes.cnpq.br\/4553626261277033\">http:\/\/lattes.cnpq.br\/4553626261277033<\/a><\/p>\n\n\n\n<p><strong>Estefany Luize Da Silva<\/strong> &#8211; Mestranda em Educa\u00e7\u00e3o em Ci\u00eancias, Educa\u00e7\u00e3o Matem\u00e1tica e Tecnologias Educativas (UFPR). <em>Link do Curr\u00edculo Lattes<\/em>: <a href=\"http:\/\/lattes.cnpq.br\/5880597466278867\">http:\/\/lattes.cnpq.br\/5880597466278867<\/a><\/p>\n\n\n\n<p><strong>Gabriel Yan Figueiredo Lima<\/strong> &#8211; Graduando em Ci\u00eancias Biol\u00f3gicas (UFPB). <em>Link do Curr\u00edculo Lattes<\/em>: <a href=\"http:\/\/lattes.cnpq.br\/9458402469294086\">http:\/\/lattes.cnpq.br\/9458402469294086<\/a><\/p>\n\n\n\n<p><strong>Geam Felipe Lima Santo<\/strong>s &#8211; Doutorando em Ensino da Rede Nordeste de Ensino (UEPB). <em>Link do Curr\u00edculo Lattes<\/em>: <a href=\"http:\/\/lattes.cnpq.br\/8445266008050477\">http:\/\/lattes.cnpq.br\/8445266008050477<\/a><\/p>\n\n\n\n<p><strong>Geane Pereira Ferreira<\/strong> &#8211; Graduanda em Ci\u00eancias Biol\u00f3gicas (UFPB). <em>Link do Curr\u00edculo Lattes<\/em>: <a href=\"http:\/\/lattes.cnpq.br\/9439623414422247\">http:\/\/lattes.cnpq.br\/9439623414422247<\/a><\/p>\n\n\n\n<p><strong>Gioconda Azevedo<\/strong> &#8211; Doutoranda em Lingu\u00edstica (UFPB). <em>Link do Curr\u00edculo Lattes<\/em>: <a href=\"http:\/\/lattes.cnpq.br\/1105324149790907\">http:\/\/lattes.cnpq.br\/1105324149790907<\/a><\/p>\n\n\n\n<p><strong>Ingrid de Lima Pereira<\/strong> &#8211; Graduanda em Ci\u00eancias Biol\u00f3gicas (UFPB). <em>Link do Curr\u00edculo Lattes<\/em>: <a href=\"http:\/\/lattes.cnpq.br\/4998671811595500\">http:\/\/lattes.cnpq.br\/4998671811595500<\/a><\/p>\n\n\n\n<p><strong>Iris Alessandra da Silva<\/strong> &#8211; Mestranda em Artes Visuais (UFPE\/UFPB). <em>Link do Curr\u00edculo Lattes<\/em>: <a href=\"http:\/\/lattes.cnpq.br\/8481172243380373\">http:\/\/lattes.cnpq.br\/8481172243380373<\/a><\/p>\n\n\n\n<p><strong>Isabelle Silva Cavalcante<\/strong> &#8211; Mestranda em Educa\u00e7\u00e3o em Ci\u00eancias, Educa\u00e7\u00e3o Matem\u00e1tica e Tecnologias Educativas (UFPR). <em>Link do Curr\u00edculo Lattes<\/em>: <a href=\"http:\/\/lattes.cnpq.br\/2867217951233505\">http:\/\/lattes.cnpq.br\/2867217951233505<\/a><\/p>\n\n\n\n<p><strong>Jefferson de Lemos Medeiros<\/strong> &#8211; Mestrando em Educa\u00e7\u00e3o (UFPB). <em>Link do Curr\u00edculo Lattes<\/em>: <a href=\"http:\/\/lattes.cnpq.br\/8880073655433565\">http:\/\/lattes.cnpq.br\/8880073655433565<\/a><\/p>\n\n\n\n<p><strong>J\u00e9ssica Santana dos Santos<\/strong> &#8211; Graduada em Ci\u00eancias Biol\u00f3gicas (UFPB). <em>Link do Curr\u00edculo Lattes<\/em>: <a href=\"http:\/\/lattes.cnpq.br\/9308985468906052\">http:\/\/lattes.cnpq.br\/9308985468906052<\/a><\/p>\n\n\n\n<p><strong>Joacil Amancio Pereira Junior<\/strong> &#8211; Graduando e Ci\u00eancias Biol\u00f3gicas (UFPB). <em>Link do Curr\u00edculo Lattes<\/em>: <a href=\"http:\/\/lattes.cnpq.br\/6529903250126273\">http:\/\/lattes.cnpq.br\/6529903250126273<\/a><\/p>\n\n\n\n<p><strong>Jo\u00e3o Lucas Raiol de Andrade<\/strong> &#8211; Graduando em Ci\u00eancias Biol\u00f3gicas (UFPB). <em>Link do Curr\u00edculo Lattes<\/em>: <a href=\"http:\/\/lattes.cnpq.br\/1007911532228209\">http:\/\/lattes.cnpq.br\/1007911532228209<\/a><\/p>\n\n\n\n<p><strong>Jo\u00e3o Paulo de Lima Silva<\/strong> &#8211; Mestre em Ci\u00eancias Biol\u00f3gicas (UFPB). <em>Link do Curr\u00edculo Lattes<\/em>: <a href=\"http:\/\/lattes.cnpq.br\/8407416550446260\">http:\/\/lattes.cnpq.br\/8407416550446260<\/a><\/p>\n\n\n\n<p><strong>Juliana Soares Vanderley<\/strong> &#8211; Mestranda em Educa\u00e7\u00e3o (UFPB). <em>Link do Curr\u00edculo Lattes<\/em>: <a href=\"http:\/\/lattes.cnpq.br\/9021609089935270\">http:\/\/lattes.cnpq.br\/9021609089935270<\/a><\/p>\n\n\n\n<p><strong>Julio Cesar Rufino Ramos de Oliveira<\/strong> &#8211; Especialista em G\u00eanero e Diversidade na Escola (UFPB). <em>Link do Curr\u00edculo Lattes<\/em>: <a href=\"http:\/\/lattes.cnpq.br\/5313926941343395\">http:\/\/lattes.cnpq.br\/5313926941343395<\/a><\/p>\n\n\n\n<p><strong>Jussara Floriano Paula da Silva<\/strong> &#8211; N\u00e3o h\u00e1 forma\u00e7\u00e3o no momento. <em>Link do Curr\u00edculo Lattes<\/em>: <a href=\"http:\/\/lattes.cnpq.br\/2199464428653922\">http:\/\/lattes.cnpq.br\/2199464428653922<\/a><\/p>\n\n\n\n<p><strong>Kaio Ryan da Silva Pacheco<\/strong> &#8211; Mestrando em Educa\u00e7\u00e3o em Ci\u00eancias, Educa\u00e7\u00e3o Matem\u00e1tica e Tecnologias Educativas (UFPR). <em>Link do Curr\u00edculo Lattes<\/em>: <a href=\"http:\/\/lattes.cnpq.br\/8833143949113427\">http:\/\/lattes.cnpq.br\/8833143949113427<\/a><\/p>\n\n\n\n<p><strong>Karine da Silva<\/strong> &#8211; Mestra em Educa\u00e7\u00e3o (UFPB). <em>Link do Curr\u00edculo Lattes<\/em>: <a href=\"http:\/\/lattes.cnpq.br\/6633087361551512\">http:\/\/lattes.cnpq.br\/6633087361551512<\/a><\/p>\n\n\n\n<p><strong>Kevelin Barbosa Gomes de Andrade<\/strong> &#8211; Graduanda em Ci\u00eancias Biol\u00f3gicas. <em>Link do Curr\u00edculo Lattes<\/em>: <a href=\"http:\/\/lattes.cnpq.br\/1667176578685522\">http:\/\/lattes.cnpq.br\/1667176578685522<\/a><\/p>\n\n\n\n<p><strong>Luciana Lima de Sousa<\/strong> &#8211; Graduada em Ci\u00eancias Biol\u00f3gicas (UFPB). <em>Link do Curr\u00edculo Lattes<\/em>: <a href=\"http:\/\/lattes.cnpq.br\/0499181687798395\">http:\/\/lattes.cnpq.br\/0499181687798395<\/a><\/p>\n\n\n\n<p><strong>Luciv\u00e2nia da Silva Costa<\/strong> &#8211; Graduanda em Ci\u00eancias Biol\u00f3gicas (UFPB). <em>Link do Curr\u00edculo Lattes<\/em>: <a href=\"http:\/\/lattes.cnpq.br\/4403064795505912\">http:\/\/lattes.cnpq.br\/4403064795505912<\/a><\/p>\n\n\n\n<p><strong>Marcela Ferreira Da Silva<\/strong> &#8211; Graduanda em Ci\u00eancias Biol\u00f3gicas (UFPB). <em>Link do Curr\u00edculo Lattes<\/em>: <a href=\"http:\/\/lattes.cnpq.br\/9122447821517012\">http:\/\/lattes.cnpq.br\/9122447821517012<\/a><\/p>\n\n\n\n<p><strong>Maria Das Neves De Lima Arauj<\/strong>o &#8211; Graduanda em Ci\u00eancias Biol\u00f3gicas (UFPB). <em>Link do Curr\u00edculo Lattes<\/em>: <a href=\"http:\/\/lattes.cnpq.br\/8965977312609617\">http:\/\/lattes.cnpq.br\/8965977312609617<\/a><\/p>\n\n\n\n<p><strong>Maria Jos\u00e9 Soares de Lima<\/strong> &#8211; Mestra em Educa\u00e7\u00e3o (UFPB). <em>Link do Curr\u00edculo Lattes<\/em>: <a href=\"http:\/\/lattes.cnpq.br\/4988263151912005\">http:\/\/lattes.cnpq.br\/4988263151912005<\/a><\/p>\n\n\n\n<p><strong>Milla Nunes de Sousa Freitas<\/strong> &#8211; Mestranda em Biologia Molecular e Celular (UFPB). <em>Link do Curr\u00edculo Lattes<\/em>: <a href=\"http:\/\/lattes.cnpq.br\/3167672186257438\">http:\/\/lattes.cnpq.br\/3167672186257438<\/a><\/p>\n\n\n\n<p><strong>Natacha Oliveira de Souza<\/strong> &#8211; Doutoranda em Desenvolvimento e Meio Ambiente (UFPB). <em>Link do Curr\u00edculo Lattes<\/em>: <a href=\"http:\/\/lattes.cnpq.br\/9424647829720499\">http:\/\/lattes.cnpq.br\/9424647829720499<\/a><\/p>\n\n\n\n<p><strong>Pablo da Silva Rosa<\/strong> &#8211; Graduado em Ci\u00eancias Biol\u00f3gicas (UFPB). <em>Link do Curr\u00edculo Lattes<\/em>: <a href=\"http:\/\/lattes.cnpq.br\/2886773999107727\">http:\/\/lattes.cnpq.br\/2886773999107727<\/a><\/p>\n\n\n\n<p><strong>Paula Marcela Gomes de Santana Barbalho<\/strong> &#8211; Graduada em Pedagogia (UFPB). <em>Link do Curr\u00edculo Lattes<\/em>: <a href=\"http:\/\/lattes.cnpq.br\/1240173202151979\">http:\/\/lattes.cnpq.br\/1240173202151979<\/a><\/p>\n\n\n\n<p><strong>Pedro Emm\u00edlio de Lima Marinho<\/strong> &#8211; Graduando em Ci\u00eancias Biol\u00f3gicas (UFPB). <em>Link do Curr\u00edculo Lattes<\/em>: <a href=\"http:\/\/lattes.cnpq.br\/1860907006344170\">http:\/\/lattes.cnpq.br\/1860907006344170<\/a><\/p>\n\n\n\n<p><strong>Ronne Richard Ferreira Santos<\/strong> &#8211; Mestre em Biologia Molecualr (UFPB). <em>Link do Curr\u00edculo Lattes<\/em>: <a href=\"http:\/\/lattes.cnpq.br\/0180303938123854\">http:\/\/lattes.cnpq.br\/0180303938123854<\/a><\/p>\n\n\n\n<p><strong>Samara Alves Mendon\u00e7a<\/strong> &#8211; Graduanda em Ci\u00eancias Biol\u00f3gicas (UFPB). <em>Link do Curr\u00edculo Lattes<\/em>: <a href=\"http:\/\/lattes.cnpq.br\/0611836920170659\">http:\/\/lattes.cnpq.br\/0611836920170659<\/a><\/p>\n\n\n\n<p><strong>Silvana Vit\u00f3ria Alencar Gomes<\/strong> &#8211; Graduanda em Ci\u00eancias Biol\u00f3gicas (UFPB). <em>Link do Curr\u00edculo Lattes<\/em>: <a href=\"http:\/\/lattes.cnpq.br\/4930501616312995\">http:\/\/lattes.cnpq.br\/4930501616312995<\/a><\/p>\n\n\n\n<p><strong>Thaizi Gon\u00e7alves Almeida de Araujo<\/strong> &#8211; Graduanda em Ci\u00eancias Biol\u00f3gicas (UFPB). <em>Link do Curr\u00edculo Lattes<\/em>: <a href=\"http:\/\/lattes.cnpq.br\/6377934859770856\">http:\/\/lattes.cnpq.br\/6377934859770856<\/a><\/p>\n\n\n\n<p><strong>Thayz Rodrigues Enedino<\/strong> &#8211; Mestra em Biodiversidade (UFPB). <em>Link do Curr\u00edculo Lattes<\/em>: <a href=\"http:\/\/lattes.cnpq.br\/9159898375410450\">http:\/\/lattes.cnpq.br\/9159898375410450<\/a><\/p>\n\n\n\n<p><strong>Thiago dos Santos Ferreira<\/strong> &#8211; Graduado em Ci\u00eancias Biol\u00f3gicas (UFPB). <em>Link do Curr\u00edculo Lattes<\/em>: <a href=\"http:\/\/lattes.cnpq.br\/5966533496095769\">http:\/\/lattes.cnpq.br\/5966533496095769<\/a><\/p>\n\n\n\n<p><strong>Thiago Silva Sales<\/strong> &#8211; Graduado em Ci\u00eancias Biol\u00f3gicas (UFPB). <em>Link do Curr\u00edculo Lattes<\/em>: <a href=\"http:\/\/lattes.cnpq.br\/2996220876933581\">http:\/\/lattes.cnpq.br\/2996220876933581<\/a><\/p>\n\n\n\n<p><strong>Victor Gabriel Branco da Silva<\/strong> &#8211; Graduando em Ci\u00eancias Biol\u00f3gicas (UFPB). <em>Link do Curr\u00edculo Lattes<\/em>: <a href=\"http:\/\/lattes.cnpq.br\/7255603927890289\">http:\/\/lattes.cnpq.br\/7255603927890289<\/a><\/p>\n\n\n\n<p><strong>Walmor Alexandre Batista Silva<\/strong> &#8211; Graduando em Ci\u00eancias Biol\u00f3gicas (UFPB). <em>Link do Curr\u00edculo Lattes<\/em>: <a href=\"http:\/\/lattes.cnpq.br\/1943061203118278\">http:\/\/lattes.cnpq.br\/1943061203118278<\/a><\/p>\n\n\n\n<p><strong>Wylma Regina da Silva<\/strong> &#8211; Graduada em Ci\u00eancias Biol\u00f3gicas (UFPB). <em>Link do Curr\u00edculo Lattes<\/em>: <a href=\"http:\/\/lattes.cnpq.br\/5629853787642284\">http:\/\/lattes.cnpq.br\/5629853787642284<\/a><\/p>\n\n\n\n<p><strong>Yan Santos Hip\u00f3lito<\/strong> &#8211; Graduando em Pedagogia e Educa\u00e7\u00e3o do Campo (UFPB). <em>Link do Curr\u00edculo Lattes<\/em>: <a href=\"http:\/\/lattes.cnpq.br\/0411732412514708\">http:\/\/lattes.cnpq.br\/0411732412514708<\/a><\/p>\n\n\n\n<p><strong>Yasmim De Santana Santos<\/strong> &#8211; Doutoranda em Biologia Animal (UFMS). <em>Link do Curr\u00edculo Lattes<\/em>: <a href=\"http:\/\/lattes.cnpq.br\/0200489891320462\">http:\/\/lattes.cnpq.br\/0200489891320462<\/a><\/p>\n\n\n\n<p><strong>Z\u00e9lia Maria da Costa<\/strong> &#8211; Graduanda em Pedagogia (UFPB). <em>Link do Curr\u00edculo Lattes<\/em>: <a href=\"http:\/\/lattes.cnpq.br\/0931573875405634\">http:\/\/lattes.cnpq.br\/0931573875405634<\/a><\/p>\n\n\n\n<p><\/p>\n","protected":false},"excerpt":{"rendered":"<p>PESQUISADORES Alessandro Tomaz Barbosa &#8211; Doutor em Educa\u00e7\u00e3o Cient\u00edfica e Tecnol\u00f3gica (UFSC). Professor da Universidade Federal do Norte do Tocantins. Link do Curr\u00edculo Lattes: http:\/\/lattes.cnpq.br\/1933580717603283 Aluska da Silva Matias &#8211; Doutora em Ensino, Folosofia e Hist\u00f3ria das Ci\u00eancias (UFBA). Professora da Universidade Federal da Para\u00edba. Link do Curr\u00edculo Lattes: http:\/\/lattes.cnpq.br\/5946417799803732 Andr\u00e9 Luis Corr\u00eaa &#8211; Doutor [&hellip;]<\/p>\n","protected":false},"author":47,"featured_media":0,"parent":0,"menu_order":0,"comment_status":"closed","ping_status":"closed","template":"","meta":{"footnotes":""},"class_list":["post-21","page","type-page","status-publish","hentry"],"_links":{"self":[{"href":"https:\/\/www.ce.ufpb.br\/gepebio\/wp-json\/wp\/v2\/pages\/21","targetHints":{"allow":["GET"]}}],"collection":[{"href":"https:\/\/www.ce.ufpb.br\/gepebio\/wp-json\/wp\/v2\/pages"}],"about":[{"href":"https:\/\/www.ce.ufpb.br\/gepebio\/wp-json\/wp\/v2\/types\/page"}],"author":[{"embeddable":true,"href":"https:\/\/www.ce.ufpb.br\/gepebio\/wp-json\/wp\/v2\/users\/47"}],"replies":[{"embeddable":true,"href":"https:\/\/www.ce.ufpb.br\/gepebio\/wp-json\/wp\/v2\/comments?post=21"}],"version-history":[{"count":8,"href":"https:\/\/www.ce.ufpb.br\/gepebio\/wp-json\/wp\/v2\/pages\/21\/revisions"}],"predecessor-version":[{"id":83,"href":"https:\/\/www.ce.ufpb.br\/gepebio\/wp-json\/wp\/v2\/pages\/21\/revisions\/83"}],"wp:attachment":[{"href":"https:\/\/www.ce.ufpb.br\/gepebio\/wp-json\/wp\/v2\/media?parent=21"}],"curies":[{"name":"wp","href":"https:\/\/api.w.org\/{rel}","templated":true}]}}