{"id":9,"date":"2025-03-13T12:54:46","date_gmt":"2025-03-13T12:54:46","guid":{"rendered":"https:\/\/www.ce.ufpb.br\/gedeac\/?page_id=9"},"modified":"2026-01-06T18:17:04","modified_gmt":"2026-01-06T18:17:04","slug":"breve-historico","status":"publish","type":"page","link":"https:\/\/www.ce.ufpb.br\/gedeac\/breve-historico\/","title":{"rendered":"Breve Hist\u00f3rico"},"content":{"rendered":"\n<p class=\"has-text-align-center\">O grupo surge no dia 27 de mar\u00e7o de 2025, ano em que o l\u00edder, Prof. Dr. Dieison Prestes da Silveira, ingressa no Departamento de Metodologia da Educa\u00e7\u00e3o (DME) da Universidade Federal da Para\u00edba (UFPB).<\/p>\n\n\n\n<p class=\"has-text-align-left\">O grupo tem o intuito de realizar o mapeamento e a sistematiza\u00e7\u00e3o da produ\u00e7\u00e3o acad\u00eamica, teses e disserta\u00e7\u00f5es brasileiras, que discutem a Educa\u00e7\u00e3o Ambiental Cr\u00edtica, por meio da metodologia denominada \u201cEstado da Arte\u201d. Incumbe explicitar que os l\u00edderes do GEDEAC\/UFPB s\u00e3o membros da equipe do <a href=\"https:\/\/earte.fe.unicamp.br\/\">Projeto EArte Brasil (Estado da Arte da Pesquisa em Educa\u00e7\u00e3o Ambiental no Brasil)<\/a> e a UFPB, em 28 mar\u00e7o de 2025, foi credenciada como nova parceira do Projeto. De igual modo, desde setembro de 2025 o GEDEAC\/UFPB est\u00e1 articulado as a\u00e7\u00f5es de pesquisa do <a href=\"http:\/\/IwZXh0bgNhZW0CMTAAAR0IOIuKBIT8fSbAyhOWonvJPQudNJyYzDxWe9xGY5PgPrIg40zZ9-2a6YE_aem_60lXn7x-m0OFAL2q_mxuMQ\">Projeto EArte ALyC &#8211; Am\u00e9rica Latina e Caribe<\/a>.<\/p>\n\n\n<div class=\"wp-block-image\">\n<figure class=\"aligncenter size-full is-resized\"><a href=\"https:\/\/earte.fe.unicamp.br\/\"><img loading=\"lazy\" decoding=\"async\" width=\"207\" height=\"150\" src=\"https:\/\/www.ce.ufpb.br\/gedeac\/wp-content\/uploads\/sites\/138\/sites\/271\/2025\/03\/image.png\" alt=\"\" class=\"wp-image-116\" style=\"width:171px;height:auto\" \/><\/a><\/figure>\n<\/div>\n\n<div class=\"wp-block-image\">\n<figure class=\"aligncenter size-full is-resized\"><a href=\"https:\/\/eartealyc.net\/index.html?fbclid=IwZXh0bgNhZW0CMTAAAR0IOIuKBIT8fSbAyhOWonvJPQudNJyYzDxWe9xGY5PgPrIg40zZ9-2a6YE_aem_60lXn7x-m0OFAL2q_mxuMQ\"><img loading=\"lazy\" decoding=\"async\" width=\"225\" height=\"225\" src=\"https:\/\/www.ce.ufpb.br\/gedeac\/wp-content\/uploads\/sites\/138\/sites\/271\/2026\/01\/image.png\" alt=\"\" class=\"wp-image-387\" style=\"width:171px;height:auto\" srcset=\"https:\/\/www.ce.ufpb.br\/gedeac\/wp-content\/uploads\/sites\/138\/sites\/271\/2026\/01\/image.png 225w, https:\/\/www.ce.ufpb.br\/gedeac\/wp-content\/uploads\/sites\/138\/sites\/271\/2026\/01\/image-150x150.png 150w\" sizes=\"auto, (max-width: 225px) 100vw, 225px\" \/><\/a><\/figure>\n<\/div>\n\n\n<p><\/p>\n","protected":false},"excerpt":{"rendered":"<p>O grupo surge no dia 27 de mar\u00e7o de 2025, ano em que o l\u00edder, Prof. Dr. Dieison Prestes da Silveira, ingressa no Departamento de Metodologia da Educa\u00e7\u00e3o (DME) da Universidade Federal da Para\u00edba (UFPB). O grupo tem o intuito de realizar o mapeamento e a sistematiza\u00e7\u00e3o da produ\u00e7\u00e3o acad\u00eamica, teses e disserta\u00e7\u00f5es brasileiras, que [&hellip;]<\/p>\n","protected":false},"author":63,"featured_media":0,"parent":0,"menu_order":0,"comment_status":"closed","ping_status":"closed","template":"","meta":{"footnotes":""},"class_list":["post-9","page","type-page","status-publish","hentry"],"_links":{"self":[{"href":"https:\/\/www.ce.ufpb.br\/gedeac\/wp-json\/wp\/v2\/pages\/9","targetHints":{"allow":["GET"]}}],"collection":[{"href":"https:\/\/www.ce.ufpb.br\/gedeac\/wp-json\/wp\/v2\/pages"}],"about":[{"href":"https:\/\/www.ce.ufpb.br\/gedeac\/wp-json\/wp\/v2\/types\/page"}],"author":[{"embeddable":true,"href":"https:\/\/www.ce.ufpb.br\/gedeac\/wp-json\/wp\/v2\/users\/63"}],"replies":[{"embeddable":true,"href":"https:\/\/www.ce.ufpb.br\/gedeac\/wp-json\/wp\/v2\/comments?post=9"}],"version-history":[{"count":16,"href":"https:\/\/www.ce.ufpb.br\/gedeac\/wp-json\/wp\/v2\/pages\/9\/revisions"}],"predecessor-version":[{"id":389,"href":"https:\/\/www.ce.ufpb.br\/gedeac\/wp-json\/wp\/v2\/pages\/9\/revisions\/389"}],"wp:attachment":[{"href":"https:\/\/www.ce.ufpb.br\/gedeac\/wp-json\/wp\/v2\/media?parent=9"}],"curies":[{"name":"wp","href":"https:\/\/api.w.org\/{rel}","templated":true}]}}