{"id":46,"date":"2025-03-18T11:42:47","date_gmt":"2025-03-18T11:42:47","guid":{"rendered":"https:\/\/www.ce.ufpb.br\/gedeac\/?page_id=46"},"modified":"2025-09-13T17:31:57","modified_gmt":"2025-09-13T17:31:57","slug":"pesquisa","status":"publish","type":"page","link":"https:\/\/www.ce.ufpb.br\/gedeac\/pesquisa\/","title":{"rendered":"Pesquisa"},"content":{"rendered":"\n<p><strong>1 &#8211; PVD18481-2024 &#8211; PIBIC\/CNPq<\/strong> &#8211; As metodologias ativas de ensino como ferramentas de educa\u00e7\u00e3o em sa\u00fade \u2013 um continuum formativo. Link de acesso: <a href=\"https:\/\/sigaa.ufpb.br\/sigaa\/public\/departamento\/pesquisa.jsf\">https:\/\/sigaa.ufpb.br\/sigaa\/public\/departamento\/pesquisa.jsf<\/a><\/p>\n\n\n\n<p><strong>Coordenador:<\/strong> Prof. Dr. Mars\u00edlvio Gon\u00e7alves Pereira; <strong>Colaboradores:<\/strong> Prof. Dr. Dieison Prestes da Silveira; Prof. Dr. Andr\u00e9 Luis Corr\u00eaa; Profa. Dra. Aluska da Silva Matias; Prof. Dr. Daniel Manzoni de Almeida. <strong>Bolsistas:<\/strong> Isabelle Silva Cavalcante; Estefany Luize da Silva; Silvana Vit\u00f3ria Alencar Gomes; Ingrid de Lima Pereira. <\/p>\n\n\n\n<p>&#8212;&#8212;&#8212;&#8212;&#8212;&#8212;&#8212;&#8212;&#8212;&#8212;&#8212;&#8212;&#8212;&#8212;&#8212;&#8212;&#8212;&#8212;&#8212;&#8212;&#8212;&#8212;&#8212;&#8212;&#8212;&#8212;&#8212;&#8212;&#8212;&#8212;&#8212;&#8212;&#8212;&#8212;&#8212;&#8212;&#8212;&#8212;&#8212;&#8212;&#8212;<\/p>\n\n\n\n<p><strong>2 &#8211; PVD20281-2025 &#8211; PIBIC\/CNPq &#8211;<\/strong> A Educa\u00e7\u00e3o Ambiental Cr\u00edtica nas pesquisas brasileiras: pressupostos, perspectivas e tend\u00eancias em teses e disserta\u00e7\u00f5es. Link de acesso: <a href=\"https:\/\/sigaa.ufpb.br\/sigaa\/public\/docente\/pesquisa.jsf?siape=3447035\">https:\/\/sigaa.ufpb.br\/sigaa\/public\/docente\/pesquisa.jsf?siape=3447035<\/a><\/p>\n\n\n\n<p><strong>Coordenador:<\/strong> Prof. Dr. Dieison Prestes da Silveira; <strong>Coordenador Adjunto:<\/strong> Prof. Dr. Marsilvio Gon\u00e7alves Pereira. <strong>Bolsistas:<\/strong> Jos\u00e9 Victor Jacinto Figueiredo (PIBIC &#8211; UFPB &#8211; IC) e \u00c1lvaro Italo Firmino da N\u00f3brega (PIBIC &#8211; UFPB &#8211; IC).<\/p>\n\n\n\n<p>&#8212;&#8212;&#8212;&#8212;&#8212;&#8212;&#8212;&#8212;&#8212;&#8212;&#8212;&#8212;&#8212;&#8212;&#8212;&#8212;&#8212;&#8212;&#8212;&#8212;&#8212;&#8212;&#8212;&#8212;&#8212;&#8212;&#8212;&#8212;&#8212;&#8212;&#8212;&#8212;&#8212;&#8212;&#8212;&#8212;&#8212;&#8212;&#8212;&#8212;&#8212;<\/p>\n\n\n\n<p><strong>3 &#8211; PVD19985-2025 &#8211; PIBIC\/CNPq &#8211;<\/strong> Ensino de Biologia no Novo Ensino M\u00e9dio (NEM): curr\u00edculos e doc\u00eancias em tempos de reformas na Para\u00edba \u2013 uma conex\u00e3o com os est\u00e1gios supervisionados na forma\u00e7\u00e3o de professores. Link de acesso: <a href=\"https:\/\/sigaa.ufpb.br\/sigaa\/public\/docente\/pesquisa.jsf?siape=3447035\">https:\/\/sigaa.ufpb.br\/sigaa\/public\/docente\/pesquisa.jsf?siape=3447035<\/a><\/p>\n\n\n\n<p><strong>Coordenador:<\/strong> Prof. Dr. Mars\u00edlvio Gon\u00e7alves Pereira; <strong>Coordenador Adjunto:<\/strong> Prof. Dr. Dieison Prestes da Silveira. <strong>Bolsistas:<\/strong> Maria das Neves de Lima Ara\u00fajo (PIBIC &#8211; AF &#8211; IC).<\/p>\n\n\n\n<p>&#8212;&#8212;&#8212;&#8212;&#8212;&#8212;&#8212;&#8212;&#8212;&#8212;&#8212;&#8212;&#8212;&#8212;&#8212;&#8212;&#8212;&#8212;&#8212;&#8212;&#8212;&#8212;&#8212;&#8212;&#8212;&#8212;&#8212;&#8212;&#8212;&#8212;&#8212;&#8212;&#8212;&#8212;&#8212;&#8212;&#8212;&#8212;&#8212;&#8212;&#8212;<\/p>\n\n\n\n<p><strong>4 &#8211; PVD20215-2025 &#8211; PIBIC\/CNPq &#8211;<\/strong> As metodologias ativas de ensino como ferramentas de educa\u00e7\u00e3o em sa\u00fade \u2013 um continuum formativo e interseccionalidade com o Ensino de Ci\u00eancias e Biologia. Link de acesso: <a href=\"https:\/\/sigaa.ufpb.br\/sigaa\/public\/docente\/pesquisa.jsf?siape=3447035\">https:\/\/sigaa.ufpb.br\/sigaa\/public\/docente\/pesquisa.jsf?siape=3447035<\/a><\/p>\n\n\n\n<p><strong>Coordenador:<\/strong> Prof. Dr. Mars\u00edlvio Gon\u00e7alves Pereira; <strong>Coordenador Adjunto:<\/strong> Prof. Dr. Dieison Prestes da Silveira. <strong>Bolsistas:<\/strong> Marcela Ferreira da Silva (PIVITI &#8211; IT); Kevelin Barbosa Gomes de Andrade (PIVIC IC); Jo\u00e3o Lucas Raiol de Andrade (PIVIC &#8211; IC) e Silvana Vit\u00f3ria Alencar Gomes (PIBIC &#8211; AF &#8211; IC).<\/p>\n\n\n\n<p>&#8212;&#8212;&#8212;&#8212;&#8212;&#8212;&#8212;&#8212;&#8212;&#8212;&#8212;&#8212;&#8212;&#8212;&#8212;&#8212;&#8212;&#8212;&#8212;&#8212;&#8212;&#8212;&#8212;&#8212;&#8212;&#8212;&#8212;&#8212;&#8212;&#8212;&#8212;&#8212;&#8212;&#8212;&#8212;&#8212;&#8212;&#8212;&#8212;&#8212;&#8212;<\/p>\n","protected":false},"excerpt":{"rendered":"<p>1 &#8211; PVD18481-2024 &#8211; PIBIC\/CNPq &#8211; As metodologias ativas de ensino como ferramentas de educa\u00e7\u00e3o em sa\u00fade \u2013 um continuum formativo. Link de acesso: https:\/\/sigaa.ufpb.br\/sigaa\/public\/departamento\/pesquisa.jsf Coordenador: Prof. Dr. Mars\u00edlvio Gon\u00e7alves Pereira; Colaboradores: Prof. Dr. Dieison Prestes da Silveira; Prof. Dr. Andr\u00e9 Luis Corr\u00eaa; Profa. Dra. Aluska da Silva Matias; Prof. Dr. Daniel Manzoni de Almeida. [&hellip;]<\/p>\n","protected":false},"author":63,"featured_media":0,"parent":0,"menu_order":0,"comment_status":"closed","ping_status":"closed","template":"","meta":{"footnotes":""},"class_list":["post-46","page","type-page","status-publish","hentry"],"_links":{"self":[{"href":"https:\/\/www.ce.ufpb.br\/gedeac\/wp-json\/wp\/v2\/pages\/46","targetHints":{"allow":["GET"]}}],"collection":[{"href":"https:\/\/www.ce.ufpb.br\/gedeac\/wp-json\/wp\/v2\/pages"}],"about":[{"href":"https:\/\/www.ce.ufpb.br\/gedeac\/wp-json\/wp\/v2\/types\/page"}],"author":[{"embeddable":true,"href":"https:\/\/www.ce.ufpb.br\/gedeac\/wp-json\/wp\/v2\/users\/63"}],"replies":[{"embeddable":true,"href":"https:\/\/www.ce.ufpb.br\/gedeac\/wp-json\/wp\/v2\/comments?post=46"}],"version-history":[{"count":12,"href":"https:\/\/www.ce.ufpb.br\/gedeac\/wp-json\/wp\/v2\/pages\/46\/revisions"}],"predecessor-version":[{"id":299,"href":"https:\/\/www.ce.ufpb.br\/gedeac\/wp-json\/wp\/v2\/pages\/46\/revisions\/299"}],"wp:attachment":[{"href":"https:\/\/www.ce.ufpb.br\/gedeac\/wp-json\/wp\/v2\/media?parent=46"}],"curies":[{"name":"wp","href":"https:\/\/api.w.org\/{rel}","templated":true}]}}