{"id":24,"date":"2025-03-13T13:11:51","date_gmt":"2025-03-13T13:11:51","guid":{"rendered":"https:\/\/www.ce.ufpb.br\/gedeac\/?page_id=24"},"modified":"2026-02-21T00:00:38","modified_gmt":"2026-02-21T00:00:38","slug":"sugestoes-de-leituras","status":"publish","type":"page","link":"https:\/\/www.ce.ufpb.br\/gedeac\/sugestoes-de-leituras\/","title":{"rendered":"Produ\u00e7\u00e3o acad\u00eamica GEDEAC\/UFPB"},"content":{"rendered":"\n<div class=\"wp-block-columns is-layout-flex wp-container-core-columns-is-layout-9d6595d7 wp-block-columns-is-layout-flex\">\n<div class=\"wp-block-column is-layout-flow wp-block-column-is-layout-flow\" style=\"flex-basis:100%\"><\/div>\n<\/div>\n\n\n\n<details class=\"wp-block-details is-layout-flow wp-block-details-is-layout-flow\"><summary><strong>Artigos publicados<\/strong><\/summary>\n<p><strong>1 &#8211;<\/strong> N\u00d3RA, P. F. R.; SILVA, K. L. da. SILVEIRA, D. P. da. PACHA, L. S. A Educa\u00e7\u00e3o Ambiental Cr\u00edtica e os povos tradicionais: uma an\u00e1lise nas atas do Encontro Pesquisa em Educa\u00e7\u00e3o Ambiental (EPEA) de 2001 at\u00e9 2025. <strong>Revista Eletr\u00f4nica do Mestrado em Educa\u00e7\u00e3o Ambiental<\/strong>, Rio Grande, v. 42, n. 1, p. 40-60, jan.\/abr. 2025. Dispon\u00edvel em: <a href=\"https:\/\/periodicos.furg.br\/remea\/article\/view\/16647\/11730\">https:\/\/periodicos.furg.br\/remea\/article\/view\/16647\/11730<\/a> Acesso em: 20 de abril de 2025.<\/p>\n\n\n\n<p><strong>2 &#8211;<\/strong> SILVEIRA, D. P. da; LORENZETTI, L. Interculturalidade, racismo e justi\u00e7a ambiental \u00e0 luz da Educa\u00e7\u00e3o Ambiental Cr\u00edtica nas atas do EPEA 2001-2023. <strong>Revista Sergipana de Educa\u00e7\u00e3o Ambiental<\/strong>, S\u00e3o Crist\u00f3v\u00e3o, v. 13, n. 1, p. 1-19, 2023. Dispon\u00edvel em: <a href=\"https:\/\/periodicos.ufs.br\/revisea\/article\/view\/23079\/17519\">https:\/\/periodicos.ufs.br\/revisea\/article\/view\/23079\/17519<\/a> Acesso em: 20 de setembro de 2025.<\/p>\n\n\n\n<p><strong>3 &#8211;<\/strong> PACHECO, K. R. da S.; SOUZA, L. C. S. de; RANGEL, E. de S.; SILVEIRA, D. P. da. A forma\u00e7\u00e3o continuada de professores e a Educa\u00e7\u00e3o Ambiental Cr\u00edtica nas pesquisas do Banco EArte. <strong>Miss\u00f5es: Revista de Ci\u00eancias Humanas e Sociais<\/strong>, v. 11, n. 3, p 1-18, set.-dez. 2025. Dispon\u00edvel em: <a href=\"https:\/\/revistamissoeschs.com.br\/missoes\/article\/view\/508\/420\">https:\/\/revistamissoeschs.com.br\/missoes\/article\/view\/508\/420<\/a> Acesso em: 01 de dezembro de 2025.<\/p>\n\n\n\n<p><strong>4 &#8211;<\/strong> ARA\u00daJO, M. das N. de L.; SILVEIRA, D. P. da; PEREIRA, M. G. O &#8220;Novo Ensino M\u00e9dio&#8221; nas atas do ENPEC (2023). <strong>Cadernos do GPOSSHRE On-line<\/strong>, Itaperi, v. 9, n. 1, p. 1-20, 2025. Dispon\u00edvel em: <a href=\"https:\/\/revistas.uece.br\/index.php\/CadernosdoGPOSSHE\/article\/view\/16764\/13907\">https:\/\/revistas.uece.br\/index.php\/CadernosdoGPOSSHE\/article\/view\/16764\/13907<\/a> Acesso em: 09 de dezembro de 2025.<\/p>\n\n\n\n<p><strong>5 &#8211;<\/strong> SILVEIRA, D. P. da; LORENZETTI, L. Os indicadores de Educa\u00e7\u00e3o Ambiental Cr\u00edtica evidenciados na pesquisa acad\u00eamica brasileira. <strong>Pesquisa em Educa\u00e7\u00e3o Ambiental<\/strong>, Rio Claro, v. 20, n. 1, p. 1-20, 2025. Dispon\u00edvel em: <a href=\"https:\/\/www.periodicos.rc.biblioteca.unesp.br\/index.php\/pesquisa\/article\/view\/19312\">https:\/\/www.periodicos.rc.biblioteca.unesp.br\/index.php\/pesquisa\/article\/view\/19312<\/a> Acesso em: 11 de dezembro de 2025.<\/p>\n\n\n\n<p><strong>6 &#8211; <\/strong>FILHO, H. M.; SILVEIRA, D. P. da. A Educa\u00e7\u00e3o em Sa\u00fade nas atas do ENPEC no per\u00edodo 2001-2021: um panorama das pesquisas sobre forma\u00e7\u00e3o docente. <strong>Vidya<\/strong>, Santa Maria, v. 45, n. 1, p. 413-431, 2025. Dispon\u00edvel em: <a href=\"https:\/\/periodicos.ufn.edu.br\/index.php\/VIDYA\/article\/view\/5428\">https:\/\/periodicos.ufn.edu.br\/index.php\/VIDYA\/article\/view\/5428<\/a> Acesso em: 12\/12\/2025.<\/p>\n\n\n\n<p><strong>7 &#8211; <\/strong>SOUSA, M. M. A. de; SILVEIRA, D. P. da. Os temas interdisciplinares no Exame Nacional do Ensino M\u00e9dio (ENEM) &#8211; \u00c1rea Ci\u00eancias da Natureza (2009-2024). <strong>Revista de Educa\u00e7\u00e3o em Ci\u00eancias e em Matem\u00e1tica &#8211; RECEM<\/strong>, Curitiba, v. 1, n. 1, p. 1-18, 2025. Dispon\u00edvel em: <a href=\"https:\/\/revistas.ufpr.br\/recem\/article\/view\/102863\/76567\">https:\/\/revistas.ufpr.br\/recem\/article\/view\/102863\/76567<\/a> Acesso em: 19\/01\/2026.<\/p>\n\n\n\n<p><strong>8 &#8211;<\/strong> BEDIN, E.; SILVA, G. dos S. e; SILVEIRA, D. P. da. Editorial &#8211; RECEM. <strong>Revista de Educa\u00e7\u00e3o em Ci\u00eancias e em Matem\u00e1tica &#8211; RECEM<\/strong>, Curitiba, v. 1, n. 1, p. 1-5, 2025. Dispon\u00edvel em: <a href=\"https:\/\/revistas.ufpr.br\/recem\/article\/view\/102866\/76568\">https:\/\/revistas.ufpr.br\/recem\/article\/view\/102866\/76568<\/a> Acesso em: 19\/01\/2026.<\/p>\n\n\n\n<p><\/p>\n\n\n\n<p><\/p>\n<\/details>\n\n\n\n<details class=\"wp-block-details is-layout-flow wp-block-details-is-layout-flow\"><summary><strong>Cap\u00edtulos de livros<\/strong><\/summary>\n<p><strong>1 &#8211;<\/strong> SILVEIRA, D. P.; LORENZETTI, L. A an\u00e1lise de dados nas pesquisas em Educa\u00e7\u00e3o Ambiental Cr\u00edtica: contribui\u00e7\u00f5es para o campo da pesquisa. In: J\u00daNIOR, C. A. de O. M.; LORENZETTI, L. (Orgs.). <strong>Aspectos metodol\u00f3gicos e anal\u00edticos da pesquisa em Educa\u00e7\u00e3o em Ci\u00eancias e Matem\u00e1tica<\/strong>. Ponta Grossa: Texto e Contexto, 2025. p. 43-57. Dispon\u00edvel em: <a href=\"https:\/\/www.textoecontextoeditora.com.br\/assets\/uploads\/arquivo\/060fd-ensino-de-ciencias-e-educacao-matematica-13052025.pdf\">https:\/\/www.textoecontextoeditora.com.br\/assets\/uploads\/arquivo\/060fd-ensino-de-ciencias-e-educacao-matematica-13052025.pdf<\/a> Acesso em: 15\/05\/2025<\/p>\n\n\n\n<p><strong>2 &#8211; <\/strong>SILVA, A. F.; PEREIRA, M. G. Situando a Educa\u00e7\u00e3o Ambiental Cr\u00edtica: por um aprofundamento da cr\u00edtica na Educa\u00e7\u00e3o Ambiental. In: SILVEIRA, D. P. da. (Org.). Pressupostos te\u00f3ricos, metodol\u00f3gicos e pr\u00e1ticos da Educa\u00e7\u00e3o Ambiental Cr\u00edtica. Santo \u00c2ngelo: Editora Ilustra\u00e7\u00e3o, 2026, p. 19-36. DOI: 10.46550\/978-65-6135-223-9.19-36 Dispon\u00edvel em: <a href=\"https:\/\/editorailustracao.com.br\/media\/pdfs\/527\/F4cBcuIT6Pp8.pdf\">https:\/\/editorailustracao.com.br\/media\/pdfs\/527\/F4cBcuIT6Pp8.pdf<\/a> Acesso em: 10\/02\/2026<\/p>\n\n\n\n<p><strong>3 &#8211; <\/strong>PACHECO, K. R. da; SOUZA, L. C. S. de; FIGUEIREDO, J. V. J.; NOBREGA, A. I. F. da; SILVEIRA, D. P. da. Pressupostos te\u00f3ricos e metodol\u00f3gicos entre o Ensino de Ci\u00eancias e Biologia e a Educa\u00e7\u00e3o Ambiental Cr\u00edtica. In: SILVEIRA, D. P. da. (Org.). <strong>Pressupostos te\u00f3ricos, metodol\u00f3gicos e pr\u00e1ticos da Educa\u00e7\u00e3o Ambiental Cr\u00edtica. <\/strong>Santo \u00c2ngelo: Editora Ilustra\u00e7\u00e3o, 2026, p. 37-55. DOI: 10.46550\/978-65-6135-223-9.37-55 Dispon\u00edvel em: <a href=\"https:\/\/editorailustracao.com.br\/media\/pdfs\/527\/F4cBcuIT6Pp8.pdf\">https:\/\/editorailustracao.com.br\/media\/pdfs\/527\/F4cBcuIT6Pp8.pdf<\/a> Acesso em: 10\/02\/2026<\/p>\n\n\n\n<p><strong>4 &#8211;<\/strong> SANTANA, G. S. P. de; SILVA, J. S. N. da; SILVEIRA, D. P. da; GALLE, L. A. V. Educa\u00e7\u00e3o Ambiental Cr\u00edtica no contexto da Educa\u00e7\u00e3o Infantil: revis\u00e3o sistem\u00e1tica de relatos de experi\u00eancias. In: SILVEIRA, D. P. da. (Org.). <strong>Pressupostos te\u00f3ricos, metodol\u00f3gicos e pr\u00e1ticos da Educa\u00e7\u00e3o Ambiental Cr\u00edtica. <\/strong>Santo \u00c2ngelo: Editora Ilustra\u00e7\u00e3o, 2026, p. 83-99. DOI: 10.46550\/978-65-6135-223-9.83-99 Dispon\u00edvel em: <a href=\"https:\/\/editorailustracao.com.br\/media\/pdfs\/527\/F4cBcuIT6Pp8.pdf\">https:\/\/editorailustracao.com.br\/media\/pdfs\/527\/F4cBcuIT6Pp8.pdf<\/a> Acesso em: 10\/02\/2026<\/p>\n\n\n\n<p><strong>5 &#8211;<\/strong> PIGATTO, A. G. S.; SILVEIRA, D. P. da; HARADA, K. de. O.; BASSAN, J. S. &#8220;Decis\u00f5es em jogo&#8221;: um jogo did\u00e1tico constru\u00eddo a partir da perspectiva da Educa\u00e7\u00e3o Ambiental Cr\u00edtica. In: SILVEIRA, D. P. da. (Org.). <strong>Pressupostos te\u00f3ricos, metodol\u00f3gicos e pr\u00e1ticos da Educa\u00e7\u00e3o Ambiental Cr\u00edtica. <\/strong>Santo \u00c2ngelo: Editora Ilustra\u00e7\u00e3o, 2026, p. 119-140. DOI: 10.46550\/978-65-6135-223-9.119-140 Dispon\u00edvel em: <a href=\"https:\/\/editorailustracao.com.br\/media\/pdfs\/527\/F4cBcuIT6Pp8.pdf\">https:\/\/editorailustracao.com.br\/media\/pdfs\/527\/F4cBcuIT6Pp8.pdf<\/a> Acesso em: 10\/02\/2026<\/p>\n\n\n\n<p><strong>6 &#8211;<\/strong> FERREIRA, M. H.; LORENZETTI, L. Dos parques \u00e0 periferia: o potencial de Curitiba para uma Educa\u00e7\u00e3o Ambiental Cr\u00edtica. In: SILVEIRA, D. P. da. (Org.). <strong>Pressupostos te\u00f3ricos, metodol\u00f3gicos e pr\u00e1ticos da Educa\u00e7\u00e3o Ambiental Cr\u00edtica. <\/strong>Santo \u00c2ngelo: Editora Ilustra\u00e7\u00e3o, 2026, p. 161-177. DOI: 10.46550\/978-65-6135-223-9.161-177 Dispon\u00edvel em: <a href=\"https:\/\/editorailustracao.com.br\/media\/pdfs\/527\/F4cBcuIT6Pp8.pdf\">https:\/\/editorailustracao.com.br\/media\/pdfs\/527\/F4cBcuIT6Pp8.pdf<\/a> Acesso em: 10\/02\/2026<\/p>\n\n\n\n<p><strong>7 &#8211;<\/strong> SILVEIRA, A. P. da; CRUZ, L. P. da; BARROS, A. S. VESTENA, R. de F. Educa\u00e7\u00e3o Ambiental Cr\u00edtica e o territ\u00f3rio do Geoparque Quarta Col\u00f4nia: articulando saberes, identidades e transforma\u00e7\u00f5es. In: SILVEIRA, D. P. da. (Org.). <strong>Pressupostos te\u00f3ricos, metodol\u00f3gicos e pr\u00e1ticos da Educa\u00e7\u00e3o Ambiental Cr\u00edtica. <\/strong>Santo \u00c2ngelo: Editora Ilustra\u00e7\u00e3o, 2026, p. 179-194. DOI: 10.46550\/978-65-6135-223-9.179-194 Dispon\u00edvel em: <a href=\"https:\/\/editorailustracao.com.br\/media\/pdfs\/527\/F4cBcuIT6Pp8.pdf\">https:\/\/editorailustracao.com.br\/media\/pdfs\/527\/F4cBcuIT6Pp8.pdf<\/a> Acesso em: 10\/02\/2026<\/p>\n\n\n\n<p><strong>8 &#8211;<\/strong> COSTA, D. D. S. da; RODRIGUES, B. D.; RODRIGUES-MOURA, S.; ALMEIDA, A. C. P. C. de. Sustentabilidade, inova\u00e7\u00e3o e Educa\u00e7\u00e3o Ambiental Cr\u00edtica: problematizando vis\u00f5es de futuro para Bel\u00e9m em 2064. In: SILVEIRA, D. P. da. (Org.). <strong>Pressupostos te\u00f3ricos, metodol\u00f3gicos e pr\u00e1ticos da Educa\u00e7\u00e3o Ambiental Cr\u00edtica. <\/strong>Santo \u00c2ngelo: Editora Ilustra\u00e7\u00e3o, 2026, p. 195-211. DOI: 10.46550\/978-65-6135-223-9.195-211 Dispon\u00edvel em: <a href=\"https:\/\/editorailustracao.com.br\/media\/pdfs\/527\/F4cBcuIT6Pp8.pdf\">https:\/\/editorailustracao.com.br\/media\/pdfs\/527\/F4cBcuIT6Pp8.pdf<\/a> Acesso em: 10\/02\/2026<\/p>\n\n\n\n<p><strong>9 &#8211;<\/strong> RANGEL, E. de. S.; COSTA L. da S.; SILVEIRA, D. P. da. Guardi\u00e3o das sementes criuolas: saberes do campo, resist\u00eancia e Educa\u00e7\u00e3o Ambiental Cr\u00edtica em um assentamento rural. In: SILVEIRA, D. P. da. (Org.). <strong>Pressupostos te\u00f3ricos, metodol\u00f3gicos e pr\u00e1ticos da Educa\u00e7\u00e3o Ambiental Cr\u00edtica. <\/strong>Santo \u00c2ngelo: Editora Ilustra\u00e7\u00e3o, 2026, p. 213-226. DOI: 10.46550\/978-65-6135-223-9.213-226 Dispon\u00edvel em: <a href=\"https:\/\/editorailustracao.com.br\/media\/pdfs\/527\/F4cBcuIT6Pp8.pdf\">https:\/\/editorailustracao.com.br\/media\/pdfs\/527\/F4cBcuIT6Pp8.pdf<\/a> Acesso em: 10\/02\/2026<\/p>\n\n\n\n<p><strong>10 &#8211;<\/strong> FIGUEIREDO, J. V. J.; N\u00d3BREGA, A. I. F. da; PACHECO, K. R. da S.; SILVEIRA, D. P. da. Educa\u00e7\u00e3o Ambiental Cr\u00edtica e Educa\u00e7\u00e3o em Sa\u00fade: encontros, pressupostos e perspectivas. In: OLIVEIRA, T. D. (Org.). <strong>Planejamento urbano, meio ambiente e gest\u00e3o territorial: <\/strong>di\u00e1logos interdisciplinares sobre sociedade, educa\u00e7\u00e3o, sustentabilidade e inova\u00e7\u00e3o. Santo \u00c2ngelo: Editora Ilustra\u00e7\u00e3o, 2026, p. 159-170. Dispon\u00edvel em: <a href=\"https:\/\/editorailustracao.com.br\/media\/pdfs\/533\/QF7iB8nHBCjW.pdf\">https:\/\/editorailustracao.com.br\/media\/pdfs\/533\/QF7iB8nHBCjW.pdf<\/a> Acesso em: 20\/02\/2026.<\/p>\n\n\n\n<p><strong>11 &#8211;<\/strong> MONTEIRO, C. M. D. R.; SILVA, J. S. N. da; RODRIGUES W. M.; SILVEIRA, D. P. da. Jogos did\u00e1ticos como possibilidades formativas para o Ensino de Ci\u00eancias e Biologia \u00e0 luz do Ensino por Investiga\u00e7\u00e3o. In: OLIVEIRA, T. D. (Org.). <strong>Planejamento urbano, meio ambiente e gest\u00e3o territorial: <\/strong>di\u00e1logos interdisciplinares sobre sociedade, educa\u00e7\u00e3o, sustentabilidade e inova\u00e7\u00e3o. Santo \u00c2ngelo: Editora Ilustra\u00e7\u00e3o, 2026, p. 171-182. Dispon\u00edvel em: <a href=\"https:\/\/editorailustracao.com.br\/media\/pdfs\/533\/QF7iB8nHBCjW.pdf\">https:\/\/editorailustracao.com.br\/media\/pdfs\/533\/QF7iB8nHBCjW.pdf<\/a> Acesso em: 20\/02\/2026.<\/p>\n<\/details>\n\n\n\n<details class=\"wp-block-details is-layout-flow wp-block-details-is-layout-flow\"><summary><strong>Livros organizados<\/strong><\/summary>\n<p><strong>1 &#8211;<\/strong> SILVEIRA, D. P. da. <strong>Pressupostos te\u00f3ricos, metodol\u00f3gicos e pr\u00e1ticos da Educa\u00e7\u00e3o Ambiental Cr\u00edtica.<\/strong> (Org). Santo \u00c2ngelo: Editora Ilustra\u00e7\u00e3o, 2026. 258p. Dispon\u00edvel em: <a href=\"https:\/\/editorailustracao.com.br\/media\/pdfs\/527\/F4cBcuIT6Pp8.pdf\">https:\/\/editorailustracao.com.br\/media\/pdfs\/527\/F4cBcuIT6Pp8.pdf<\/a> Acesso em: 10\/02\/2026<\/p>\n\n\n\n<figure class=\"wp-block-image size-full is-resized\"><a href=\"https:\/\/editorailustracao.com.br\/livro\/pressupostos-teoricos-metodologicos-e-praticos-da-educacao-ambiental-critica\"><img loading=\"lazy\" decoding=\"async\" width=\"413\" height=\"586\" src=\"https:\/\/www.ce.ufpb.br\/gedeac\/wp-content\/uploads\/sites\/138\/sites\/271\/2026\/02\/capa.jpg\" alt=\"\" class=\"wp-image-405\" style=\"aspect-ratio:0.704786705801867;width:400px;height:auto\" srcset=\"https:\/\/www.ce.ufpb.br\/gedeac\/wp-content\/uploads\/sites\/138\/sites\/271\/2026\/02\/capa.jpg 413w, https:\/\/www.ce.ufpb.br\/gedeac\/wp-content\/uploads\/sites\/138\/sites\/271\/2026\/02\/capa-211x300.jpg 211w\" sizes=\"auto, (max-width: 413px) 100vw, 413px\" \/><\/a><\/figure>\n<\/details>\n\n\n\n<details class=\"wp-block-details is-layout-flow wp-block-details-is-layout-flow\"><summary><strong>Anais de eventos<\/strong><\/summary>\n<p><strong>1-<\/strong> SILVEIRA, A. P. da; SILVEIRA, D. P. da; VESTENA, R. de F. Alfabetiza\u00e7\u00e3o Cient\u00edfica no Ensino de Ci\u00eancias e Biologia: quest\u00f5es latentes no meio socioeducacional. In: ENCONTRO NACIONAL DE ENSINO DE BIOLOGIA, 10., 2024, Belo Horizonte. <strong>Anais&#8230; <\/strong>Belo Horizonte: UEMG, 2024, p. 1-12. Dispon\u00edvel em: <a href=\"https:\/\/publicacoes.sbenbio.org.br\/trabalhos\/e0055.pdf\">https:\/\/publicacoes.sbenbio.org.br\/trabalhos\/e0055.pdf<\/a> Acesso em 18 de julho de 2025.<\/p>\n\n\n\n<p><strong>2 &#8211;<\/strong> SILVEIRA, D. P. da.; ZAGO, M. R. R. da. S.; LORENZETTI, L. A Educa\u00e7\u00e3o Ambiental no contexto da rede municipal de ensino de Curitiba\/PR: uma an\u00e1lise nas atas do F\u00f3rum Curitibano de Educa\u00e7\u00e3o Ambiental. In: ENCONTRO NACIONAL DE ENSINO DE BIOLOGIA, 10., 2024, Belo Horizonte. <strong>Anais&#8230;<\/strong> Belo Horizonte: UEMG, 2024, p. 1-12. Dispon\u00edvel em: <a href=\"https:\/\/publicacoes.sbenbio.org.br\/trabalhos\/e0071.pdf\">https:\/\/publicacoes.sbenbio.org.br\/trabalhos\/e0071.pdf<\/a> Acesso em 18 de julho de 2025.<\/p>\n\n\n\n<p><strong>3 &#8211;<\/strong> GOUVEIA, A. S. de A.; MATIAS, A. da S.; SILVEIRA, D. P. da; PEREIRA, M. G. A presen\u00e7a (ou n\u00e3o) da Ambientaliza\u00e7\u00e3o Curricular no Curso de Ci\u00eancias Biol\u00f3gicas da UFPB, Jo\u00e3o Pessoa\/PB: uma an\u00e1lise documental. In: ENCONTRO REGIONAL DE ENSINO DE BIOLOGIA &#8211; NORDESTE, 9., 2025. Parna\u00edba. <strong>Anais&#8230;<\/strong> Parna\u00edba: SBENBio, 2025, p. 1-12. Dispon\u00edvel em: <a href=\"https:\/\/publicacoes.sbenbio.org.br\/trabalhos\/ixerebio_ne\/1071235.pdf\">https:\/\/publicacoes.sbenbio.org.br\/trabalhos\/ixerebio_ne\/1071235.pdf<\/a> Acesso em 14 de outubro de 2025.<\/p>\n\n\n\n<p><strong>4 &#8211;<\/strong> RANGEL, E. de S. PACHECO, K. R. da S; SILVEIRA, D. P da. Luta pela terra: mem\u00f3rias e reflex\u00f5es analisadas \u00e0 luz da Educa\u00e7\u00e3o Ambiental Cr\u00edtica. In CONGRESSO BRASILEIRO DE ESTUDOS EM AMBIENTE E SOCIEDADE &#8211; CONBEAS. 1., 2025. Fortaleza. <strong>Anais&#8230;<\/strong> Fortaleza: UECE, 2025, p. 1-5. Dispon\u00edvel em: <a href=\"https:\/\/zenodo.org\/records\/17560502\">https:\/\/zenodo.org\/records\/17560502<\/a> Acesso em 10 de novembro de 2025.<\/p>\n\n\n\n<p><strong>5 &#8211;<\/strong> GOMES, S. V. A.; PEREIRA, M. G.; SILVEIRA, D. P. da. An\u00e1lise de Par\u00e2metros e Indicadores de Alfabetiza\u00e7\u00e3o Cient\u00edfica voltados a Educa\u00e7\u00e3o em Sa\u00fade na educa\u00e7\u00e3o. In: SEMIN\u00c1RIO DE PR\u00c1TICAS EDUCATIVAS, MEM\u00d3RIAS E ORALIDADES. 12., 2025. Itaperi.<strong>Anais&#8230;<\/strong> Itaperi: UECE, 2025, p. 234-236. Dispon\u00edvel em: <a href=\"https:\/\/0b390cde-5f4b-41e2-bd41-14ec3fff5f0d.filesusr.com\/ugd\/87a2c1_f9db471bb8df4afea5174f1035254afb.pdf\">https:\/\/0b390cde-5f4b-41e2-bd41-14ec3fff5f0d.filesusr.com\/ugd\/87a2c1_f9db471bb8df4afea5174f1035254afb.pdf<\/a> Acesso em 27 de novembro de 2025.<\/p>\n\n\n\n<p><strong>6 &#8211;<\/strong> MONTEIRO, C. M. D. R.; CAVALCANTI, L. G.; LIMA, R. G. de; RODRIGUES, W. M.; SILVEIRA, D. P. da. Jogo did\u00e1tico com os pressupostos do Ensino por Investiga\u00e7\u00e3o: forma\u00e7\u00e3o e novas aprendizagens no Ensino de Ci\u00eancias. In: CONGRESSO INTERNACIONAL MOVIMENTOS DOCENTES. 1., 2025. S\u00e3o Paulo. <strong>Anais&#8230;<\/strong> S\u00e3o Paulo: UNIFESP, 2025, p. 69. Dispon\u00edvel em: <a href=\"https:\/\/drive.google.com\/file\/d\/1sMw-4_qbqzn3_b-iwXvBDenar8Rlw037\/view\">https:\/\/drive.google.com\/file\/d\/1sMw-4_qbqzn3_b-iwXvBDenar8Rlw037\/view<\/a> Acesso em: 09\/12\/2025.<\/p>\n\n\n\n<p><strong>7 &#8211;<\/strong> OLIVEIRA, H. de. S.; SANTOS, J. P. de L.; PACHECO, K. R.; COSTA, L. da S. SILVEIRA, D. P. da. Entre os rios e os riscos: uma proposta pedag\u00f3gica socioecol\u00f3gica sobre doen\u00e7as de veicula\u00e7\u00e3o h\u00eddrica nos rios de Jo\u00e3o Pessoa-PB. In: CONGRESSO INTERNACIONAL MOVIMENTOS DOCENTES. 1., 2025. S\u00e3o Paulo. <strong>Anais&#8230;<\/strong> S\u00e3o Paulo: UNIFESP, 2025, p. 280. Dispon\u00edvel em: <a href=\"https:\/\/drive.google.com\/file\/d\/1sMw-4_qbqzn3_b-iwXvBDenar8Rlw037\/view\">https:\/\/drive.google.com\/file\/d\/1sMw-4_qbqzn3_b-iwXvBDenar8Rlw037\/view<\/a> Acesso em: 09\/12\/2025.<\/p>\n\n\n\n<p><strong>8 &#8211;<\/strong> RODRIGUES, W. M.; SILVEIRA, D. P. da; MONTEIRO, C. M. D. R.; SILVA, J. S. N. da; CAVALCANTI, L. G. Via neural: explorando o sistema nervoso atrav\u00e9s de um recurso did\u00e1tico. In: CONGRESSO INTERNACIONAL MOVIMENTOS DOCENTES. 1., 2025. S\u00e3o Paulo. <strong>Anais&#8230;<\/strong> S\u00e3o Paulo: UNIFESP, 2025, p. 383. Dispon\u00edvel em: <a href=\"https:\/\/drive.google.com\/file\/d\/1sMw-4_qbqzn3_b-iwXvBDenar8Rlw037\/view\">https:\/\/drive.google.com\/file\/d\/1sMw-4_qbqzn3_b-iwXvBDenar8Rlw037\/view<\/a> Acesso em: 09\/12\/2025.<\/p>\n\n\n\n<p><strong>9 &#8211;<\/strong> LIMA, R. G. de. SILVEIRA, D. P. da; MONTEIRO, C. M. D. R.; SILVA, J. S. N. da; RODRIGUES, W. M. Proposta de um recurso did\u00e1tico na Educa\u00e7\u00e3o Sexual \u00e0 luz dos pressupostos do Ensino por Investiga\u00e7\u00e3o. In: CONGRESSO INTERNACIONAL MOVIMENTOS DOCENTES. 1., 2025. S\u00e3o Paulo. <strong>Anais&#8230;<\/strong> S\u00e3o Paulo: UNIFESP, 2025, p. 442. Dispon\u00edvel em: <a href=\"https:\/\/drive.google.com\/file\/d\/1sMw-4_qbqzn3_b-iwXvBDenar8Rlw037\/view\">https:\/\/drive.google.com\/file\/d\/1sMw-4_qbqzn3_b-iwXvBDenar8Rlw037\/view<\/a> Acesso em: 09\/12\/2025.<\/p>\n\n\n\n<p><strong>10 &#8211;<\/strong> COSTA, L. da S.; PACHECO, K. R. da S.; OLIVEIRA, H. de S.; SANTOS, J. P. de L. S.; SILVEIRA, D. P. da. Jogo &#8220;teia alimentar&#8221;: uma proposta investigativa para o ensino de conceitos ecol\u00f3gicos. In: CONGRESSO INTERNACIONAL MOVIMENTOS DOCENTES. 1., 2025. S\u00e3o Paulo. <strong>Anais&#8230;<\/strong> S\u00e3o Paulo: UNIFESP, 2025, p. 507. Dispon\u00edvel em: <a href=\"https:\/\/drive.google.com\/file\/d\/1sMw-4_qbqzn3_b-iwXvBDenar8Rlw037\/view\">https:\/\/drive.google.com\/file\/d\/1sMw-4_qbqzn3_b-iwXvBDenar8Rlw037\/view<\/a> Acesso em: 09\/12\/2025.<\/p>\n\n\n\n<p><strong>11 &#8211;<\/strong> FGUEIREDO, J. V. J.; NOBREGA, A. I. da; SILVEIRA, D. P. da. In: CONGRESSO INTERNACIONAL MOVIMENTOS DOCENTES. 1., 2025. S\u00e3o Paulo. <strong>Anais&#8230;<\/strong> S\u00e3o Paulo: UNIFESP, 2025, p. 557. Dispon\u00edvel em: <a href=\"https:\/\/drive.google.com\/file\/d\/1sMw-4_qbqzn3_b-iwXvBDenar8Rlw037\/view\">https:\/\/drive.google.com\/file\/d\/1sMw-4_qbqzn3_b-iwXvBDenar8Rlw037\/view<\/a> Acesso em: 09\/12\/2025.<\/p>\n\n\n\n<p><strong>12 &#8211;<\/strong> SILVA, J. S. N. da S.; CAVALCANTO, L. G.; LIMA, R. G. de; MONTEIRO, C. M. D. R.; SILVEIRA, D. P. da. Uso do jogo &#8220;desdendando a alergia&#8221; como estrat\u00e9gia para o ensino de imunologia na gradua\u00e7\u00e3o. In: CONGRESSO INTERNACIONAL MOVIMENTOS DOCENTES. 1., 2025. S\u00e3o Paulo. <strong>Anais&#8230;<\/strong> S\u00e3o Paulo: UNIFESP, 2025, p. 562. Dispon\u00edvel em: <a href=\"https:\/\/drive.google.com\/file\/d\/1sMw-4_qbqzn3_b-iwXvBDenar8Rlw037\/view\">https:\/\/drive.google.com\/file\/d\/1sMw-4_qbqzn3_b-iwXvBDenar8Rlw037\/view<\/a> Acesso em: 09\/12\/2025.<\/p>\n\n\n\n<p><strong>13 &#8211;<\/strong> SANTOS, J. P. de L.; PACHECO, K. R. da S. OLIVEIRA, H. de S. O.; COSTA, L. da S.; SILVEIRA, D. P. da. A horta escolar na promo\u00e7\u00e3o do Ensino de Bot\u00e2nica: constribui\u00e7\u00f5es formativas. In: CONGRESSO INTERNACIONAL MOVIMENTOS DOCENTES. 1., 2025. S\u00e3o Paulo. <strong>Anais&#8230;<\/strong> S\u00e3o Paulo: UNIFESP, 2025, p. 564. Dispon\u00edvel em: <a href=\"https:\/\/drive.google.com\/file\/d\/1sMw-4_qbqzn3_b-iwXvBDenar8Rlw037\/view\">https:\/\/drive.google.com\/file\/d\/1sMw-4_qbqzn3_b-iwXvBDenar8Rlw037\/view<\/a> Acesso em: 09\/12\/2025.<\/p>\n\n\n\n<p><strong>14 &#8211;<\/strong> NOBREGA, A. I. F. da; FIGUEIREDO, J. V. J.; SILVEIRA, D. P. da. A Educa\u00e7\u00e3o Ambiental Cr\u00edtica no nordeste brasileiro: uma an\u00e1lise no Banco EArte (1981-2020). In: CONGRESSO INTERNACIONAL MOVIMENTOS DOCENTES. 1., 2025. S\u00e3o Paulo. <strong>Anais&#8230;<\/strong> S\u00e3o Paulo: UNIFESP, 2025, p. 678. Dispon\u00edvel em: <a href=\"https:\/\/drive.google.com\/file\/d\/1sMw-4_qbqzn3_b-iwXvBDenar8Rlw037\/view\">https:\/\/drive.google.com\/file\/d\/1sMw-4_qbqzn3_b-iwXvBDenar8Rlw037\/view<\/a> Acesso em: 09\/12\/2025.<\/p>\n\n\n\n<p><strong>15 &#8211;<\/strong> CAVALCANTI, L. G.; LIMA, R. G. de; SILVA, J. S. N. da; RODRIGUES, W. M.; SILVEIRA, D. P. da. Jogo did\u00e1tico &#8220;conectando rea\u00e7\u00f5es&#8221;: potencialidades formativas para o Ensino de Ci\u00eancias. In: CONGRESSO INTERNACIONAL MOVIMENTOS DOCENTES. 1., 2025. S\u00e3o Paulo. <strong>Anais&#8230;<\/strong> S\u00e3o Paulo: UNIFESP, 2025, p. 731. Dispon\u00edvel em: <a href=\"https:\/\/drive.google.com\/file\/d\/1sMw-4_qbqzn3_b-iwXvBDenar8Rlw037\/view\">https:\/\/drive.google.com\/file\/d\/1sMw-4_qbqzn3_b-iwXvBDenar8Rlw037\/view<\/a> Acesso em: 09\/12\/2025.<\/p>\n\n\n\n<p><strong>16 &#8211;<\/strong> SILVA, J. S. N. da; SILVEIRA, D. P. da. Oficina pedag\u00f3gica como estrat\u00e9gia de ensino para a compreens\u00e3o da import\u00e2ncia de cole\u00e7\u00f5es biol\u00f3gicas. In: CONGRESSO NACIONAL DE EDUCA\u00c7\u00c3O. 11., 2025. Recife. <strong>Anais&#8230;<\/strong> Recife: Realize EventosCient\u00edficos e Editora LTDA, 2025, p. 1-7. Dispon\u00edvel em: <a href=\"https:\/\/editorarealize.com.br\/artigo\/visualizar\/134042\">https:\/\/editorarealize.com.br\/artigo\/visualizar\/134042<\/a> Acesso em 10\/12\/2025.<\/p>\n\n\n\n<p><strong>17 &#8211;<\/strong> SILVA, V. G. B. da; PEREIRA, M. G.; SILVEIRA, D. P. da. (In)tens\u00f5es do Novo Ensino M\u00e9dio no Ensino de Ci\u00eancias e Biologia: debates necess\u00e1iros. In: CONGRESSO NACIONAL DE EDUCA\u00c7\u00c3O. 11., 2025. Recife. <strong>Anais&#8230;<\/strong> Recife: Realize Eventos Cient\u00edficos e Editora LTDA, 2025, p. 1-12. Dispon\u00edvel em: <a href=\"https:\/\/editorarealize.com.br\/artigo\/visualizar\/133856\">https:\/\/editorarealize.com.br\/artigo\/visualizar\/133856<\/a> Acesso em: 10\/12\/2025.<\/p>\n\n\n\n<p><strong>18 &#8211;<\/strong> FERREIRA, M. H.; SILVEIRA, D. P. da; LORENZETTI, L. Pr\u00e1ticas de Educa\u00e7\u00e3o Ambiental no Brasil: uma an\u00e1lise das rela\u00e7\u00f5es pr\u00e1ticas-tem\u00e1ticas em 2020. In: ENCONTRO REGIONAL SUL DE ENSINO DE BIOLOGIA. 11., 2025. Curitiba. <strong>Anais&#8230;<\/strong> Curitiba. Realize Eventos Cient\u00edficos e Editora LTDA, 2025. Dispon\u00edvel em: <a href=\"https:\/\/static.even3.com\/anais\/1191127.pdf?v=639014058828368554\">https:\/\/static.even3.com\/anais\/1191127.pdf?v=639014058828368554<\/a> Acesso em: 15\/12\/2025.<\/p>\n\n\n\n<p><\/p>\n\n\n\n<p><\/p>\n<\/details>\n\n\n\n<p><\/p>\n\n\n\n<p><\/p>\n\n\n\n<p><\/p>\n\n\n<div class=\"wp-block-image\">\n<figure class=\"aligncenter size-full is-resized\"><img loading=\"lazy\" decoding=\"async\" width=\"200\" height=\"178\" src=\"https:\/\/www.ce.ufpb.br\/gedeac\/wp-content\/uploads\/sites\/138\/sites\/271\/2025\/04\/200w.gif\" alt=\"\" class=\"wp-image-200\" style=\"width:106px;height:auto\" \/><\/figure>\n<\/div>","protected":false},"excerpt":{"rendered":"","protected":false},"author":63,"featured_media":0,"parent":0,"menu_order":0,"comment_status":"closed","ping_status":"closed","template":"","meta":{"footnotes":""},"class_list":["post-24","page","type-page","status-publish","hentry"],"_links":{"self":[{"href":"https:\/\/www.ce.ufpb.br\/gedeac\/wp-json\/wp\/v2\/pages\/24","targetHints":{"allow":["GET"]}}],"collection":[{"href":"https:\/\/www.ce.ufpb.br\/gedeac\/wp-json\/wp\/v2\/pages"}],"about":[{"href":"https:\/\/www.ce.ufpb.br\/gedeac\/wp-json\/wp\/v2\/types\/page"}],"author":[{"embeddable":true,"href":"https:\/\/www.ce.ufpb.br\/gedeac\/wp-json\/wp\/v2\/users\/63"}],"replies":[{"embeddable":true,"href":"https:\/\/www.ce.ufpb.br\/gedeac\/wp-json\/wp\/v2\/comments?post=24"}],"version-history":[{"count":50,"href":"https:\/\/www.ce.ufpb.br\/gedeac\/wp-json\/wp\/v2\/pages\/24\/revisions"}],"predecessor-version":[{"id":421,"href":"https:\/\/www.ce.ufpb.br\/gedeac\/wp-json\/wp\/v2\/pages\/24\/revisions\/421"}],"wp:attachment":[{"href":"https:\/\/www.ce.ufpb.br\/gedeac\/wp-json\/wp\/v2\/media?parent=24"}],"curies":[{"name":"wp","href":"https:\/\/api.w.org\/{rel}","templated":true}]}}