{"id":22,"date":"2025-03-13T13:11:31","date_gmt":"2025-03-13T13:11:31","guid":{"rendered":"https:\/\/www.ce.ufpb.br\/gedeac\/?page_id=22"},"modified":"2026-01-06T18:03:18","modified_gmt":"2026-01-06T18:03:18","slug":"extensao","status":"publish","type":"page","link":"https:\/\/www.ce.ufpb.br\/gedeac\/extensao\/","title":{"rendered":"Extens\u00e3o"},"content":{"rendered":"\n<p><strong>1 &#8211; CR215-2025 &#8211;<\/strong> Desbravando o Curr\u00edculo lattes, o Orcid, o ResearchGate e a ABNT por meio de viv\u00eancias e experi\u00eancias. Link de acesso: <a href=\"https:\/\/sigaa.ufpb.br\/sigaa\/public\/docente\/extensao.jsf\">https:\/\/sigaa.ufpb.br\/sigaa\/public\/docente\/extensao.jsf<\/a><\/p>\n\n\n\n<p><strong>Coordenador: <\/strong>Prof. Dr. Dieison Prestes da Silveira; <strong>Monitor:<\/strong> Kayo Ryan da Silva Pacheco; <strong>Alunas volunt\u00e1rias<\/strong>: Maria do Carmo de Lima Araujo e Maria das Neves de Lima Araujo. <strong>Conclu\u00eddo!<\/strong><\/p>\n\n\n\n<p><strong>2 &#8211; PJ1173-2025 &#8211;<\/strong> Pressupostos te\u00f3ricos, metodol\u00f3gicos e pr\u00e1ticos da Educa\u00e7\u00e3o Ambiental Cr\u00edtica: a\u00e7\u00f5es e intera\u00e7\u00f5es na forma\u00e7\u00e3o de professores. Link de acesso: <a href=\"https:\/\/sigaa.ufpb.br\/sigaa\/public\/docente\/extensao.jsf\">https:\/\/sigaa.ufpb.br\/sigaa\/public\/docente\/extensao.jsf<\/a><\/p>\n\n\n\n<p><strong>Coordenador: <\/strong>Prof. Dr. Dieison Prestes da Silveira; <strong>Coordenador Adjunto:<\/strong> Prof. Dr. Marsilvio Gon\u00e7alves Pereira; <strong>Volunt\u00e1rios\/as:<\/strong> Jo\u00e3o Lucas Raiol de Andrade; Aisla Janale Gomes da Silva; Thaizi Gon\u00e7alves Almeida de Ara\u00fajo; Jonatas Ara\u00fajo Lacerda; Fl\u00e1via Silva Ara\u00fajo dos Santos; Jardielly Sousa Nunes da Silva; Laryssa Elisa de Oliveira Siqueira Mendes; Maiara da Silva Ribeiro; Emilly Victoria Duarte Pinto<\/p>\n\n\n\n<p><\/p>\n","protected":false},"excerpt":{"rendered":"<p>1 &#8211; CR215-2025 &#8211; Desbravando o Curr\u00edculo lattes, o Orcid, o ResearchGate e a ABNT por meio de viv\u00eancias e experi\u00eancias. Link de acesso: https:\/\/sigaa.ufpb.br\/sigaa\/public\/docente\/extensao.jsf Coordenador: Prof. Dr. Dieison Prestes da Silveira; Monitor: Kayo Ryan da Silva Pacheco; Alunas volunt\u00e1rias: Maria do Carmo de Lima Araujo e Maria das Neves de Lima Araujo. Conclu\u00eddo! 2 [&hellip;]<\/p>\n","protected":false},"author":63,"featured_media":0,"parent":0,"menu_order":0,"comment_status":"closed","ping_status":"closed","template":"","meta":{"footnotes":""},"class_list":["post-22","page","type-page","status-publish","hentry"],"_links":{"self":[{"href":"https:\/\/www.ce.ufpb.br\/gedeac\/wp-json\/wp\/v2\/pages\/22","targetHints":{"allow":["GET"]}}],"collection":[{"href":"https:\/\/www.ce.ufpb.br\/gedeac\/wp-json\/wp\/v2\/pages"}],"about":[{"href":"https:\/\/www.ce.ufpb.br\/gedeac\/wp-json\/wp\/v2\/types\/page"}],"author":[{"embeddable":true,"href":"https:\/\/www.ce.ufpb.br\/gedeac\/wp-json\/wp\/v2\/users\/63"}],"replies":[{"embeddable":true,"href":"https:\/\/www.ce.ufpb.br\/gedeac\/wp-json\/wp\/v2\/comments?post=22"}],"version-history":[{"count":9,"href":"https:\/\/www.ce.ufpb.br\/gedeac\/wp-json\/wp\/v2\/pages\/22\/revisions"}],"predecessor-version":[{"id":379,"href":"https:\/\/www.ce.ufpb.br\/gedeac\/wp-json\/wp\/v2\/pages\/22\/revisions\/379"}],"wp:attachment":[{"href":"https:\/\/www.ce.ufpb.br\/gedeac\/wp-json\/wp\/v2\/media?parent=22"}],"curies":[{"name":"wp","href":"https:\/\/api.w.org\/{rel}","templated":true}]}}