{"id":17,"date":"2025-03-13T13:10:50","date_gmt":"2025-03-13T13:10:50","guid":{"rendered":"https:\/\/www.ce.ufpb.br\/gedeac\/?page_id=17"},"modified":"2025-12-05T17:14:19","modified_gmt":"2025-12-05T17:14:19","slug":"em-andamento","status":"publish","type":"page","link":"https:\/\/www.ce.ufpb.br\/gedeac\/em-andamento\/","title":{"rendered":"Em Andamento"},"content":{"rendered":"\n<p><\/p>\n\n\n\n<details class=\"wp-block-details is-layout-flow wp-block-details-is-layout-flow\"><summary><strong>Trabalho de Conclus\u00e3o de Curso<\/strong><\/summary>\n<p>1- <strong>Gabriel Silva Prates de Santana<\/strong> &#8211; TCC intitulado &#8220;A percep\u00e7\u00e3o dos estudantes da EJA sobre os impacots das mudan\u00e7as clim\u00e1ticas em organismos tropicais \u00e0 luz da Educa\u00e7\u00e3o Ambiental Cr\u00edtica&#8221;. Orientador, Prof. Dr. Dieison Prestes da Silveira. Universidade Federal da Para\u00edba, 2025.<\/p>\n\n\n\n<p>2- <strong>Jardielly Souza Nunes da Silva <\/strong>&#8211; TCC intitulado &#8220;Percep\u00e7\u00e3o dos alunos de uma escola p\u00fablica de Jo\u00e3o Pessoa\/PB acerca dos termos &#8216;Diversidade, Biodiversidade e Sociodiversidade'&#8221;. Orientador, Prof. Dr. Dieison Prestes da Silveira. Universidade Federal da Para\u00edba, 2025.<\/p>\n\n\n\n<p>3- <strong>Maria Das Neves De Lima Araujo<\/strong> &#8211; TCC intitulado &#8220;Educa\u00e7\u00e3o Ambiental Cr\u00edtica e crise clim\u00e1tica. Orientador, Prof. Dr. Dieison Prestes da Silveira. Universidade Federal da Para\u00edba, 2025.<\/p>\n\n\n\n<p>4- <strong>Her\u00e1clito Cabral Cosendey &#8211;<\/strong> TCC intitulado &#8220;A avalia\u00e7\u00e3o no Ensino de Ci\u00eancias do Ensino Fuindamental II: pressupostos e tend\u00eancias&#8221;. Orientador, Prof. Dr. Dieison Prestes da Silveira. Universidade Federal da Para\u00edba, 2025.<\/p>\n\n\n\n<p><\/p>\n\n\n\n<p><\/p>\n<\/details>\n\n\n\n<details class=\"wp-block-details is-layout-flow wp-block-details-is-layout-flow\"><summary><strong>Mestrado<\/strong><\/summary>\n<p>1- <strong>Isabelle Silva Cavalcante<\/strong> &#8211; Disserta\u00e7\u00e3o intitulada &#8220;Indicadores de Educa\u00e7\u00e3o Ambiental Cr\u00edtica na forma\u00e7\u00e3o e pr\u00e1tica docente: desafios e possibilidades no Ensino de Ci\u00eancias&#8221;. Orientador, Prof. Dr. Dieison Prestes da Silveira (UFPB), 2026.<\/p>\n\n\n\n<p>2- <strong>Daiane da Silva Ribeiro<\/strong> &#8211; Disserta\u00e7\u00e3o intitulada &#8220;Tecnologias da Informa\u00e7\u00e3o e Comunica\u00e7\u00e3o no Ensino de Ci\u00eancias: interfaces entre Educa\u00e7\u00e3o Ambiental e Letramento Cient\u00edfico&#8221;. Orientador, Prof. Dr. Dieison Prestes da Silveira (UFPB), 2026.<\/p>\n<\/details>\n\n\n\n<details class=\"wp-block-details is-layout-flow wp-block-details-is-layout-flow\"><summary><strong>Doutorado<\/strong><\/summary>\n<p><\/p>\n<\/details>\n","protected":false},"excerpt":{"rendered":"","protected":false},"author":63,"featured_media":0,"parent":0,"menu_order":0,"comment_status":"closed","ping_status":"closed","template":"","meta":{"footnotes":""},"class_list":["post-17","page","type-page","status-publish","hentry"],"_links":{"self":[{"href":"https:\/\/www.ce.ufpb.br\/gedeac\/wp-json\/wp\/v2\/pages\/17","targetHints":{"allow":["GET"]}}],"collection":[{"href":"https:\/\/www.ce.ufpb.br\/gedeac\/wp-json\/wp\/v2\/pages"}],"about":[{"href":"https:\/\/www.ce.ufpb.br\/gedeac\/wp-json\/wp\/v2\/types\/page"}],"author":[{"embeddable":true,"href":"https:\/\/www.ce.ufpb.br\/gedeac\/wp-json\/wp\/v2\/users\/63"}],"replies":[{"embeddable":true,"href":"https:\/\/www.ce.ufpb.br\/gedeac\/wp-json\/wp\/v2\/comments?post=17"}],"version-history":[{"count":15,"href":"https:\/\/www.ce.ufpb.br\/gedeac\/wp-json\/wp\/v2\/pages\/17\/revisions"}],"predecessor-version":[{"id":354,"href":"https:\/\/www.ce.ufpb.br\/gedeac\/wp-json\/wp\/v2\/pages\/17\/revisions\/354"}],"wp:attachment":[{"href":"https:\/\/www.ce.ufpb.br\/gedeac\/wp-json\/wp\/v2\/media?parent=17"}],"curies":[{"name":"wp","href":"https:\/\/api.w.org\/{rel}","templated":true}]}}