{"id":15,"date":"2025-03-13T13:10:36","date_gmt":"2025-03-13T13:10:36","guid":{"rendered":"https:\/\/www.ce.ufpb.br\/gedeac\/?page_id=15"},"modified":"2026-04-01T20:59:59","modified_gmt":"2026-04-01T20:59:59","slug":"concluidas","status":"publish","type":"page","link":"https:\/\/www.ce.ufpb.br\/gedeac\/concluidas\/","title":{"rendered":"Conclu\u00eddas"},"content":{"rendered":"\n<details class=\"wp-block-details is-layout-flow wp-block-details-is-layout-flow\"><summary><strong>Trabalho de Conclus\u00e3o de Curso<\/strong><\/summary>\n<p>1 &#8211; <strong>Estefany Luize da Silva<\/strong> &#8211; TCC intitulado &#8220;Tecnologias Digitais da Informa\u00e7\u00e3o e Comunica\u00e7\u00e3o e a Educa\u00e7\u00e3o em Sa\u00fade&#8221;. Orientador, Prof. Dr. Dieison Prestes da Silveira; Coorientador, Prof. Dr. Mars\u00edlvio Gon\u00e7alves Pereira, Universidade Federal da Para\u00edba, 2025. (Defesa em: 06\/10\/2025, 14h)<\/p>\n\n\n\n<p>2 &#8211; <strong>Kaio Ryan da Silva Pacheco<\/strong> &#8211; TCC intitulado &#8221; Sensorymind: explorando receptores sensoriais com o uso de analogias e circuitos eletr\u00f4nicos no Ensino de Fisiologia&#8221;. Orientador, Prof. Dr. Paulo Fernando Guedes Pereira Montenegro; Coorientador, Prof. Dr. Dieison Prestes da Silveira. Universidade Federal da Para\u00edba, 2025. (Defesa em: 08\/10\/2025, 10h)<\/p>\n\n\n\n<p>3<strong> &#8211; Carlos Vinicius da Silva &#8211;<\/strong> TCC intitulado &#8220;Desenvolvimento vegetal em livros did\u00e1ticos do Ensino M\u00e9dio: an\u00e1lise do conte\u00fado e propostas de abordagens pr\u00e1ticas&#8221;. Orientador, Prof. Dr. Frederico Rocha Rodrigues Alves; Coorientador, Prof. Dr. Dieison Prestes da Silveira. Universidade Federal da Para\u00edba, 2025. (Defesa em 10\/10\/2025, 10h)<\/p>\n\n\n\n<p>4 &#8211; <strong>M\u00e1rcia Maria Alves de Sousa<\/strong> &#8211; TCC intitulado &#8220;Avalia\u00e7\u00e3o dos temas interdiscplinares no Exame Nacional do Ensino M\u00e9dio (ENEM) na \u00e1rea de Ci\u00eancias da Natureza no per\u00edodo 2009-2024&#8221;. Orientador, Prof. Dr. Dieison Prestes da Silveira. Universidade Federal da Para\u00edba, 2025. (Defesa em 10\/10\/2025, 14h)<\/p>\n\n\n\n<p>5 &#8211;<strong>Her\u00e1clito Cabral Cosendey<\/strong> &#8211; TCC intitulado &#8220;A avalia\u00e7\u00e3o no Ensino de Ci\u00eancia do Ensino Fundamental II: pressupostos e tend\u00eancias&#8221;. Orientador, Prof. Dr. Dieison Prestes da Silveira. Universidade Federal da Para\u00edba, 2026. (Defesa em 30\/03\/2026, 9h)<\/p>\n\n\n\n<p>6 &#8211; <strong>Ana Marcia da Silva Barbosa<\/strong> &#8211; TCC intitulado &#8220;Os jogos na Educa\u00e7\u00e3o Matem\u00e1tica: o que revelam as pesquisas?&#8221;. Orientador, Prof. Dr. Dieison Prestes da Silveira. Universidade Federal da Para\u00edba, 2026. (Defesa em 31\/03\/2026, 9h)<\/p>\n\n\n\n<p>7 &#8211; <strong>Marcos Ant\u00f4nio Batista Salustino<\/strong> &#8211; TCC intitulado &#8220;A proposi\u00e7\u00e3o de um recurso para o Ensino de Parasitoses: articula\u00e7\u00f5es entre o Ensino de Ci\u00eancias e Biologia e a Educa\u00e7\u00e3o em Sa\u00fade&#8221;. Orientador, Prof. Dr. Dieison Prestes da Silveira. Universidade Federal da Para\u00edba, 2026 (Defesa em 31\/03\/2026, 11h)<\/p>\n\n\n\n<p>8 &#8211; <strong>Jeanneson Silva de Sales<\/strong> &#8211; TCC intitulado &#8220;Conhecimento das pr\u00e1ticas de Educa\u00e7\u00e3o Ambiental publicizados nas reuni\u00f5es anuais da ANPEd (2003-2023): um estudo de estado da arte&#8221;. Orientador, Prof. Dr. Dieison Prestes da Silveira; Universidade Federal da Para\u00edba, 2026. (Defesa em 31\/03\/2026, 14h)<\/p>\n\n\n\n<p>9 &#8211; <strong>Luciv\u00e2nia da Silva Costa<\/strong> &#8211; TCC intitulado &#8220;O professor de Biologia e os recursos did\u00e1ticos aliados \u00e0 sua pr\u00e1tica educativa: uma pesquisa de estado da arte nas atas do ENEBIO (2014-2021)&#8221;. Orientador, Prof. Dr. Dieison Prestes da Silveira. Coorientador, Prof. Dr. Marsilvio Gon\u00e7alves Pereira; Universidade Federal da Para\u00edba, 2026. (Defesa em 01\/04\/2026, 16h15min)<\/p>\n\n\n\n<p>10 &#8211; <strong>Silvana Vit\u00f3ria Alencar Gomes<\/strong> &#8211; TCC intitulado &#8220;Alfabetiza\u00e7\u00e3o Cient\u00edfica no Ensino de Biologia: de estado da arte a uma Atividade Did\u00e1tica sobre c\u00e9lulas e microscopias&#8221;. Orientador, Prof. Dr. Marsilvio Gon\u00e7alves Pereira. Coorientador, Prof. Dr. Dieison Prestes da Silveira; Universidade Federal da Para\u00edba, 2026. (Defesa em 02\/04\/2026, 9h)<\/p>\n\n\n\n<p><\/p>\n<\/details>\n\n\n\n<details class=\"wp-block-details is-layout-flow wp-block-details-is-layout-flow\"><summary><strong>Mestrado<\/strong><\/summary>\n<p>1 &#8211; <strong>Theo de Paula Cabral<\/strong> &#8211; Disserta\u00e7\u00e3o intitulada &#8220;Educa\u00e7\u00e3o Ambiental Cr\u00edtica no Referencial Curricular do Novo Ensino M\u00e9dio Paranaense&#8221;. Orientador, Prof. Dr. Marcelo Val\u00e9rio &#8211; Universidade Federal do Paran\u00e1, Coorientador, Prof. Dr. Dieison Prestes da Silveira, Universidade Federal da Para\u00edba, 2025.<\/p>\n<\/details>\n\n\n\n<details class=\"wp-block-details is-layout-flow wp-block-details-is-layout-flow\"><summary><strong>Doutorado<\/strong><\/summary>\n<p><\/p>\n<\/details>\n\n\n\n<p><\/p>\n","protected":false},"excerpt":{"rendered":"","protected":false},"author":63,"featured_media":0,"parent":0,"menu_order":0,"comment_status":"closed","ping_status":"closed","template":"","meta":{"footnotes":""},"class_list":["post-15","page","type-page","status-publish","hentry"],"_links":{"self":[{"href":"https:\/\/www.ce.ufpb.br\/gedeac\/wp-json\/wp\/v2\/pages\/15","targetHints":{"allow":["GET"]}}],"collection":[{"href":"https:\/\/www.ce.ufpb.br\/gedeac\/wp-json\/wp\/v2\/pages"}],"about":[{"href":"https:\/\/www.ce.ufpb.br\/gedeac\/wp-json\/wp\/v2\/types\/page"}],"author":[{"embeddable":true,"href":"https:\/\/www.ce.ufpb.br\/gedeac\/wp-json\/wp\/v2\/users\/63"}],"replies":[{"embeddable":true,"href":"https:\/\/www.ce.ufpb.br\/gedeac\/wp-json\/wp\/v2\/comments?post=15"}],"version-history":[{"count":16,"href":"https:\/\/www.ce.ufpb.br\/gedeac\/wp-json\/wp\/v2\/pages\/15\/revisions"}],"predecessor-version":[{"id":426,"href":"https:\/\/www.ce.ufpb.br\/gedeac\/wp-json\/wp\/v2\/pages\/15\/revisions\/426"}],"wp:attachment":[{"href":"https:\/\/www.ce.ufpb.br\/gedeac\/wp-json\/wp\/v2\/media?parent=15"}],"curies":[{"name":"wp","href":"https:\/\/api.w.org\/{rel}","templated":true}]}}