{"id":13,"date":"2025-03-13T13:09:32","date_gmt":"2025-03-13T13:09:32","guid":{"rendered":"https:\/\/www.ce.ufpb.br\/gedeac\/?page_id=13"},"modified":"2026-01-06T18:12:03","modified_gmt":"2026-01-06T18:12:03","slug":"lideres","status":"publish","type":"page","link":"https:\/\/www.ce.ufpb.br\/gedeac\/lideres\/","title":{"rendered":"L\u00edderes do GEDEAC\/UFPB"},"content":{"rendered":"\n<div style=\"height:66px\" aria-hidden=\"true\" class=\"wp-block-spacer\"><\/div>\n\n\n\n<div class=\"wp-block-media-text is-stacked-on-mobile\" style=\"grid-template-columns:25% auto\"><figure class=\"wp-block-media-text__media\"><img loading=\"lazy\" decoding=\"async\" width=\"959\" height=\"1024\" src=\"http:\/\/www.ce.ufpb.br\/gedeac\/wp-content\/uploads\/sites\/138\/sites\/271\/2025\/03\/Dieison-959x1024.jpg\" alt=\"\" class=\"wp-image-51 size-full\" srcset=\"https:\/\/www.ce.ufpb.br\/gedeac\/wp-content\/uploads\/sites\/138\/sites\/271\/2025\/03\/Dieison-959x1024.jpg 959w, https:\/\/www.ce.ufpb.br\/gedeac\/wp-content\/uploads\/sites\/138\/sites\/271\/2025\/03\/Dieison-281x300.jpg 281w, https:\/\/www.ce.ufpb.br\/gedeac\/wp-content\/uploads\/sites\/138\/sites\/271\/2025\/03\/Dieison-768x820.jpg 768w, https:\/\/www.ce.ufpb.br\/gedeac\/wp-content\/uploads\/sites\/138\/sites\/271\/2025\/03\/Dieison.jpg 1284w\" sizes=\"auto, (max-width: 959px) 100vw, 959px\" \/><\/figure><div class=\"wp-block-media-text__content\">\n<p><strong>Prof. Dr. Dieison Prestes da Silveira<\/strong><\/p>\n\n\n\n<p class=\"has-small-font-size\">Professor do Departamento de Metodologia da Educa\u00e7\u00e3o (DME\/CE) da Universidade Federal da Para\u00edba (UFPB). Professor Permanente do Programa de P\u00f3s-Gradua\u00e7\u00e3o em Educa\u00e7\u00e3o em Ci\u00eancias, Educa\u00e7\u00e3o Matem\u00e1tica e Tecnologias Educativas (PPGECEMTE\/UFPR). L\u00edder do GEDEAC\/UFPB. E-mail: dieisonprestes@gmail.com<\/p>\n<\/div><\/div>\n\n\n\n<div class=\"wp-block-media-text is-stacked-on-mobile\" style=\"grid-template-columns:25% auto\"><figure class=\"wp-block-media-text__media\"><img loading=\"lazy\" decoding=\"async\" width=\"432\" height=\"432\" src=\"http:\/\/www.ce.ufpb.br\/gedeac\/wp-content\/uploads\/sites\/138\/sites\/271\/2026\/01\/WhatsApp-Image-2026-01-06-at-13.34.56.jpeg\" alt=\"\" class=\"wp-image-384 size-full\" srcset=\"https:\/\/www.ce.ufpb.br\/gedeac\/wp-content\/uploads\/sites\/138\/sites\/271\/2026\/01\/WhatsApp-Image-2026-01-06-at-13.34.56.jpeg 432w, https:\/\/www.ce.ufpb.br\/gedeac\/wp-content\/uploads\/sites\/138\/sites\/271\/2026\/01\/WhatsApp-Image-2026-01-06-at-13.34.56-300x300.jpeg 300w, https:\/\/www.ce.ufpb.br\/gedeac\/wp-content\/uploads\/sites\/138\/sites\/271\/2026\/01\/WhatsApp-Image-2026-01-06-at-13.34.56-150x150.jpeg 150w\" sizes=\"auto, (max-width: 432px) 100vw, 432px\" \/><\/figure><div class=\"wp-block-media-text__content\">\n<p><strong>Prof. Dr. Mars\u00edlvio Gon\u00e7alves Pereira<\/strong><\/p>\n\n\n\n<p class=\"has-small-font-size\">Professor do Departamento de Metodologia da Educa\u00e7\u00e3o (DME\/CE) da Universidade Federal da Para\u00edba (UFPB). Vice-L\u00edder do GEDEAC\/UFPB. E-mail: marsilvioeduc@gmail.com<\/p>\n<\/div><\/div>\n\n\n\n<p><\/p>\n\n\n\n<div class=\"wp-block-group\"><div class=\"wp-block-group__inner-container is-layout-constrained wp-block-group-is-layout-constrained\"><div class=\"aligncenter wp-block-site-logo\"><a href=\"https:\/\/www.ce.ufpb.br\/gedeac\/\" class=\"custom-logo-link\" rel=\"home\"><img loading=\"lazy\" decoding=\"async\" width=\"116\" height=\"116\" src=\"https:\/\/www.ce.ufpb.br\/gedeac\/wp-content\/uploads\/sites\/138\/sites\/271\/2025\/03\/logo-em-edi\u0087aa2.png\" class=\"custom-logo\" alt=\"Grupo de Estudos e Debates em Educa\u00e7\u00e3o Ambiental Cr\u00edtica\" srcset=\"https:\/\/www.ce.ufpb.br\/gedeac\/wp-content\/uploads\/sites\/138\/sites\/271\/2025\/03\/logo-em-edi\u0087aa2.png 704w, https:\/\/www.ce.ufpb.br\/gedeac\/wp-content\/uploads\/sites\/138\/sites\/271\/2025\/03\/logo-em-edi\u0087aa2-300x300.png 300w, https:\/\/www.ce.ufpb.br\/gedeac\/wp-content\/uploads\/sites\/138\/sites\/271\/2025\/03\/logo-em-edi\u0087aa2-150x150.png 150w\" sizes=\"auto, (max-width: 116px) 100vw, 116px\" \/><\/a><\/div><\/div><\/div>\n\n\n\n<p><\/p>\n","protected":false},"excerpt":{"rendered":"<p>Prof. Dr. Dieison<\/p>\n","protected":false},"author":63,"featured_media":0,"parent":0,"menu_order":0,"comment_status":"closed","ping_status":"closed","template":"","meta":{"footnotes":""},"class_list":["post-13","page","type-page","status-publish","hentry"],"_links":{"self":[{"href":"https:\/\/www.ce.ufpb.br\/gedeac\/wp-json\/wp\/v2\/pages\/13","targetHints":{"allow":["GET"]}}],"collection":[{"href":"https:\/\/www.ce.ufpb.br\/gedeac\/wp-json\/wp\/v2\/pages"}],"about":[{"href":"https:\/\/www.ce.ufpb.br\/gedeac\/wp-json\/wp\/v2\/types\/page"}],"author":[{"embeddable":true,"href":"https:\/\/www.ce.ufpb.br\/gedeac\/wp-json\/wp\/v2\/users\/63"}],"replies":[{"embeddable":true,"href":"https:\/\/www.ce.ufpb.br\/gedeac\/wp-json\/wp\/v2\/comments?post=13"}],"version-history":[{"count":12,"href":"https:\/\/www.ce.ufpb.br\/gedeac\/wp-json\/wp\/v2\/pages\/13\/revisions"}],"predecessor-version":[{"id":385,"href":"https:\/\/www.ce.ufpb.br\/gedeac\/wp-json\/wp\/v2\/pages\/13\/revisions\/385"}],"wp:attachment":[{"href":"https:\/\/www.ce.ufpb.br\/gedeac\/wp-json\/wp\/v2\/media?parent=13"}],"curies":[{"name":"wp","href":"https:\/\/api.w.org\/{rel}","templated":true}]}}