{"id":11,"date":"2025-03-13T13:08:36","date_gmt":"2025-03-13T13:08:36","guid":{"rendered":"https:\/\/www.ce.ufpb.br\/gedeac\/?page_id=11"},"modified":"2025-04-16T21:31:11","modified_gmt":"2025-04-16T21:31:11","slug":"equipe","status":"publish","type":"page","link":"https:\/\/www.ce.ufpb.br\/gedeac\/equipe\/","title":{"rendered":"Equipe"},"content":{"rendered":"\n<p><strong>Adriele Prestes da Silveira<\/strong> &#8211; Doutoranda em Ensino de Ci\u00eancias e Matem\u00e1tica (UFN). Curr\u00edculo Lattes: <a href=\"http:\/\/lattes.cnpq.br\/1918557612352258\">http:\/\/lattes.cnpq.br\/1918557612352258<\/a><\/p>\n\n\n\n<p><strong>Alex Figueiredo Silva<\/strong> &#8211; Mestrando em Educa\u00e7\u00e3o (UFPB). Curr\u00edculo Lattes: <a href=\"http:\/\/lattes.cnpq.br\/9522509918525914\">http:\/\/lattes.cnpq.br\/9522509918525914<\/a><\/p>\n\n\n\n<p><strong>Ana Beatriz Santos de Lucena<\/strong> &#8211; Graduanda em Ci\u00eancias Biol\u00f3gicas (UFPB). Curr\u00edculo Lattes: <a href=\"http:\/\/lattes.cnpq.br\/5851184344914085\">http:\/\/lattes.cnpq.br\/5851184344914085<\/a><\/p>\n\n\n\n<p><strong>Andrielle de Oliveira Bezerra<\/strong> &#8211; Doutoranda em Educa\u00e7\u00e3o em Ci\u00eancias e em Matem\u00e1tica (UFPR). Curr\u00edculo Lattes: <a href=\"http:\/\/lattes.cnpq.br\/8799068603004408\">http:\/\/lattes.cnpq.br\/8799068603004408<\/a><\/p>\n\n\n\n<p><strong>Breno Dias Rodrigues<\/strong> &#8211; Doutorando em Educa\u00e7\u00e3o e Ci\u00eancias e Matem\u00e1ticas (UFPA). Curr\u00edculo Lattes: <a href=\"http:\/\/lattes.cnpq.br\/9346306834795665\">http:\/\/lattes.cnpq.br\/9346306834795665<\/a><\/p>\n\n\n\n<p><strong>Camila de Paiva<\/strong> &#8211; Doutoranda em Educa\u00e7\u00e3o em Ci\u00eancias e em Matem\u00e1tica (UFPR). Curr\u00edculo Lattes: <a href=\"http:\/\/lattes.cnpq.br\/5874358229206935\">http:\/\/lattes.cnpq.br\/5874358229206935<\/a><\/p>\n\n\n\n<p><strong>Cl\u00e1udia Zago Cembranel<\/strong> &#8211; Professora da Educa\u00e7\u00e3o B\u00e1sica do munc\u00edpio de J\u00falio de Castilhos, Rio Grande do Sul. Curr\u00edculo Lattes: <a href=\"http:\/\/lattes.cnpq.br\/5803537613070044\">http:\/\/lattes.cnpq.br\/5803537613070044<\/a><\/p>\n\n\n\n<p><strong>Deyse Danielle Souza da Costa<\/strong> &#8211; Doutoranda em Educa\u00e7\u00e3o em Ci\u00eancias e Matem\u00e1ticas (UFPA). Curr\u00edculo Lattes: <a href=\"http:\/\/lattes.cnpq.br\/1288399414203804\">http:\/\/lattes.cnpq.br\/1288399414203804<\/a><\/p>\n\n\n\n<p><strong>Dieison Prestes da Silveira<\/strong> &#8211; Doutor e P\u00f3s-Doutor em Educa\u00e7\u00e3o em Ci\u00eancias e em Matem\u00e1tica (UFPR). Docente do Departamento de Metodologia da Educa\u00e7\u00e3o da Universidade Federal da Para\u00edba (DME\/CE\/UFPB). Curr\u00edculo Lattes: <a href=\"http:\/\/lattes.cnpq.br\/8302478613443988\">http:\/\/lattes.cnpq.br\/8302478613443988<\/a><\/p>\n\n\n\n<p><strong>Eliane de Souza Rangel<\/strong> &#8211; Professora da Educa\u00e7\u00e3o B\u00e1sica do munic\u00edpio de Cap\u00e3o do Cip\u00f3, Rio Grande do Sul, Brasil. Curr\u00edculo Lattes: <a href=\"http:\/\/lattes.cnpq.br\/6525075564972588\">http:\/\/lattes.cnpq.br\/6525075564972588<\/a><\/p>\n\n\n\n<p><strong>Gabriel Silva Prates de Santana<\/strong> &#8211; Graduando em Ci\u00eancias Biol\u00f3gicas (UFPB). Curr\u00edculo Lattes: <a href=\"http:\/\/lattes.cnpq.br\/0454964108240690\">http:\/\/lattes.cnpq.br\/0454964108240690<\/a><\/p>\n\n\n\n<p><strong>Heriky Lucas<\/strong> &#8211; Graduando em Ci\u00eancias Biol\u00f3gicas (UFPB). Curr\u00edculo Lattes: <a href=\"http:\/\/lattes.cnpq.br\/4668958280819163\">http:\/\/lattes.cnpq.br\/4668958280819163<\/a><\/p>\n\n\n\n<p><strong>Jos\u00e9 Rafael Ara\u00fajo Gomes<\/strong> &#8211; Graduando em Ci\u00eancias Biol\u00f3gicas (UFPB). Curr\u00edculo Lattes: <a href=\"http:\/\/lattes.cnpq.br\/8491037782220634\">http:\/\/lattes.cnpq.br\/8491037782220634<\/a><\/p>\n\n\n\n<p><strong>Jos\u00e9 Victor Jacinto Figueiredo<\/strong> &#8211; Graduando em Ci\u00eancias Biol\u00f3gicas (UFPB). Curr\u00edculo Lattes: <a href=\"http:\/\/lattes.cnpq.br\/9635908044535041\">http:\/\/lattes.cnpq.br\/9635908044535041<\/a><\/p>\n\n\n\n<p><strong>kaio Ryan da Silva Pacheco<\/strong> &#8211; Graduando em Ci\u00eancias Biol\u00f3gicas (UFPB). Curr\u00edculo Lattes: <a href=\"http:\/\/lattes.cnpq.br\/8833143949113427\">http:\/\/lattes.cnpq.br\/8833143949113427<\/a><\/p>\n\n\n\n<p><strong>Lorita Aparecida Veloso Galle<\/strong> &#8211; Doutora (PUCRS) e P\u00f3s-Doutora em Educa\u00e7\u00e3o em Ci\u00eancias e em Matem\u00e1tica (UNIOESTE). Docente das Faculdade Integradas de Taquara (FACCAT). Curr\u00edculo Lattes: <a href=\"http:\/\/lattes.cnpq.br\/0159304211602691\">http:\/\/lattes.cnpq.br\/0159304211602691<\/a><\/p>\n\n\n\n<p><strong>Ludmila Cleis Silva de Souza<\/strong> &#8211; Graduanda em Ci\u00eancias Biol\u00f3gicas (UFPB). Curr\u00edculo Lattes: <a href=\"http:\/\/lattes.cnpq.br\/2569159436109589\">http:\/\/lattes.cnpq.br\/2569159436109589<\/a><\/p>\n\n\n\n<p><strong>Marcia Regina Rodrigues da Silva Zago<\/strong> &#8211; Doutora e P\u00f3s-Doutora em Educa\u00e7\u00e3o em Ci\u00eancias (UFPR). Docente da Educa\u00e7\u00e3o B\u00e1sica de Curitiba, Paran\u00e1. Curr\u00edculo Lattes: <a href=\"http:\/\/lattes.cnpq.br\/9341746331095243\">http:\/\/lattes.cnpq.br\/9341746331095243<\/a><\/p>\n\n\n\n<p><strong>Mars\u00edlvio Gon\u00e7alves Pereira<\/strong> &#8211; Doutor em Educa\u00e7\u00e3o (USP). Docente do Departamento de Metodologia da Educa\u00e7\u00e3o da Universidade Federal da Para\u00edba (DME\/CE\/UFPB). Curr\u00edculo Lattes: <a href=\"http:\/\/lattes.cnpq.br\/3134919810484542\">http:\/\/lattes.cnpq.br\/3134919810484542<\/a><\/p>\n\n\n\n<p><strong>Mateus Henrique Ferreira<\/strong> &#8211; Mestrando em Educa\u00e7\u00e3o em Ci\u00eancias e em Matem\u00e1tica (UFPR). Curr\u00edculo Lattes: <a href=\"http:\/\/lattes.cnpq.br\/5327300494288717\">http:\/\/lattes.cnpq.br\/5327300494288717<\/a><\/p>\n\n\n\n<p><strong>Mayki Jardim Sivico<\/strong> &#8211; Doutorando em Educa\u00e7\u00e3o em Ci\u00eancias e em Matem\u00e1tica (UFPR). Curr\u00edculo Lattes: <a href=\"http:\/\/lattes.cnpq.br\/5644682848666704\">http:\/\/lattes.cnpq.br\/5644682848666704<\/a><\/p>\n\n\n\n<p><strong>Wesley Sene de Oliveira<\/strong> &#8211; Graduando em Ci\u00eancias Biol\u00f3gicas  (UFDPar). Curr\u00edculo Lattes: <a href=\"http:\/\/lattes.cnpq.br\/0360972784402259\">http:\/\/lattes.cnpq.br\/0360972784402259<\/a><\/p>\n\n\n\n<blockquote class=\"wp-block-quote is-layout-flow wp-block-quote-is-layout-flow\">\n<p><\/p>\n\n\n\n<p class=\"has-text-align-center has-cyan-bluish-gray-background-color has-background\"><strong>Institui\u00e7\u00f5es envolvidas <\/strong><\/p>\n<\/blockquote>\n\n\n<div class=\"wp-block-image\">\n<figure class=\"aligncenter size-full is-resized\"><a href=\"https:\/\/www.ufpb.br\/\"><img loading=\"lazy\" decoding=\"async\" width=\"187\" height=\"269\" src=\"https:\/\/www.ce.ufpb.br\/gedeac\/wp-content\/uploads\/sites\/138\/sites\/271\/2025\/03\/UFPB-5.jpg\" alt=\"\" class=\"wp-image-93\" style=\"width:84px;height:auto\" \/><\/a><\/figure>\n<\/div>\n\n<div class=\"wp-block-image\">\n<figure class=\"aligncenter size-full is-resized\"><img loading=\"lazy\" decoding=\"async\" width=\"273\" height=\"184\" src=\"http:\/\/www.ce.ufpb.br\/gedeac\/wp-content\/uploads\/sites\/138\/sites\/271\/2025\/03\/transferir-2-2.png\" alt=\"\" class=\"wp-image-94\" style=\"width:122px;height:auto\" \/><\/figure>\n<\/div>\n\n<div class=\"wp-block-image is-style-rounded\">\n<figure class=\"aligncenter size-full is-resized\"><img loading=\"lazy\" decoding=\"async\" width=\"205\" height=\"246\" src=\"http:\/\/www.ce.ufpb.br\/gedeac\/wp-content\/uploads\/sites\/138\/sites\/271\/2025\/03\/transferir-3.png\" alt=\"\" class=\"wp-image-89\" style=\"object-fit:cover;width:113px;height:auto\" \/><\/figure>\n<\/div>\n\n<div class=\"wp-block-image\">\n<figure class=\"aligncenter size-full is-resized\"><img loading=\"lazy\" decoding=\"async\" width=\"960\" height=\"960\" src=\"http:\/\/www.ce.ufpb.br\/gedeac\/wp-content\/uploads\/sites\/138\/sites\/271\/2025\/03\/Universidade_Franciscana_logo-2.jpg\" alt=\"\" class=\"wp-image-90\" style=\"width:122px;height:auto\" srcset=\"https:\/\/www.ce.ufpb.br\/gedeac\/wp-content\/uploads\/sites\/138\/sites\/271\/2025\/03\/Universidade_Franciscana_logo-2.jpg 960w, https:\/\/www.ce.ufpb.br\/gedeac\/wp-content\/uploads\/sites\/138\/sites\/271\/2025\/03\/Universidade_Franciscana_logo-2-300x300.jpg 300w, https:\/\/www.ce.ufpb.br\/gedeac\/wp-content\/uploads\/sites\/138\/sites\/271\/2025\/03\/Universidade_Franciscana_logo-2-150x150.jpg 150w, https:\/\/www.ce.ufpb.br\/gedeac\/wp-content\/uploads\/sites\/138\/sites\/271\/2025\/03\/Universidade_Franciscana_logo-2-768x768.jpg 768w\" sizes=\"auto, (max-width: 960px) 100vw, 960px\" \/><\/figure>\n<\/div>\n\n<div class=\"wp-block-image\">\n<figure class=\"aligncenter size-full is-resized\"><img loading=\"lazy\" decoding=\"async\" width=\"244\" height=\"207\" src=\"http:\/\/www.ce.ufpb.br\/gedeac\/wp-content\/uploads\/sites\/138\/sites\/271\/2025\/03\/images-3.png\" alt=\"\" class=\"wp-image-88\" style=\"width:122px;height:auto\" \/><\/figure>\n<\/div>\n\n<div class=\"wp-block-image\">\n<figure class=\"aligncenter size-full is-resized\"><img loading=\"lazy\" decoding=\"async\" width=\"1089\" height=\"743\" src=\"https:\/\/www.ce.ufpb.br\/gedeac\/wp-content\/uploads\/sites\/138\/sites\/271\/2025\/04\/ufdpar.jpg\" alt=\"\" class=\"wp-image-171\" style=\"width:122px;height:auto\" srcset=\"https:\/\/www.ce.ufpb.br\/gedeac\/wp-content\/uploads\/sites\/138\/sites\/271\/2025\/04\/ufdpar.jpg 1089w, https:\/\/www.ce.ufpb.br\/gedeac\/wp-content\/uploads\/sites\/138\/sites\/271\/2025\/04\/ufdpar-300x205.jpg 300w, https:\/\/www.ce.ufpb.br\/gedeac\/wp-content\/uploads\/sites\/138\/sites\/271\/2025\/04\/ufdpar-1024x699.jpg 1024w, https:\/\/www.ce.ufpb.br\/gedeac\/wp-content\/uploads\/sites\/138\/sites\/271\/2025\/04\/ufdpar-768x524.jpg 768w\" sizes=\"auto, (max-width: 1089px) 100vw, 1089px\" \/><\/figure>\n<\/div>\n\n\n<p><\/p>\n","protected":false},"excerpt":{"rendered":"<p>Adriele Prestes da Silveira &#8211; Doutoranda em Ensino de Ci\u00eancias e Matem\u00e1tica (UFN). Curr\u00edculo Lattes: http:\/\/lattes.cnpq.br\/1918557612352258 Alex Figueiredo Silva &#8211; Mestrando em Educa\u00e7\u00e3o (UFPB). Curr\u00edculo Lattes: http:\/\/lattes.cnpq.br\/9522509918525914 Ana Beatriz Santos de Lucena &#8211; Graduanda em Ci\u00eancias Biol\u00f3gicas (UFPB). Curr\u00edculo Lattes: http:\/\/lattes.cnpq.br\/5851184344914085 Andrielle de Oliveira Bezerra &#8211; Doutoranda em Educa\u00e7\u00e3o em Ci\u00eancias e em Matem\u00e1tica (UFPR). [&hellip;]<\/p>\n","protected":false},"author":63,"featured_media":0,"parent":0,"menu_order":0,"comment_status":"closed","ping_status":"closed","template":"","meta":{"footnotes":""},"class_list":["post-11","page","type-page","status-publish","hentry"],"_links":{"self":[{"href":"https:\/\/www.ce.ufpb.br\/gedeac\/wp-json\/wp\/v2\/pages\/11","targetHints":{"allow":["GET"]}}],"collection":[{"href":"https:\/\/www.ce.ufpb.br\/gedeac\/wp-json\/wp\/v2\/pages"}],"about":[{"href":"https:\/\/www.ce.ufpb.br\/gedeac\/wp-json\/wp\/v2\/types\/page"}],"author":[{"embeddable":true,"href":"https:\/\/www.ce.ufpb.br\/gedeac\/wp-json\/wp\/v2\/users\/63"}],"replies":[{"embeddable":true,"href":"https:\/\/www.ce.ufpb.br\/gedeac\/wp-json\/wp\/v2\/comments?post=11"}],"version-history":[{"count":17,"href":"https:\/\/www.ce.ufpb.br\/gedeac\/wp-json\/wp\/v2\/pages\/11\/revisions"}],"predecessor-version":[{"id":189,"href":"https:\/\/www.ce.ufpb.br\/gedeac\/wp-json\/wp\/v2\/pages\/11\/revisions\/189"}],"wp:attachment":[{"href":"https:\/\/www.ce.ufpb.br\/gedeac\/wp-json\/wp\/v2\/media?parent=11"}],"curies":[{"name":"wp","href":"https:\/\/api.w.org\/{rel}","templated":true}]}}