{"id":43,"date":"2025-02-27T21:30:40","date_gmt":"2025-02-27T21:30:40","guid":{"rendered":"https:\/\/www.ce.ufpb.br\/dfe\/?page_id=43"},"modified":"2025-05-08T18:46:37","modified_gmt":"2025-05-08T18:46:37","slug":"links-uteis","status":"publish","type":"page","link":"https:\/\/www.ce.ufpb.br\/dfe\/links-uteis\/","title":{"rendered":"Links \u00fateis"},"content":{"rendered":"\n<p><a href=\"http:\/\/www.ufpb.br\">Universidade Federal da Para\u00edba<\/a><\/p>\n\n\n\n<p><a href=\"https:\/\/ce.ufpb.br\/ce\/contents\/menu\/servicos\/setor-de-apoio-pedagogico-sap\">Setor de Apoio Pedag\u00f3gico &#8211; SAP<\/a><\/p>\n\n\n\n<p><a href=\"https:\/\/www.ce.ufpb.br\">Centro de Educa\u00e7\u00e3o<\/a><\/p>\n\n\n\n<p><a href=\"https:\/\/ce.ufpb.br\/ce\/contents\/menu\/ensino-pesquisa-e-extensao\/pos-graduacao\">P\u00f3s-gradua\u00e7\u00e3o\/CE<\/a> <\/p>\n\n\n\n<p><a href=\"https:\/\/ce.ufpb.br\/ce\/contents\/menu\/ensino-pesquisa-e-extensao\/coordenacoes\">Gradua\u00e7\u00e3o\/CE<\/a><\/p>\n\n\n\n<p><a href=\"https:\/\/ce.ufpb.br\/ce\/contents\/menu\/servicos\/acom-divulgacao\">ACOM<\/a><\/p>\n\n\n\n<p><\/p>\n","protected":false},"excerpt":{"rendered":"<p>Universidade Federal da Para\u00edba Setor de Apoio Pedag\u00f3gico &#8211; SAP Centro de Educa\u00e7\u00e3o P\u00f3s-gradua\u00e7\u00e3o\/CE Gradua\u00e7\u00e3o\/CE [&hellip;]<\/p>\n","protected":false},"author":47,"featured_media":0,"parent":0,"menu_order":0,"comment_status":"closed","ping_status":"closed","template":"","meta":{"footnotes":""},"class_list":["post-43","page","type-page","status-publish","hentry"],"_links":{"self":[{"href":"https:\/\/www.ce.ufpb.br\/dfe\/wp-json\/wp\/v2\/pages\/43","targetHints":{"allow":["GET"]}}],"collection":[{"href":"https:\/\/www.ce.ufpb.br\/dfe\/wp-json\/wp\/v2\/pages"}],"about":[{"href":"https:\/\/www.ce.ufpb.br\/dfe\/wp-json\/wp\/v2\/types\/page"}],"author":[{"embeddable":true,"href":"https:\/\/www.ce.ufpb.br\/dfe\/wp-json\/wp\/v2\/users\/47"}],"replies":[{"embeddable":true,"href":"https:\/\/www.ce.ufpb.br\/dfe\/wp-json\/wp\/v2\/comments?post=43"}],"version-history":[{"count":3,"href":"https:\/\/www.ce.ufpb.br\/dfe\/wp-json\/wp\/v2\/pages\/43\/revisions"}],"predecessor-version":[{"id":97,"href":"https:\/\/www.ce.ufpb.br\/dfe\/wp-json\/wp\/v2\/pages\/43\/revisions\/97"}],"wp:attachment":[{"href":"https:\/\/www.ce.ufpb.br\/dfe\/wp-json\/wp\/v2\/media?parent=43"}],"curies":[{"name":"wp","href":"https:\/\/api.w.org\/{rel}","templated":true}]}}