{"id":36,"date":"2025-02-27T21:27:57","date_gmt":"2025-02-27T21:27:57","guid":{"rendered":"https:\/\/www.ce.ufpb.br\/dfe\/?page_id=36"},"modified":"2025-07-08T18:15:11","modified_gmt":"2025-07-08T18:15:11","slug":"area-docente","status":"publish","type":"page","link":"https:\/\/www.ce.ufpb.br\/dfe\/area-docente\/","title":{"rendered":"\u00c1rea docente"},"content":{"rendered":"\n<ul class=\"wp-block-list\">\n<li><strong><a href=\"https:\/\/docs.google.com\/forms\/d\/e\/1FAIpQLSccLcTKYxqgyx18_yodfYhGfgr2aGUYGmq8sVgIV9bIG6k7RQ\/viewform?usp=header\">Atualiza\u00e7\u00e3o de Informa\u00e7\u00f5es de Professores &#8211; DFE<\/a><\/strong><\/li>\n\n\n\n<li>Ambientes dos professores<\/li>\n\n\n\n<li><a href=\"https:\/\/www.progep.ufpb.br\/progep\/colecoes\/manual-do-servidor-1\">Manuais<\/a><\/li>\n\n\n\n<li><a href=\"https:\/\/progep.ufpb.br\/progep\/contents\/menu\/acesso-rapido\/procedimentos-sistemas\">Procedimentos Sistemas<\/a><\/li>\n\n\n\n<li>Progress\u00e3o Funcional\n<ul class=\"wp-block-list\">\n<li>Progress\u00e3o Funcional Horizontal<\/li>\n\n\n\n<li>Progress\u00e3o Funcional Vertical<\/li>\n<\/ul>\n<\/li>\n\n\n\n<li><a href=\"https:\/\/www.ce.ufpb.br\/dfe\/area-docente\/solicitacao-de-diarias\/\" data-type=\"page\" data-id=\"67\">Di\u00e1rias<\/a><\/li>\n\n\n\n<li>Afastamentos\n<ul class=\"wp-block-list\">\n<li><a href=\"https:\/\/progep.ufpb.br\/progep\/contents\/noticias\/novos-procedimentos-para-afastamento-e-licenca-para-capacitacao\/memo-circular-progep-no-102-2019-afastamentos-e-licenca-para-capacitacao-novos-procedimentos.pdf\/view\">Licen\u00e7a capacita\u00e7\u00e3o<\/a><\/li>\n\n\n\n<li><a href=\"https:\/\/progep.ufpb.br\/progep\/contents\/documentos\/manual-do-servidor\/afastamento-para-participacao-em-programa-de-pos-graduacao-stricto-sensu-docente-site.pdf\/view\">Cursar doutorado ou P\u00f3s-doutorado (no pa\u00eds ou exterior)<\/a><\/li>\n\n\n\n<li>Participar de eventos no exterior<\/li>\n\n\n\n<li>Participar de eventos em territ\u00f3rio nacional<\/li>\n<\/ul>\n<\/li>\n<\/ul>\n","protected":false},"excerpt":{"rendered":"","protected":false},"author":47,"featured_media":0,"parent":0,"menu_order":0,"comment_status":"closed","ping_status":"closed","template":"","meta":{"footnotes":""},"class_list":["post-36","page","type-page","status-publish","hentry"],"_links":{"self":[{"href":"https:\/\/www.ce.ufpb.br\/dfe\/wp-json\/wp\/v2\/pages\/36","targetHints":{"allow":["GET"]}}],"collection":[{"href":"https:\/\/www.ce.ufpb.br\/dfe\/wp-json\/wp\/v2\/pages"}],"about":[{"href":"https:\/\/www.ce.ufpb.br\/dfe\/wp-json\/wp\/v2\/types\/page"}],"author":[{"embeddable":true,"href":"https:\/\/www.ce.ufpb.br\/dfe\/wp-json\/wp\/v2\/users\/47"}],"replies":[{"embeddable":true,"href":"https:\/\/www.ce.ufpb.br\/dfe\/wp-json\/wp\/v2\/comments?post=36"}],"version-history":[{"count":7,"href":"https:\/\/www.ce.ufpb.br\/dfe\/wp-json\/wp\/v2\/pages\/36\/revisions"}],"predecessor-version":[{"id":123,"href":"https:\/\/www.ce.ufpb.br\/dfe\/wp-json\/wp\/v2\/pages\/36\/revisions\/123"}],"wp:attachment":[{"href":"https:\/\/www.ce.ufpb.br\/dfe\/wp-json\/wp\/v2\/media?parent=36"}],"curies":[{"name":"wp","href":"https:\/\/api.w.org\/{rel}","templated":true}]}}