{"id":28,"date":"2025-02-27T21:22:18","date_gmt":"2025-02-27T21:22:18","guid":{"rendered":"https:\/\/www.ce.ufpb.br\/dfe\/?page_id=28"},"modified":"2025-02-27T21:31:06","modified_gmt":"2025-02-27T21:31:06","slug":"coordenacoes-de-areas","status":"publish","type":"page","link":"https:\/\/www.ce.ufpb.br\/dfe\/apresentacao\/coordenacoes-de-areas\/","title":{"rendered":"Coordena\u00e7\u00f5es de \u00c1reas"},"content":{"rendered":"","protected":false},"excerpt":{"rendered":"","protected":false},"author":47,"featured_media":0,"parent":14,"menu_order":0,"comment_status":"closed","ping_status":"closed","template":"","meta":{"footnotes":""},"class_list":["post-28","page","type-page","status-publish","hentry"],"_links":{"self":[{"href":"https:\/\/www.ce.ufpb.br\/dfe\/wp-json\/wp\/v2\/pages\/28","targetHints":{"allow":["GET"]}}],"collection":[{"href":"https:\/\/www.ce.ufpb.br\/dfe\/wp-json\/wp\/v2\/pages"}],"about":[{"href":"https:\/\/www.ce.ufpb.br\/dfe\/wp-json\/wp\/v2\/types\/page"}],"author":[{"embeddable":true,"href":"https:\/\/www.ce.ufpb.br\/dfe\/wp-json\/wp\/v2\/users\/47"}],"replies":[{"embeddable":true,"href":"https:\/\/www.ce.ufpb.br\/dfe\/wp-json\/wp\/v2\/comments?post=28"}],"version-history":[{"count":1,"href":"https:\/\/www.ce.ufpb.br\/dfe\/wp-json\/wp\/v2\/pages\/28\/revisions"}],"predecessor-version":[{"id":29,"href":"https:\/\/www.ce.ufpb.br\/dfe\/wp-json\/wp\/v2\/pages\/28\/revisions\/29"}],"up":[{"embeddable":true,"href":"https:\/\/www.ce.ufpb.br\/dfe\/wp-json\/wp\/v2\/pages\/14"}],"wp:attachment":[{"href":"https:\/\/www.ce.ufpb.br\/dfe\/wp-json\/wp\/v2\/media?parent=28"}],"curies":[{"name":"wp","href":"https:\/\/api.w.org\/{rel}","templated":true}]}}