{"id":24,"date":"2025-02-27T21:21:57","date_gmt":"2025-02-27T21:21:57","guid":{"rendered":"https:\/\/www.ce.ufpb.br\/dfe\/?page_id=24"},"modified":"2025-08-12T18:32:33","modified_gmt":"2025-08-12T18:32:33","slug":"colegiado","status":"publish","type":"page","link":"https:\/\/www.ce.ufpb.br\/dfe\/apresentacao\/colegiado\/","title":{"rendered":"Colegiado"},"content":{"rendered":"\n<p>Composi\u00e7\u00e3o<\/p>\n\n\n\n<p><a href=\"https:\/\/sigaa.ufpb.br\/sigaa\/verProducao?idProducao=7858259&amp;key=fe458fe8cd9b5d45645efe629c5f5a09\">Calend\u00e1rio<\/a><\/p>\n\n\n\n<p>Atas<\/p>\n\n\n\n<p>Regimentos e resolu\u00e7\u00f5es<\/p>\n\n\n\n<p><\/p>\n","protected":false},"excerpt":{"rendered":"<p>Composi\u00e7\u00e3o Calend\u00e1rio Atas Regimentos e resolu\u00e7\u00f5es<\/p>\n","protected":false},"author":47,"featured_media":0,"parent":14,"menu_order":0,"comment_status":"closed","ping_status":"closed","template":"","meta":{"footnotes":""},"class_list":["post-24","page","type-page","status-publish","hentry"],"_links":{"self":[{"href":"https:\/\/www.ce.ufpb.br\/dfe\/wp-json\/wp\/v2\/pages\/24","targetHints":{"allow":["GET"]}}],"collection":[{"href":"https:\/\/www.ce.ufpb.br\/dfe\/wp-json\/wp\/v2\/pages"}],"about":[{"href":"https:\/\/www.ce.ufpb.br\/dfe\/wp-json\/wp\/v2\/types\/page"}],"author":[{"embeddable":true,"href":"https:\/\/www.ce.ufpb.br\/dfe\/wp-json\/wp\/v2\/users\/47"}],"replies":[{"embeddable":true,"href":"https:\/\/www.ce.ufpb.br\/dfe\/wp-json\/wp\/v2\/comments?post=24"}],"version-history":[{"count":5,"href":"https:\/\/www.ce.ufpb.br\/dfe\/wp-json\/wp\/v2\/pages\/24\/revisions"}],"predecessor-version":[{"id":152,"href":"https:\/\/www.ce.ufpb.br\/dfe\/wp-json\/wp\/v2\/pages\/24\/revisions\/152"}],"up":[{"embeddable":true,"href":"https:\/\/www.ce.ufpb.br\/dfe\/wp-json\/wp\/v2\/pages\/14"}],"wp:attachment":[{"href":"https:\/\/www.ce.ufpb.br\/dfe\/wp-json\/wp\/v2\/media?parent=24"}],"curies":[{"name":"wp","href":"https:\/\/api.w.org\/{rel}","templated":true}]}}