{"id":22,"date":"2025-02-27T21:21:32","date_gmt":"2025-02-27T21:21:32","guid":{"rendered":"https:\/\/www.ce.ufpb.br\/dfe\/?page_id=22"},"modified":"2025-08-12T18:11:48","modified_gmt":"2025-08-12T18:11:48","slug":"camara-departamental","status":"publish","type":"page","link":"https:\/\/www.ce.ufpb.br\/dfe\/apresentacao\/camara-departamental\/","title":{"rendered":"C\u00e2mara Departamental"},"content":{"rendered":"\n<p>Composi\u00e7\u00e3o<\/p>\n\n\n\n<p><a href=\"https:\/\/sigaa.ufpb.br\/sigaa\/verProducao?idProducao=7858141&amp;key=bc315a2dabb10a4cdfb2f4ffc288cfea\">Calend\u00e1rio<\/a><\/p>\n\n\n\n<p>Atas<\/p>\n\n\n\n<p><\/p>\n","protected":false},"excerpt":{"rendered":"<p>Composi\u00e7\u00e3o Calend\u00e1rio Atas<\/p>\n","protected":false},"author":47,"featured_media":0,"parent":14,"menu_order":0,"comment_status":"closed","ping_status":"closed","template":"","meta":{"footnotes":""},"class_list":["post-22","page","type-page","status-publish","hentry"],"_links":{"self":[{"href":"https:\/\/www.ce.ufpb.br\/dfe\/wp-json\/wp\/v2\/pages\/22","targetHints":{"allow":["GET"]}}],"collection":[{"href":"https:\/\/www.ce.ufpb.br\/dfe\/wp-json\/wp\/v2\/pages"}],"about":[{"href":"https:\/\/www.ce.ufpb.br\/dfe\/wp-json\/wp\/v2\/types\/page"}],"author":[{"embeddable":true,"href":"https:\/\/www.ce.ufpb.br\/dfe\/wp-json\/wp\/v2\/users\/47"}],"replies":[{"embeddable":true,"href":"https:\/\/www.ce.ufpb.br\/dfe\/wp-json\/wp\/v2\/comments?post=22"}],"version-history":[{"count":4,"href":"https:\/\/www.ce.ufpb.br\/dfe\/wp-json\/wp\/v2\/pages\/22\/revisions"}],"predecessor-version":[{"id":150,"href":"https:\/\/www.ce.ufpb.br\/dfe\/wp-json\/wp\/v2\/pages\/22\/revisions\/150"}],"up":[{"embeddable":true,"href":"https:\/\/www.ce.ufpb.br\/dfe\/wp-json\/wp\/v2\/pages\/14"}],"wp:attachment":[{"href":"https:\/\/www.ce.ufpb.br\/dfe\/wp-json\/wp\/v2\/media?parent=22"}],"curies":[{"name":"wp","href":"https:\/\/api.w.org\/{rel}","templated":true}]}}