{"id":14,"date":"2025-02-27T21:14:24","date_gmt":"2025-02-27T21:14:24","guid":{"rendered":"https:\/\/www.ce.ufpb.br\/dfe\/?page_id=14"},"modified":"2025-05-08T18:24:43","modified_gmt":"2025-05-08T18:24:43","slug":"apresentacao","status":"publish","type":"page","link":"https:\/\/www.ce.ufpb.br\/dfe\/apresentacao\/","title":{"rendered":"Apresenta\u00e7\u00e3o"},"content":{"rendered":"\n<p>Os fundamentos da educa\u00e7\u00e3o compreendem atividades do&nbsp;ensino-pesquisa-extens\u00e3o e administra\u00e7\u00e3o&nbsp;nas \u00e1reas de: Psicologia, Filosofia, Sociologia, Hist\u00f3ria e \u00e1reas afins. Atuamos na forma\u00e7\u00e3o de diversas licenciaturas da UFPB, ofertando componentes curriculares que procuram analisar o fen\u00f4meno educativo em di\u00e1logo com as ci\u00eancias sociais e humanas.<\/p>\n\n\n\n<p>Internamente, nos organizamos em tr\u00eas \u00e1reas:<br><strong>Fundamentos S\u00f3cio-hist\u00f3ricos da Educa\u00e7\u00e3o<\/strong> (FSHE),<br><strong>Fundamentos Antropo-filos\u00f3ficos da Educa\u00e7\u00e3o<\/strong> (FAFE)<br><strong>Fundamentos Psicol\u00f3gicos da Educa\u00e7\u00e3o<\/strong> (FPE)<\/p>\n\n\n\n<p>Somos 50 professoras e professores e nossa secretaria \u00e9 composta por dois servidores T\u00e9cnico-administrativos.<\/p>\n\n\n\n<p>Estamos no Bloco Administrativo do Centro de Educa\u00e7\u00e3o.<\/p>\n\n\n\n<p><\/p>\n","protected":false},"excerpt":{"rendered":"<p>O Departamento de Fundamenta\u00e7\u00e3o da Educa\u00e7\u00e3o (DFE) atua na forma\u00e7\u00e3o profissional de todas as licenciaturas da UFPB, atrav\u00e9s de diversos componentes curriculares que procuram analisar o fen\u00f4meno educativo em di\u00e1logo com as ci\u00eancias sociais e humanas. Internamente, \u00e9 subdividido em tr\u00eas \u00e1reas: Fundamentos S\u00f3cio hist\u00f3ricos, Fundamentos Antropofilos\u00f3ficos e Psicologia da Educa\u00e7\u00e3o.<\/p>\n","protected":false},"author":47,"featured_media":16,"parent":0,"menu_order":0,"comment_status":"closed","ping_status":"closed","template":"","meta":{"footnotes":""},"class_list":["post-14","page","type-page","status-publish","has-post-thumbnail","hentry"],"_links":{"self":[{"href":"https:\/\/www.ce.ufpb.br\/dfe\/wp-json\/wp\/v2\/pages\/14","targetHints":{"allow":["GET"]}}],"collection":[{"href":"https:\/\/www.ce.ufpb.br\/dfe\/wp-json\/wp\/v2\/pages"}],"about":[{"href":"https:\/\/www.ce.ufpb.br\/dfe\/wp-json\/wp\/v2\/types\/page"}],"author":[{"embeddable":true,"href":"https:\/\/www.ce.ufpb.br\/dfe\/wp-json\/wp\/v2\/users\/47"}],"replies":[{"embeddable":true,"href":"https:\/\/www.ce.ufpb.br\/dfe\/wp-json\/wp\/v2\/comments?post=14"}],"version-history":[{"count":8,"href":"https:\/\/www.ce.ufpb.br\/dfe\/wp-json\/wp\/v2\/pages\/14\/revisions"}],"predecessor-version":[{"id":92,"href":"https:\/\/www.ce.ufpb.br\/dfe\/wp-json\/wp\/v2\/pages\/14\/revisions\/92"}],"wp:featuredmedia":[{"embeddable":true,"href":"https:\/\/www.ce.ufpb.br\/dfe\/wp-json\/wp\/v2\/media\/16"}],"wp:attachment":[{"href":"https:\/\/www.ce.ufpb.br\/dfe\/wp-json\/wp\/v2\/media?parent=14"}],"curies":[{"name":"wp","href":"https:\/\/api.w.org\/{rel}","templated":true}]}}