{"id":36,"date":"2024-07-03T21:26:58","date_gmt":"2024-07-03T21:26:58","guid":{"rendered":"https:\/\/www.ce.ufpb.br\/bce2\/?page_id=36"},"modified":"2024-07-09T23:31:46","modified_gmt":"2024-07-09T23:31:46","slug":"documentos","status":"publish","type":"page","link":"https:\/\/www.ce.ufpb.br\/bce\/documentos\/","title":{"rendered":"Documentos"},"content":{"rendered":"\n<p><\/p>\n\n\n\n<p><a href=\"http:\/\/www.ce.ufpb.br\/bce\/wp-content\/uploads\/sites\/138\/sites\/193\/2024\/07\/resolucao_cocce_01-2019_brinquedoteca.pdf\">Regimento da Brinquedoteca do Centro de Educa\u00e7\u00e3o da UFPB<\/a><\/p>\n\n\n\n<p><a href=\"http:\/\/www.ce.ufpb.br\/bce\/wp-content\/uploads\/sites\/138\/sites\/193\/2024\/07\/Relatorio-de-Atividades-2020.pdf\">Relat\u00f3rio de Atividades da Brinquedoteca do Centro de Educa\u00e7\u00e3o (CE) &#8211;\u00a02019-2 e per\u00edodo suplementar 2019-4<\/a><\/p>\n\n\n\n<p><a href=\"http:\/\/www.ce.ufpb.br\/bce\/wp-content\/uploads\/sites\/138\/sites\/193\/2024\/07\/planejamento_coletivo-ce-ufpb-2021.pdf\">Planejamento 2021 \/ Centro de Educa\u00e7\u00e3o<\/a><\/p>\n\n\n\n<p><a href=\"http:\/\/www.ce.ufpb.br\/bce\/wp-content\/uploads\/sites\/138\/sites\/193\/2024\/07\/Relatorio-de-Atividades.pdf\">Relat\u00f3rio de Atividades da Brinquedoteca do Centro de Educa\u00e7\u00e3o (CE) &#8211; 2020.1 e 2020.2<\/a><\/p>\n","protected":false},"excerpt":{"rendered":"<p>Regimento da Brinquedoteca do Centro de Educa\u00e7\u00e3o da UFPB Relat\u00f3rio de Atividades da Brinquedoteca do Centro de Educa\u00e7\u00e3o (CE) &#8211;\u00a02019-2 e per\u00edodo suplementar 2019-4 Planejamento 2021 \/ Centro de Educa\u00e7\u00e3o Relat\u00f3rio de Atividades da Brinquedoteca do Centro de Educa\u00e7\u00e3o (CE) &#8211; 2020.1 e 2020.2<\/p>\n","protected":false},"author":47,"featured_media":0,"parent":0,"menu_order":0,"comment_status":"closed","ping_status":"closed","template":"","meta":{"footnotes":""},"class_list":["post-36","page","type-page","status-publish","hentry"],"_links":{"self":[{"href":"https:\/\/www.ce.ufpb.br\/bce\/wp-json\/wp\/v2\/pages\/36","targetHints":{"allow":["GET"]}}],"collection":[{"href":"https:\/\/www.ce.ufpb.br\/bce\/wp-json\/wp\/v2\/pages"}],"about":[{"href":"https:\/\/www.ce.ufpb.br\/bce\/wp-json\/wp\/v2\/types\/page"}],"author":[{"embeddable":true,"href":"https:\/\/www.ce.ufpb.br\/bce\/wp-json\/wp\/v2\/users\/47"}],"replies":[{"embeddable":true,"href":"https:\/\/www.ce.ufpb.br\/bce\/wp-json\/wp\/v2\/comments?post=36"}],"version-history":[{"count":5,"href":"https:\/\/www.ce.ufpb.br\/bce\/wp-json\/wp\/v2\/pages\/36\/revisions"}],"predecessor-version":[{"id":96,"href":"https:\/\/www.ce.ufpb.br\/bce\/wp-json\/wp\/v2\/pages\/36\/revisions\/96"}],"wp:attachment":[{"href":"https:\/\/www.ce.ufpb.br\/bce\/wp-json\/wp\/v2\/media?parent=36"}],"curies":[{"name":"wp","href":"https:\/\/api.w.org\/{rel}","templated":true}]}}