{"id":18,"date":"2024-07-03T21:19:31","date_gmt":"2024-07-03T21:19:31","guid":{"rendered":"https:\/\/www.ce.ufpb.br\/bce2\/?page_id=18"},"modified":"2024-07-08T13:53:13","modified_gmt":"2024-07-08T13:53:13","slug":"galeria","status":"publish","type":"page","link":"https:\/\/www.ce.ufpb.br\/bce\/galeria\/","title":{"rendered":"Galeria"},"content":{"rendered":"\n<p>Conhe\u00e7a a brinquedoteca pelas imagens de nossas a\u00e7\u00f5es<\/p>\n\n\n\n<figure class=\"wp-block-gallery has-nested-images columns-default is-cropped wp-block-gallery-1 is-layout-flex wp-block-gallery-is-layout-flex\">\n<figure class=\"wp-block-image size-large\"><img loading=\"lazy\" decoding=\"async\" width=\"768\" height=\"768\" data-id=\"28\" src=\"https:\/\/www.ce.ufpb.br\/bce2\/wp-content\/uploads\/sites\/138\/sites\/193\/2024\/07\/97f4059a-fe4d-45d7-8638-88f68bfe6033.jpeg\" alt=\"\" class=\"wp-image-28\" srcset=\"https:\/\/www.ce.ufpb.br\/bce\/wp-content\/uploads\/sites\/138\/sites\/193\/2024\/07\/97f4059a-fe4d-45d7-8638-88f68bfe6033.jpeg 768w, https:\/\/www.ce.ufpb.br\/bce\/wp-content\/uploads\/sites\/138\/sites\/193\/2024\/07\/97f4059a-fe4d-45d7-8638-88f68bfe6033-300x300.jpeg 300w, https:\/\/www.ce.ufpb.br\/bce\/wp-content\/uploads\/sites\/138\/sites\/193\/2024\/07\/97f4059a-fe4d-45d7-8638-88f68bfe6033-150x150.jpeg 150w\" sizes=\"auto, (max-width: 768px) 100vw, 768px\" \/><\/figure>\n<\/figure>\n","protected":false},"excerpt":{"rendered":"<p>Conhe\u00e7a a brinquedoteca pelas imagens de nossas a\u00e7\u00f5es<\/p>\n","protected":false},"author":47,"featured_media":0,"parent":0,"menu_order":0,"comment_status":"closed","ping_status":"closed","template":"","meta":{"footnotes":""},"class_list":["post-18","page","type-page","status-publish","hentry"],"_links":{"self":[{"href":"https:\/\/www.ce.ufpb.br\/bce\/wp-json\/wp\/v2\/pages\/18","targetHints":{"allow":["GET"]}}],"collection":[{"href":"https:\/\/www.ce.ufpb.br\/bce\/wp-json\/wp\/v2\/pages"}],"about":[{"href":"https:\/\/www.ce.ufpb.br\/bce\/wp-json\/wp\/v2\/types\/page"}],"author":[{"embeddable":true,"href":"https:\/\/www.ce.ufpb.br\/bce\/wp-json\/wp\/v2\/users\/47"}],"replies":[{"embeddable":true,"href":"https:\/\/www.ce.ufpb.br\/bce\/wp-json\/wp\/v2\/comments?post=18"}],"version-history":[{"count":2,"href":"https:\/\/www.ce.ufpb.br\/bce\/wp-json\/wp\/v2\/pages\/18\/revisions"}],"predecessor-version":[{"id":71,"href":"https:\/\/www.ce.ufpb.br\/bce\/wp-json\/wp\/v2\/pages\/18\/revisions\/71"}],"wp:attachment":[{"href":"https:\/\/www.ce.ufpb.br\/bce\/wp-json\/wp\/v2\/media?parent=18"}],"curies":[{"name":"wp","href":"https:\/\/api.w.org\/{rel}","templated":true}]}}