{"id":14,"date":"2024-07-03T21:15:00","date_gmt":"2024-07-03T21:15:00","guid":{"rendered":"https:\/\/www.ce.ufpb.br\/bce2\/?page_id=14"},"modified":"2024-11-28T11:38:53","modified_gmt":"2024-11-28T11:38:53","slug":"sobre-nos","status":"publish","type":"page","link":"https:\/\/www.ce.ufpb.br\/bce\/sobre-nos\/","title":{"rendered":"Sobre n\u00f3s"},"content":{"rendered":"\n<h2 class=\"wp-block-heading\">Breve hist\u00f3rico<\/h2>\n\n\n\n<ol class=\"wp-block-list\">\n<li>2003 \u2013 Prof.\u00aa Christina Maria Brazil de Paiva do N\u00facleo de Educa\u00e7\u00e3o Especial (NEDESP);<\/li>\n\n\n\n<li>Prof.\u00aa Vera L\u00facia de Brito Barbosa (NEDESP);<\/li>\n\n\n\n<li>Brinquedoteca \u00e9 transferida para o Centro de Educa\u00e7\u00e3o;<\/li>\n\n\n\n<li>At\u00e9 2013 &#8211; Prof.\u00ba Elydio dos Santos Neto, o primeiro coordenador da Brinquedoteca do Centro de Educa\u00e7\u00e3o;<\/li>\n\n\n\n<li>2013 \u2013 Santuza M\u00f4nica de Fran\u00e7a Pereira da Fonseca;<\/li>\n\n\n\n<li>Junho de 2019 &#8211; Resolu\u00e7\u00e3o 01\/2019 (COCCE\/UFPB, 2019);<\/li>\n\n\n\n<li>Outubro de 2019 \u2013 Assumem a gest\u00e3o da brinquedoteca: Alba Cleide Calado Wanderley e Maria Teresa Barros Falc\u00e3o Coelho.<\/li>\n\n\n\n<li>Outubro de 2021 &#8211; Assumem a gest\u00e3o da brinquedoteca: Alba Cleide Calado Wanderley e\u00a0Karen Guedes Oliveira.<\/li>\n\n\n\n<li>Fevereiro de 2024 &#8211; Assumem a gest\u00e3o da brinquedoteca: Karen Guedes Oliveira e Aurora Camboim Lopes de Andrade Lula<\/li>\n<\/ol>\n\n\n\n<h2 class=\"wp-block-heading\">O que \u00e9?<\/h2>\n\n\n\n<p>Segundo a&nbsp;<a href=\"http:\/\/plone.ufpb.br\/bce\/contents\/documentos\/resolucao_cocce_01-2019_brinquedoteca.pdf\">Resolu\u00e7\u00e3o 01\/2019&nbsp;<\/a>&#8211;&nbsp;&nbsp;\u00e9 um \u201claborat\u00f3rio dos cursos de Pedagogia do Centro de Educa\u00e7\u00e3o, vinculado \u00e0 Dire\u00e7\u00e3o do Centro, e consiste na possibilidade de um trabalho interdisciplinar que considera o jogo, o brinquedo e a brincadeira como elementos possibilitadores de apropria\u00e7\u00e3o e ressignifica\u00e7\u00e3o dos contextos vividos pelas crian\u00e7as, proporcionando momentos l\u00fadicos de constru\u00e7\u00e3o de novos conhecimentos aos graduandos e \u00e0s crian\u00e7as atendidas\u201d<\/p>\n\n\n\n<h2 class=\"wp-block-heading\">Quem somos<\/h2>\n\n\n\n<p>Coordenadoras: Profa. Dra. Karen Guedes Oliveira e Profa. Dra. Aurora Camboim Lopes de Andrade Lula e estagi\u00e1rias para o turno da manh\u00e3, tarde e noite.<\/p>\n\n\n\n<p>Grupo de pesquisadores, alunos, professores, t\u00e9cnicos-administrativos e volunt\u00e1rios atuam na brinquedoteca do CE por meio de&nbsp;<a href=\"http:\/\/plone.ufpb.br\/bce\/contents\/menu\/projetos-de-extensao\">projetos de extens\u00e3o<\/a>.&nbsp;<\/p>\n","protected":false},"excerpt":{"rendered":"<p>A brinquedoteca \u00e9 laborat\u00f3rio dos cursos de Pedagogia e consiste na possibilidade de um trabalho interdisciplinar que considera o jogo, o brinquedo e a brincadeira como elementos possibilitadores de apropria\u00e7\u00e3o e ressignifica\u00e7\u00e3o dos contextos vividos pelas crian\u00e7as, proporcionando momentos l\u00fadicos de constru\u00e7\u00e3o de novos conhecimentos aos graduandos e \u00e0s crian\u00e7as atendidas<\/p>\n","protected":false},"author":47,"featured_media":77,"parent":0,"menu_order":0,"comment_status":"closed","ping_status":"closed","template":"","meta":{"footnotes":""},"class_list":["post-14","page","type-page","status-publish","has-post-thumbnail","hentry"],"_links":{"self":[{"href":"https:\/\/www.ce.ufpb.br\/bce\/wp-json\/wp\/v2\/pages\/14","targetHints":{"allow":["GET"]}}],"collection":[{"href":"https:\/\/www.ce.ufpb.br\/bce\/wp-json\/wp\/v2\/pages"}],"about":[{"href":"https:\/\/www.ce.ufpb.br\/bce\/wp-json\/wp\/v2\/types\/page"}],"author":[{"embeddable":true,"href":"https:\/\/www.ce.ufpb.br\/bce\/wp-json\/wp\/v2\/users\/47"}],"replies":[{"embeddable":true,"href":"https:\/\/www.ce.ufpb.br\/bce\/wp-json\/wp\/v2\/comments?post=14"}],"version-history":[{"count":3,"href":"https:\/\/www.ce.ufpb.br\/bce\/wp-json\/wp\/v2\/pages\/14\/revisions"}],"predecessor-version":[{"id":122,"href":"https:\/\/www.ce.ufpb.br\/bce\/wp-json\/wp\/v2\/pages\/14\/revisions\/122"}],"wp:featuredmedia":[{"embeddable":true,"href":"https:\/\/www.ce.ufpb.br\/bce\/wp-json\/wp\/v2\/media\/77"}],"wp:attachment":[{"href":"https:\/\/www.ce.ufpb.br\/bce\/wp-json\/wp\/v2\/media?parent=14"}],"curies":[{"name":"wp","href":"https:\/\/api.w.org\/{rel}","templated":true}]}}